{"id":1624,"date":"2020-08-31T13:27:19","date_gmt":"2020-08-31T11:27:19","guid":{"rendered":"https:\/\/orthopaede-drschuh.at\/?page_id=1624"},"modified":"2026-01-30T11:34:12","modified_gmt":"2026-01-30T10:34:12","slug":"fuss","status":"publish","type":"page","link":"https:\/\/orthopaede-drschuh.at\/en\/fuss\/","title":{"rendered":"Leistungsspektrum von Orthop\u00e4de Dr. Schuh"},"content":{"rendered":"<div data-elementor-type=\"wp-page\" data-elementor-id=\"1624\" data-post-id=\"1624\" data-obj-id=\"1624\" class=\"elementor elementor-1624 dce-elementor-post-1624\" data-elementor-post-type=\"page\">\n\t\t\t\t\t\t<section class=\"elementor-section elementor-top-section elementor-element elementor-element-5881ec2 elementor-section-boxed elementor-section-height-default elementor-section-height-default\" data-id=\"5881ec2\" data-element_type=\"section\" data-e-type=\"section\">\n\t\t\t\t\t\t<div class=\"elementor-container elementor-column-gap-default\">\n\t\t\t\t\t<div class=\"elementor-column elementor-col-100 elementor-top-column elementor-element elementor-element-f477651\" data-id=\"f477651\" data-element_type=\"column\" data-e-type=\"column\">\n\t\t\t<div class=\"elementor-widget-wrap elementor-element-populated\">\n\t\t\t\t\t\t<div class=\"elementor-element elementor-element-a489b9e elementor-widget elementor-widget-text-editor\" data-id=\"a489b9e\" data-element_type=\"widget\" data-e-type=\"widget\" data-widget_type=\"text-editor.default\">\n\t\t\t\t<div class=\"elementor-widget-container\">\n\t\t\t\t\t\t\t\t\t<p class=\"p1\">Die orthop\u00e4dische Therapie umfasst operative, regenerative Methoden, sowie die Schmerztherapie. Mein <strong>Spezialgebiet<\/strong> als Orthop\u00e4de ist das <a href=\"https:\/\/orthopaede-drschuh.at\/en\/fuss\/gelenk\/\">Fu\u00df- und Sprunggelenk, <\/a>eine Region, die aufgrund ihrer Komplexit\u00e4t besondere Expertise erfordert.<\/p><p class=\"p1\">Seit Jahren widme ich meine Arbeit und <a href=\"https:\/\/orthopaede-drschuh.at\/en\/news\/publikationen\/\">Forschungst\u00e4tigkeit <\/a>dieser anspruchsvollen Struktur des Bewegungsapparates. <br \/>Sollten Sie an Fu\u00dfschmerzen leiden, sind Sie bei mir in besten H\u00e4nden. Selbstverst\u00e4ndlich decke ich in meiner Ordination das <strong>gesamte Spektrum der Orthop\u00e4die<\/strong> ab und behandle neben dem Fu\u00df- und Sprunggelenk s\u00e4mtliche Beschwerden des Bewegungsapparates.<\/p>\t\t\t\t\t\t\t\t<\/div>\n\t\t\t\t<\/div>\n\t\t\t\t\t<\/div>\n\t\t<\/div>\n\t\t\t\t\t<\/div>\n\t\t<\/section>\n\t\t\t\t<section class=\"elementor-section elementor-top-section elementor-element elementor-element-78572e9 elementor-section-full_width elementor-section-height-default elementor-section-height-default\" data-id=\"78572e9\" data-element_type=\"section\" data-e-type=\"section\">\n\t\t\t\t\t\t<div class=\"elementor-container elementor-column-gap-default\">\n\t\t\t\t\t<div class=\"elementor-column elementor-col-100 elementor-top-column elementor-element elementor-element-b07d17c\" data-id=\"b07d17c\" data-element_type=\"column\" data-e-type=\"column\">\n\t\t\t<div class=\"elementor-widget-wrap elementor-element-populated\">\n\t\t\t\t\t\t<div class=\"elementor-element elementor-element-8b84c24 elementor-widget elementor-widget-heading\" data-id=\"8b84c24\" data-element_type=\"widget\" data-e-type=\"widget\" data-widget_type=\"heading.default\">\n\t\t\t\t<div class=\"elementor-widget-container\">\n\t\t\t\t\t<h2 class=\"elementor-heading-title elementor-size-default\">Therapie&shy;methoden<\/h2>\t\t\t\t<\/div>\n\t\t\t\t<\/div>\n\t\t\t\t<div class=\"elementor-element elementor-element-2c0e3b6 elementor-widget elementor-widget-spacer\" data-id=\"2c0e3b6\" data-element_type=\"widget\" data-e-type=\"widget\" data-widget_type=\"spacer.default\">\n\t\t\t\t<div class=\"elementor-widget-container\">\n\t\t\t\t\t\t\t<div class=\"elementor-spacer\">\n\t\t\t<div class=\"elementor-spacer-inner\"><\/div>\n\t\t<\/div>\n\t\t\t\t\t\t<\/div>\n\t\t\t\t<\/div>\n\t\t\t\t<section class=\"elementor-section elementor-inner-section elementor-element elementor-element-22237ab elementor-section-boxed elementor-section-height-default elementor-section-height-default\" data-id=\"22237ab\" data-element_type=\"section\" data-e-type=\"section\">\n\t\t\t\t\t\t<div class=\"elementor-container elementor-column-gap-default\">\n\t\t\t\t\t<div class=\"elementor-column elementor-col-50 elementor-inner-column elementor-element elementor-element-e87e528\" data-id=\"e87e528\" data-element_type=\"column\" data-e-type=\"column\">\n\t\t\t<div class=\"elementor-widget-wrap elementor-element-populated\">\n\t\t\t\t\t\t<div class=\"elementor-element elementor-element-f931f0f elementor-view-default elementor-widget elementor-widget-icon\" data-id=\"f931f0f\" data-element_type=\"widget\" data-e-type=\"widget\" data-widget_type=\"icon.default\">\n\t\t\t\t<div class=\"elementor-widget-container\">\n\t\t\t\t\t\t\t<div class=\"elementor-icon-wrapper\">\n\t\t\t<div class=\"elementor-icon\">\n\t\t\t<i aria-hidden=\"true\" class=\"fas fa-gem\"><\/i>\t\t\t<\/div>\n\t\t<\/div>\n\t\t\t\t\t\t<\/div>\n\t\t\t\t<\/div>\n\t\t\t\t\t<\/div>\n\t\t<\/div>\n\t\t\t\t<div class=\"elementor-column elementor-col-50 elementor-inner-column elementor-element elementor-element-1aecf21\" data-id=\"1aecf21\" data-element_type=\"column\" data-e-type=\"column\">\n\t\t\t<div class=\"elementor-widget-wrap elementor-element-populated\">\n\t\t\t\t\t\t<div class=\"elementor-element elementor-element-9253a29 elementor-widget elementor-widget-heading\" data-id=\"9253a29\" data-element_type=\"widget\" data-e-type=\"widget\" data-widget_type=\"heading.default\">\n\t\t\t\t<div class=\"elementor-widget-container\">\n\t\t\t\t\t<h3 class=\"elementor-heading-title elementor-size-default\">Operative Therapie<\/h3>\t\t\t\t<\/div>\n\t\t\t\t<\/div>\n\t\t\t\t<div class=\"elementor-element elementor-element-cb035e7 elementor-widget elementor-widget-text-editor\" data-id=\"cb035e7\" data-element_type=\"widget\" data-e-type=\"widget\" data-widget_type=\"text-editor.default\">\n\t\t\t\t<div class=\"elementor-widget-container\">\n\t\t\t\t\t\t\t\t\t<p class=\"p1\">Als erfahrener orthop\u00e4discher Chirurg habe ich \u00fcber 3000 <a href=\"https:\/\/orthopaede-drschuh.at\/en\/operation\/\">operations<\/a> durchgef\u00fchrt und verf\u00fcge \u00fcber umfassende Erfahrung in der Behandlung komplexer Fu\u00df- und Sprunggelenkserkrankungen. Dabei setze ich auf pr\u00e4zise, schonende Techniken, die eine rasche Regeneration erm\u00f6glichen.\u00a0<br \/>Spezialisiert habe ich mich auf Operationen am Fu\u00df- und Sprunggelenk.<br \/>Ein besonderer Schwerpunkt liegt auf Eingriffen am Vorfu\u00df, darunter die von mir entwickelte <a href=\"https:\/\/orthopaede-drschuh.at\/en\/hallufast\/\">Hallufast\u2122-Methode<\/a> zur Behandlung des Hallux valgus. Diese innovative Operationstechnik ist darauf ausgerichtet, Schmerzen zu reduzieren und die Erholungszeit deutlich zu verk\u00fcrzen.<\/p>\t\t\t\t\t\t\t\t<\/div>\n\t\t\t\t<\/div>\n\t\t\t\t\t<\/div>\n\t\t<\/div>\n\t\t\t\t\t<\/div>\n\t\t<\/section>\n\t\t\t\t<section class=\"elementor-section elementor-inner-section elementor-element elementor-element-d9829cb elementor-section-boxed elementor-section-height-default elementor-section-height-default\" data-id=\"d9829cb\" data-element_type=\"section\" data-e-type=\"section\">\n\t\t\t\t\t\t<div class=\"elementor-container elementor-column-gap-default\">\n\t\t\t\t\t<div class=\"elementor-column elementor-col-50 elementor-inner-column elementor-element elementor-element-0b1b583\" data-id=\"0b1b583\" data-element_type=\"column\" data-e-type=\"column\">\n\t\t\t<div class=\"elementor-widget-wrap elementor-element-populated\">\n\t\t\t\t\t\t<div class=\"elementor-element elementor-element-8c4f1c0 elementor-view-default elementor-widget elementor-widget-icon\" data-id=\"8c4f1c0\" data-element_type=\"widget\" data-e-type=\"widget\" data-widget_type=\"icon.default\">\n\t\t\t\t<div class=\"elementor-widget-container\">\n\t\t\t\t\t\t\t<div class=\"elementor-icon-wrapper\">\n\t\t\t<div class=\"elementor-icon\">\n\t\t\t<i aria-hidden=\"true\" class=\"fas fa-dna\"><\/i>\t\t\t<\/div>\n\t\t<\/div>\n\t\t\t\t\t\t<\/div>\n\t\t\t\t<\/div>\n\t\t\t\t\t<\/div>\n\t\t<\/div>\n\t\t\t\t<div class=\"elementor-column elementor-col-50 elementor-inner-column elementor-element elementor-element-89d277f\" data-id=\"89d277f\" data-element_type=\"column\" data-e-type=\"column\">\n\t\t\t<div class=\"elementor-widget-wrap elementor-element-populated\">\n\t\t\t\t\t\t<div class=\"elementor-element elementor-element-fe588d4 elementor-widget elementor-widget-heading\" data-id=\"fe588d4\" data-element_type=\"widget\" data-e-type=\"widget\" data-widget_type=\"heading.default\">\n\t\t\t\t<div class=\"elementor-widget-container\">\n\t\t\t\t\t<h3 class=\"elementor-heading-title elementor-size-default\">Regenerative Therapie<\/h3>\t\t\t\t<\/div>\n\t\t\t\t<\/div>\n\t\t\t\t<div class=\"elementor-element elementor-element-72a11aa elementor-widget elementor-widget-text-editor\" data-id=\"72a11aa\" data-element_type=\"widget\" data-e-type=\"widget\" data-widget_type=\"text-editor.default\">\n\t\t\t\t<div class=\"elementor-widget-container\">\n\t\t\t\t\t\t\t\t\t<p>Zur regenerativen Therapie, die in meiner Ordination zur Einsatz kommen, z\u00e4hlen die Eigenbluttherapie (PRP Therapie, plated rich plasma therapy) und die <a href=\"https:\/\/orthopaede-drschuh.at\/en\/fuss\/arthrose\/stammzellentherapie\/\">Stem cell therapy<\/a>. Regenerative Therapien kommen beispielsweise bei <a href=\"https:\/\/orthopaede-drschuh.at\/en\/fuss\/arthrose\/\">Arthrosis<\/a>, chronischen Sehnenverletzungen, <a href=\"https:\/\/orthopaede-drschuh.at\/en\/fuss\/gelenk\/knorpel\/\">cartilage damage<\/a>, Tennisellbogen, L\u00e4uferknie u.v.m. zum Einsatz. Diese Therapiem\u00f6glichkeiten k\u00f6nnen einerseits eine Operation verhindern bzw. andererseits portoperativ die Regeneration positiv beeinflussen.<\/p>\t\t\t\t\t\t\t\t<\/div>\n\t\t\t\t<\/div>\n\t\t\t\t\t<\/div>\n\t\t<\/div>\n\t\t\t\t\t<\/div>\n\t\t<\/section>\n\t\t\t\t<section class=\"elementor-section elementor-inner-section elementor-element elementor-element-416cbf3 elementor-section-boxed elementor-section-height-default elementor-section-height-default\" data-id=\"416cbf3\" data-element_type=\"section\" data-e-type=\"section\">\n\t\t\t\t\t\t<div class=\"elementor-container elementor-column-gap-default\">\n\t\t\t\t\t<div class=\"elementor-column elementor-col-50 elementor-inner-column elementor-element elementor-element-df9ce69\" data-id=\"df9ce69\" data-element_type=\"column\" data-e-type=\"column\">\n\t\t\t<div class=\"elementor-widget-wrap elementor-element-populated\">\n\t\t\t\t\t\t<div class=\"elementor-element elementor-element-153c7ab elementor-view-default elementor-widget elementor-widget-icon\" data-id=\"153c7ab\" data-element_type=\"widget\" data-e-type=\"widget\" data-widget_type=\"icon.default\">\n\t\t\t\t<div class=\"elementor-widget-container\">\n\t\t\t\t\t\t\t<div class=\"elementor-icon-wrapper\">\n\t\t\t<div class=\"elementor-icon\">\n\t\t\t<i aria-hidden=\"true\" class=\"fas fa-podcast\"><\/i>\t\t\t<\/div>\n\t\t<\/div>\n\t\t\t\t\t\t<\/div>\n\t\t\t\t<\/div>\n\t\t\t\t\t<\/div>\n\t\t<\/div>\n\t\t\t\t<div class=\"elementor-column elementor-col-50 elementor-inner-column elementor-element elementor-element-91df0f6\" data-id=\"91df0f6\" data-element_type=\"column\" data-e-type=\"column\">\n\t\t\t<div class=\"elementor-widget-wrap elementor-element-populated\">\n\t\t\t\t\t\t<div class=\"elementor-element elementor-element-e1bf4e2 elementor-widget elementor-widget-heading\" data-id=\"e1bf4e2\" data-element_type=\"widget\" data-e-type=\"widget\" data-widget_type=\"heading.default\">\n\t\t\t\t<div class=\"elementor-widget-container\">\n\t\t\t\t\t<h3 class=\"elementor-heading-title elementor-size-default\">Schmerz&shy;therapie<\/h3>\t\t\t\t<\/div>\n\t\t\t\t<\/div>\n\t\t\t\t<div class=\"elementor-element elementor-element-dd6da74 elementor-widget elementor-widget-text-editor\" data-id=\"dd6da74\" data-element_type=\"widget\" data-e-type=\"widget\" data-widget_type=\"text-editor.default\">\n\t\t\t\t<div class=\"elementor-widget-container\">\n\t\t\t\t\t\t\t\t\t<p>Zur regenerativen Therapie, die in meiner Ordination zur Einsatz kommen, z\u00e4hlen die Eigenbluttherapie (PRP Therapie, plated rich plasma therapy) und die <a href=\"https:\/\/orthopaede-drschuh.at\/en\/fuss\/arthrose\/stammzellentherapie\/\">Stem cell therapy<\/a>. Regenerative Therapien kommen beispielsweise bei <a href=\"https:\/\/orthopaede-drschuh.at\/en\/fuss\/arthrose\/\">Arthrosis<\/a>, chronischen Sehnenverletzungen, <a href=\"https:\/\/orthopaede-drschuh.at\/en\/fuss\/gelenk\/knorpel\/\">cartilage damage<\/a>, Tennisellbogen, L\u00e4uferknie u.v.m. zum Einsatz. Diese Therapiem\u00f6glichkeiten k\u00f6nnen einerseits eine Operation verhindern bzw. andererseits portoperativ die Regeneration positiv beeinflussen.<\/p>\t\t\t\t\t\t\t\t<\/div>\n\t\t\t\t<\/div>\n\t\t\t\t\t<\/div>\n\t\t<\/div>\n\t\t\t\t\t<\/div>\n\t\t<\/section>\n\t\t\t\t<div class=\"elementor-element elementor-element-8804594 elementor-widget elementor-widget-text-editor\" data-id=\"8804594\" data-element_type=\"widget\" data-e-type=\"widget\" data-widget_type=\"text-editor.default\">\n\t\t\t\t<div class=\"elementor-widget-container\">\n\t\t\t\t\t\t\t\t\t<p><a href=\"https:\/\/orthopaede-drschuh.at\/en\/kontakt\/\">Kontaktieren Sie mich<\/a> und ich berate Sie, welche Therapiem\u00f6glichkeiten f\u00fcr Ihre Beschwerden sinnvoll sind.\u00a0<\/p>\t\t\t\t\t\t\t\t<\/div>\n\t\t\t\t<\/div>\n\t\t\t\t\t<\/div>\n\t\t<\/div>\n\t\t\t\t\t<\/div>\n\t\t<\/section>\n\t\t\t\t<section class=\"elementor-section elementor-top-section elementor-element elementor-element-4caa0cf elementor-section-full_width elementor-section-height-default elementor-section-height-default\" data-id=\"4caa0cf\" data-element_type=\"section\" data-e-type=\"section\">\n\t\t\t\t\t\t<div class=\"elementor-container elementor-column-gap-default\">\n\t\t\t\t\t<div class=\"elementor-column elementor-col-100 elementor-top-column elementor-element elementor-element-0ae11ef\" data-id=\"0ae11ef\" data-element_type=\"column\" data-e-type=\"column\">\n\t\t\t<div class=\"elementor-widget-wrap elementor-element-populated\">\n\t\t\t\t\t\t<div class=\"elementor-element elementor-element-e596349 elementor-widget elementor-widget-template\" data-id=\"e596349\" data-element_type=\"widget\" data-e-type=\"widget\" data-widget_type=\"template.default\">\n\t\t\t\t<div class=\"elementor-widget-container\">\n\t\t\t\t\t\t\t<div class=\"elementor-template\">\n\t\t\t\t\t<div data-elementor-type=\"section\" data-elementor-id=\"1938\" data-post-id=\"1624\" data-obj-id=\"1624\" class=\"elementor elementor-1938 dce-elementor-post-1624\" data-elementor-post-type=\"elementor_library\">\n\t\t\t\t\t<section data-dce-background-overlay-color=\"rgba(255, 255, 255, 0)\" data-dce-background-image-url=\"https:\/\/orthopaede-drschuh.at\/wp-content\/uploads\/2020\/02\/Dr_Schuh-1.jpg\" class=\"elementor-section elementor-top-section elementor-element elementor-element-d1c36e3 elementor-section-boxed elementor-section-height-default elementor-section-height-default\" data-id=\"d1c36e3\" data-element_type=\"section\" data-e-type=\"section\" data-settings=\"{&quot;background_background&quot;:&quot;classic&quot;}\">\n\t\t\t\t\t\t\t<div class=\"elementor-background-overlay\"><\/div>\n\t\t\t\t\t\t\t<div class=\"elementor-container elementor-column-gap-default\">\n\t\t\t\t\t<div class=\"elementor-column elementor-col-100 elementor-top-column elementor-element elementor-element-5616372\" data-id=\"5616372\" data-element_type=\"column\" data-e-type=\"column\">\n\t\t\t<div class=\"elementor-widget-wrap elementor-element-populated\">\n\t\t\t\t\t\t<div class=\"elementor-element elementor-element-632cf08 elementor-view-stacked elementor-position-inline-start elementor-shape-circle elementor-mobile-position-block-start elementor-widget elementor-widget-icon-box\" data-id=\"632cf08\" data-element_type=\"widget\" data-e-type=\"widget\" data-widget_type=\"icon-box.default\">\n\t\t\t\t<div class=\"elementor-widget-container\">\n\t\t\t\t\t\t\t<div class=\"elementor-icon-box-wrapper\">\n\n\t\t\t\t\t\t<div class=\"elementor-icon-box-icon\">\n\t\t\t\t<a href=\"https:\/\/orthopaede-drschuh.at\/en\/kontakt\/\" class=\"elementor-icon elementor-animation-grow\" tabindex=\"-1\" aria-label=\"Arrange a Meeting\">\n\t\t\t\t<i aria-hidden=\"true\" class=\"fas fa-phone\"><\/i>\t\t\t\t<\/a>\n\t\t\t<\/div>\n\t\t\t\n\t\t\t\t\t\t<div class=\"elementor-icon-box-content\">\n\n\t\t\t\t\t\t\t\t\t<h3 class=\"elementor-icon-box-title\">\n\t\t\t\t\t\t<a href=\"https:\/\/orthopaede-drschuh.at\/en\/kontakt\/\" >\n\t\t\t\t\t\t\tArrange a Meeting\t\t\t\t\t\t<\/a>\n\t\t\t\t\t<\/h3>\n\t\t\t\t\n\t\t\t\t\t\t\t\t\t<p class=\"elementor-icon-box-description\">\n\t\t\t\t\t\tPlease make an appointment! \t\t\t\t\t<\/p>\n\t\t\t\t\n\t\t\t<\/div>\n\t\t\t\n\t\t<\/div>\n\t\t\t\t\t\t<\/div>\n\t\t\t\t<\/div>\n\t\t\t\t\t<\/div>\n\t\t<\/div>\n\t\t\t\t\t<\/div>\n\t\t<\/section>\n\t\t\t\t<\/div>\n\t\t\t\t<\/div>\n\t\t\t\t\t\t<\/div>\n\t\t\t\t<\/div>\n\t\t\t\t\t<\/div>\n\t\t<\/div>\n\t\t\t\t\t<\/div>\n\t\t<\/section>\n\t\t\t\t<\/div>","protected":false},"excerpt":{"rendered":"<p>Die orthop\u00e4dische Therapie umfasst operative, regenerative Methoden, sowie die Schmerztherapie. Mein Spezialgebiet als Orthop\u00e4de ist das Fu\u00df- und Sprunggelenk, eine Region, die aufgrund ihrer Komplexit\u00e4t besondere Expertise erfordert. Seit Jahren widme ich meine Arbeit und Forschungst\u00e4tigkeit dieser anspruchsvollen Struktur des Bewegungsapparates. Sollten Sie an Fu\u00dfschmerzen leiden, sind Sie bei mir in besten H\u00e4nden. Selbstverst\u00e4ndlich decke [&hellip;]<\/p>\n","protected":false},"author":1,"featured_media":124,"parent":0,"menu_order":0,"comment_status":"closed","ping_status":"closed","template":"","meta":{"_acf_changed":false,"footnotes":""},"class_list":["post-1624","page","type-page","status-publish","has-post-thumbnail","hentry"],"acf":[],"_links":{"self":[{"href":"https:\/\/orthopaede-drschuh.at\/en\/wp-json\/wp\/v2\/pages\/1624","targetHints":{"allow":["GET"]}}],"collection":[{"href":"https:\/\/orthopaede-drschuh.at\/en\/wp-json\/wp\/v2\/pages"}],"about":[{"href":"https:\/\/orthopaede-drschuh.at\/en\/wp-json\/wp\/v2\/types\/page"}],"author":[{"embeddable":true,"href":"https:\/\/orthopaede-drschuh.at\/en\/wp-json\/wp\/v2\/users\/1"}],"replies":[{"embeddable":true,"href":"https:\/\/orthopaede-drschuh.at\/en\/wp-json\/wp\/v2\/comments?post=1624"}],"version-history":[{"count":3,"href":"https:\/\/orthopaede-drschuh.at\/en\/wp-json\/wp\/v2\/pages\/1624\/revisions"}],"predecessor-version":[{"id":4204,"href":"https:\/\/orthopaede-drschuh.at\/en\/wp-json\/wp\/v2\/pages\/1624\/revisions\/4204"}],"wp:featuredmedia":[{"embeddable":true,"href":"https:\/\/orthopaede-drschuh.at\/en\/wp-json\/wp\/v2\/media\/124"}],"wp:attachment":[{"href":"https:\/\/orthopaede-drschuh.at\/en\/wp-json\/wp\/v2\/media?parent=1624"}],"curies":[{"name":"wp","href":"https:\/\/api.w.org\/{rel}","templated":true}]}}