{"id":3,"date":"2020-01-07T15:19:19","date_gmt":"2020-01-07T14:19:19","guid":{"rendered":"https:\/\/orthopaede-drschuh.at.w005c694.kasserver.com\/?page_id=3"},"modified":"2022-04-19T17:47:57","modified_gmt":"2022-04-19T15:47:57","slug":"datenschutzerklaerung","status":"publish","type":"page","link":"https:\/\/orthopaede-drschuh.at\/en\/datenschutzerklaerung\/","title":{"rendered":"Privacy Policy"},"content":{"rendered":"<p>Der Schutz Ihrer pers\u00f6nlichen Daten ist uns ein besonderes Anliegen. Wir verarbeiten Ihre Daten daher ausschlie\u00dflich auf Grundlage der gesetzlichen Bestimmungen (DSGVO, TKG 2003). In diesen Datenschutzinformationen informieren wir Sie \u00fcber die wichtigsten Aspekte der Datenverarbeitung im Rahmen unserer Website.<br \/>\n<strong>Kontakt mit uns:<br \/><\/strong>Wenn Sie per Formular auf der Website oder per E-Mail-Kontakt mit uns aufnehmen, werden Ihre angegebenen Daten zwecks Bearbeitung der Anfrage und f\u00fcr den Fall von Anschlussfragen sechs Monate bei uns gespeichert. Diese Daten geben wir nicht ohne Ihre Einwilligung weiter.<\/p>\n<p id=\"block-ad4fade7-8589-48c4-a136-d2c2277fc88a\" class=\"block-editor-rich-text__editable block-editor-block-list__block wp-block is-multi-selected wp-block-paragraph rich-text\" tabindex=\"0\" role=\"document\" aria-multiline=\"true\" aria-label=\"Absatz-Block\" data-block=\"ad4fade7-8589-48c4-a136-d2c2277fc88a\" data-type=\"core\/paragraph\" data-title=\"Absatz\" data-empty=\"false\"><strong>Cookies<br data-rich-text-line-break=\"true\" \/><\/strong>Unsere Website verwendet so genannte Cookies. Dabei handelt es sich um kleine Textdateien, die mit Hilfe des Browsers auf Ihrem Endger\u00e4t abgelegt werden. Sie richten keinen Schaden an.<\/p>\n<p id=\"block-d875fa3f-f651-4872-a24d-87563e5d42ae\" class=\"block-editor-rich-text__editable block-editor-block-list__block wp-block is-multi-selected wp-block-paragraph rich-text\" tabindex=\"0\" role=\"document\" aria-multiline=\"true\" aria-label=\"Absatz-Block\" data-block=\"d875fa3f-f651-4872-a24d-87563e5d42ae\" data-type=\"core\/paragraph\" data-title=\"Absatz\" data-empty=\"false\">Wir nutzen Cookies dazu, unser Angebot nutzerfreundlich zu gestalten. Einige Cookies bleiben auf Ihrem Endger\u00e4t gespeichert, bis Sie diese l\u00f6schen. Sie erm\u00f6glichen es uns, Ihren Browser beim n\u00e4chsten Besuch wiederzuerkennen.<\/p>\n<p id=\"block-4e07de87-a74c-4421-af71-53d4ff8df5ff\" class=\"block-editor-rich-text__editable block-editor-block-list__block wp-block is-multi-selected wp-block-paragraph rich-text\" tabindex=\"0\" role=\"document\" aria-multiline=\"true\" aria-label=\"Absatz-Block\" data-block=\"4e07de87-a74c-4421-af71-53d4ff8df5ff\" data-type=\"core\/paragraph\" data-title=\"Absatz\" data-empty=\"false\">Wenn Sie dies nicht w\u00fcnschen, so k\u00f6nnen Sie Ihren Browser so einrichten, dass er Sie \u00fcber das Setzen von Cookies informiert und Sie dies nur im Einzelfall erlauben.\u00a0Bei der Deaktivierung von Cookies kann die Funktionalit\u00e4t unserer Website eingeschr\u00e4nkt sein.<\/p>\n<p id=\"block-afdd0a1b-9e67-4b08-b7b1-bd6b710a084f\" class=\"block-editor-rich-text__editable block-editor-block-list__block wp-block is-multi-selected wp-block-paragraph rich-text\" tabindex=\"0\" role=\"document\" aria-multiline=\"true\" aria-label=\"Absatz-Block\" data-block=\"afdd0a1b-9e67-4b08-b7b1-bd6b710a084f\" data-type=\"core\/paragraph\" data-title=\"Absatz\" data-empty=\"false\"><br data-rich-text-line-break=\"true\" \/><strong>Web-Analyse<\/strong><br data-rich-text-line-break=\"true\" \/><br data-rich-text-line-break=\"true\" \/>Unsere Website verwendet Google Analytics, einen Webanalysedienst von Google Inc., 1600 Amphitheatre Parkway, Mountain View, CA 94043, USA. Zur Deaktivierung von Google Analytiscs stellt Google unter http:\/\/tools.google.com\/dlpage\/gaoptout?hl=de ein Browser-Plug-In zur Verf\u00fcgung. Google Analytics verwendet Cookies. Das sind kleine Textdateien, die es m\u00f6glich machen, auf dem Endger\u00e4t des Nutzers spezifische, auf den Nutzer bezogene Informationen zu speichern. Diese erm\u00f6glichen eine Analyse der Nutzung unseres Websiteangebotes durch Google. Die durch den Cookie erfassten Informationen \u00fcber die Nutzung unserer Seiten (einschlie\u00dflich Ihrer IP-Adresse) werden in der Regel an einen Server von Google in den USA \u00fcbertragen und dort gespeichert. Wir weisen darauf hin, dass auf dieser Website Google Analytics um den Code \u201ega(\u2019set\u2018, \u201aanonymizeIp\u2018, true);\u201c erweitert wurde, um eine anonymisierte Erfassung von IP-Adressen (sog. IP-Masking) zu gew\u00e4hrleisten. Ist die Anonymisierung aktiv, k\u00fcrzt Google IP-Adressen innerhalb von Mitgliedstaaten der Europ\u00e4ischen Union oder in anderen Vertragsstaaten des Abkommens \u00fcber den Europ\u00e4ischen Wirtschaftsraum, weswegen keine R\u00fcckschl\u00fcsse auf Ihre Identit\u00e4t m\u00f6glich sind. Nur in Ausnahmef\u00e4llen wird die volle IP-Adresse an einen Server von Google in den USA \u00fcbertragen und dort gek\u00fcrzt. Google beachtet die Datenschutzbestimmungen des \u201ePrivacy Shield\u201c-Abkommens und ist beim \u201ePrivacy Shield\u201c-Programm des US-Handelsministeriums registriert und nutzt die gesammelten Informationen, um die Nutzung unserer Websites auszuwerten, Berichte f\u00fcr uns diesbez\u00fcglich zu verfassen und andere diesbez\u00fcgliche Dienstleistungen an uns zu erbringen. Mehr erfahren Sie unter<a href=\"http:\/\/www.google.com\/intl\/de\/analytics\/privacyoverview.html\" rel=\"nofollow noopener\" target=\"_blank\">\u00a0http:\/\/www.google.com\/intl\/de\/analytics\/privacyoverview.html<\/a>.<\/p>\n<p id=\"block-45cc0a8f-79de-4f6b-b746-0490326c3110\" class=\"block-editor-rich-text__editable block-editor-block-list__block wp-block is-multi-selected wp-block-paragraph rich-text\" tabindex=\"0\" role=\"document\" aria-multiline=\"true\" aria-label=\"Absatz-Block\" data-block=\"45cc0a8f-79de-4f6b-b746-0490326c3110\" data-type=\"core\/paragraph\" data-title=\"Absatz\" data-empty=\"false\">Ihre IP-Adresse wird erfasst, aber umgehend (z.B. durch L\u00f6schung der letzten 8 Bit) pseudonymisiert. Dadurch ist nur mehr eine grobe Lokalisierung m\u00f6glich.<\/p>\n<p id=\"block-2335e315-2c36-4903-9adc-1208d3a88fb3\" class=\"block-editor-rich-text__editable block-editor-block-list__block wp-block is-multi-selected wp-block-paragraph rich-text\" tabindex=\"0\" role=\"document\" aria-multiline=\"true\" aria-label=\"Absatz-Block\" data-block=\"2335e315-2c36-4903-9adc-1208d3a88fb3\" data-type=\"core\/paragraph\" data-title=\"Absatz\" data-empty=\"false\"><strong>Newsletter<br data-rich-text-line-break=\"true\" \/><\/strong>Sie haben die M\u00f6glichkeit, \u00fcber unsere Website unseren Newsletter zu abonnieren. Hierf\u00fcr ben\u00f6tigen wir Ihre E-Mail-Adresse und ihre Erkl\u00e4rung, dass Sie mit dem Bezug des Newsletters einverstanden sind. Um Sie zielgerichtet mit Informationen wie zum Beispiel mit unserer Brosch\u00fcre \u201eOrientierung in dynamischen Zeiten\u201c etc. zu versorgen, erheben und verarbeiten wir au\u00dferdem freiwillig gemachte Angaben zu Firma, Stra\u00dfe, Anschrift.<\/p>\n<p id=\"block-7b134805-920a-4044-8f27-c99308876af5\" class=\"block-editor-rich-text__editable block-editor-block-list__block wp-block is-multi-selected wp-block-paragraph rich-text\" tabindex=\"0\" role=\"document\" aria-multiline=\"true\" aria-label=\"Absatz-Block\" data-block=\"7b134805-920a-4044-8f27-c99308876af5\" data-type=\"core\/paragraph\" data-title=\"Absatz\" data-empty=\"false\">Sobald Sie sich f\u00fcr den Newsletter angemeldet haben, senden wir Ihnen ein Best\u00e4tigungs-E-Mail mit einem Link zur Best\u00e4tigung der Anmeldung.<br data-rich-text-line-break=\"true\" \/><br data-rich-text-line-break=\"true\" \/><strong>Onlinepr\u00e4senzen in sozialen Medien<\/strong><\/p>\n<p class=\"block-editor-rich-text__editable block-editor-block-list__block wp-block is-multi-selected wp-block-paragraph rich-text\" tabindex=\"0\" role=\"document\" aria-multiline=\"true\" aria-label=\"Absatz-Block\" data-block=\"7b134805-920a-4044-8f27-c99308876af5\" data-type=\"core\/paragraph\" data-title=\"Absatz\" data-empty=\"false\">Wir unterhalten Onlinepr\u00e4senzen innerhalb sozialer Netzwerke und Plattformen, um mit den dort aktiven Kunden, Interessenten und Nutzern kommunizieren und sie dort \u00fcber unsere Leistungen informieren zu k\u00f6nnen. Beim Aufruf der jeweiligen Netzwerke und Plattformen gelten die Gesch\u00e4ftsbedingungen und die Datenverarbeitungsrichtlinien deren jeweiligen Betreiber.Soweit nicht anders im Rahmen unserer Datenschutzerkl\u00e4rung angegeben, verarbeiten wir die Daten der Nutzer sofern diese mit uns innerhalb der sozialen Netzwerke und Plattformen kommunizieren, z.B. Beitr\u00e4ge auf unseren Onlinepr\u00e4senzen verfassen oder uns Nachrichten zusenden.<\/p>\n<p id=\"block-4711b6df-164a-4164-9c45-1e6dffb7ef07\" class=\"block-editor-rich-text__editable block-editor-block-list__block wp-block is-multi-selected wp-block-paragraph rich-text\" tabindex=\"0\" role=\"document\" aria-multiline=\"true\" aria-label=\"Absatz-Block\" data-block=\"4711b6df-164a-4164-9c45-1e6dffb7ef07\" data-type=\"core\/paragraph\" data-title=\"Absatz\" data-empty=\"false\"><strong>Ihre Rechte<br data-rich-text-line-break=\"true\" \/><\/strong>Ihnen stehen grunds\u00e4tzlich die Rechte auf Auskunft, Berichtigung, L\u00f6schung, Einschr\u00e4nkung, Daten\u00fcbertragbarkeit, Widerruf und Widerspruch zu. Wenn Sie glauben, dass die Verarbeitung Ihrer Daten gegen das Datenschutzrecht verst\u00f6\u00dft oder Ihre datenschutzrechtlichen Anspr\u00fcche sonst in einer Weise verletzt worden sind, k\u00f6nnen Sie sich bei der Aufsichtsbeh\u00f6rde beschweren. In \u00d6sterreich ist dies die Datenschutzbeh\u00f6rde.<\/p>","protected":false},"excerpt":{"rendered":"<p>Der Schutz Ihrer pers\u00f6nlichen Daten ist uns ein besonderes Anliegen. Wir verarbeiten Ihre Daten daher ausschlie\u00dflich auf Grundlage der gesetzlichen Bestimmungen (DSGVO, TKG 2003). In diesen Datenschutzinformationen informieren wir Sie \u00fcber die wichtigsten Aspekte der Datenverarbeitung im Rahmen unserer Website. Kontakt mit uns:Wenn Sie per Formular auf der Website oder per E-Mail-Kontakt mit uns aufnehmen, [&hellip;]<\/p>\n","protected":false},"author":1,"featured_media":0,"parent":0,"menu_order":0,"comment_status":"closed","ping_status":"closed","template":"","meta":{"_acf_changed":false,"footnotes":""},"class_list":["post-3","page","type-page","status-publish","hentry"],"acf":[],"_links":{"self":[{"href":"https:\/\/orthopaede-drschuh.at\/en\/wp-json\/wp\/v2\/pages\/3","targetHints":{"allow":["GET"]}}],"collection":[{"href":"https:\/\/orthopaede-drschuh.at\/en\/wp-json\/wp\/v2\/pages"}],"about":[{"href":"https:\/\/orthopaede-drschuh.at\/en\/wp-json\/wp\/v2\/types\/page"}],"author":[{"embeddable":true,"href":"https:\/\/orthopaede-drschuh.at\/en\/wp-json\/wp\/v2\/users\/1"}],"replies":[{"embeddable":true,"href":"https:\/\/orthopaede-drschuh.at\/en\/wp-json\/wp\/v2\/comments?post=3"}],"version-history":[{"count":0,"href":"https:\/\/orthopaede-drschuh.at\/en\/wp-json\/wp\/v2\/pages\/3\/revisions"}],"wp:attachment":[{"href":"https:\/\/orthopaede-drschuh.at\/en\/wp-json\/wp\/v2\/media?parent=3"}],"curies":[{"name":"wp","href":"https:\/\/api.w.org\/{rel}","templated":true}]}}