{"id":42,"date":"2020-02-17T11:00:10","date_gmt":"2020-02-17T10:00:10","guid":{"rendered":"https:\/\/orthopaede-drschuh.at.w005c694.kasserver.com\/?page_id=42"},"modified":"2026-03-16T06:33:16","modified_gmt":"2026-03-16T05:33:16","slug":"fuss","status":"publish","type":"page","link":"https:\/\/orthopaede-drschuh.at\/en\/fuss\/fuss\/","title":{"rendered":"Fu\u00dfschmerzen"},"content":{"rendered":"<div data-elementor-type=\"wp-page\" data-elementor-id=\"42\" data-post-id=\"42\" data-obj-id=\"42\" class=\"elementor elementor-42 dce-elementor-post-42\" data-elementor-post-type=\"page\">\n\t\t\t\t\t\t<section class=\"elementor-section elementor-top-section elementor-element elementor-element-b396644 elementor-section-boxed elementor-section-height-default elementor-section-height-default\" data-id=\"b396644\" data-element_type=\"section\" data-e-type=\"section\">\n\t\t\t\t\t\t<div class=\"elementor-container elementor-column-gap-default\">\n\t\t\t\t\t<div class=\"elementor-column elementor-col-100 elementor-top-column elementor-element elementor-element-496bccc\" data-id=\"496bccc\" data-element_type=\"column\" data-e-type=\"column\">\n\t\t\t<div class=\"elementor-widget-wrap elementor-element-populated\">\n\t\t\t\t\t\t<div class=\"elementor-element elementor-element-fdf0bdc elementor-widget elementor-widget-text-editor\" data-id=\"fdf0bdc\" data-element_type=\"widget\" data-e-type=\"widget\" data-widget_type=\"text-editor.default\">\n\t\t\t\t<div class=\"elementor-widget-container\">\n\t\t\t\t\t\t\t\t\t<p class=\"p1\">Fu\u00dfschmerzen sind weit mehr als ein Mobilit\u00e4tshindernis, sie dienen oft als wichtiges Warnsignal f\u00fcr tieferliegende Fehlstellungen oder chronische \u00dcberlastungsreaktionen.<span style=\"font-weight: 400;\">\u00a0<\/span>Unsere F\u00fc\u00dfe sind beeindruckend komplex konstruiert. So bestehen Sie aus fast 30 Knochen, beinahe 30 Gelenken, 60 Muskeln und \u00fcber 200 Sehnen. Gesunde F\u00fc\u00dfe sind wichtig, damit wir schmerzfrei unseren Weg durchs Leben gehen k\u00f6nnen. Unsere F\u00fc\u00dfe st\u00fctzen uns, sie sorgen f\u00fcr Gleichgewicht und unser Vorw\u00e4rtskommen.<\/p><p>Wenn Sie an Fu\u00dfschmerzen leiden, kann das verschiedenste Ursachen haben. Die F\u00fc\u00dfe tragen tagt\u00e4glich unser gesamtes K\u00f6rpergewicht und sind daher besonders anf\u00e4llig f\u00fcr \u00dcberlastungen.<\/p><p>\u00a0Auch andere Ursachen wie <a href=\"https:\/\/orthopaede-drschuh.at\/en\/fuss\/gelenk\/fehlstellung\/\"><strong>Fu\u00df Fehlstellungen<\/strong><\/a><strong>, tendon or <\/strong><a href=\"https:\/\/orthopaede-drschuh.at\/en\/fuss\/gelenk\/band\/\"><strong>Bandverletzungen am Fu\u00df<\/strong><\/a> and \u00a0<a href=\"\/en\/Arthrose\/\"><strong>Arthrosis<\/strong><\/a> k\u00f6nnen Fu\u00dfschmerzen ausl\u00f6sen. Ein B\u00e4nderriss am Kn\u00f6chel z\u00e4hlt dabei zu den h\u00e4ufigen Verletzungen, die akute Schmerzen und langfristige Einschr\u00e4nkungen verursachen k\u00f6nnen.<\/p>\t\t\t\t\t\t\t\t<\/div>\n\t\t\t\t<\/div>\n\t\t\t\t\t<\/div>\n\t\t<\/div>\n\t\t\t\t\t<\/div>\n\t\t<\/section>\n\t\t\t\t<section class=\"elementor-section elementor-top-section elementor-element elementor-element-58f47f3 elementor-section-full_width elementor-section-height-default elementor-section-height-default\" data-id=\"58f47f3\" data-element_type=\"section\" data-e-type=\"section\">\n\t\t\t\t\t\t<div class=\"elementor-container elementor-column-gap-default\">\n\t\t\t\t\t<div class=\"elementor-column elementor-col-50 elementor-top-column elementor-element elementor-element-45449d3\" data-id=\"45449d3\" data-element_type=\"column\" data-e-type=\"column\">\n\t\t\t<div class=\"elementor-widget-wrap elementor-element-populated\">\n\t\t\t\t\t\t<div class=\"elementor-element elementor-element-cea3bc3 elementor-widget elementor-widget-heading\" data-id=\"cea3bc3\" data-element_type=\"widget\" data-e-type=\"widget\" data-widget_type=\"heading.default\">\n\t\t\t\t<div class=\"elementor-widget-container\">\n\t\t\t\t\t<h2 class=\"elementor-heading-title elementor-size-default\">Beratung und Behandlung bei Fu\u00dfschmerzen von Dr. Schuh, Fu\u00dfspezialist in Wien<\/h2>\t\t\t\t<\/div>\n\t\t\t\t<\/div>\n\t\t\t\t<div class=\"elementor-element elementor-element-32c45d6 elementor-widget elementor-widget-text-editor\" data-id=\"32c45d6\" data-element_type=\"widget\" data-e-type=\"widget\" data-widget_type=\"text-editor.default\">\n\t\t\t\t<div class=\"elementor-widget-container\">\n\t\t\t\t\t\t\t\t\t<p>Als Spezialist f\u00fcr <a href=\"https:\/\/orthopaede-drschuh.at\/en\/fuss\/gelenk\/\">foot and ankle<\/a> und orthop\u00e4discher Chirurg berate ich Sie gerne ausf\u00fchrlich zu Ihren Fu\u00dfschmerzen in Wien. In meiner <a href=\"https:\/\/orthopaede-drschuh.at\/en\/ueber-mich\/ordination\/\">Private Practice<\/a> in 1190 Wien nehme ich mir Zeit f\u00fcr eine gr\u00fcndliche Untersuchung, um die optimale Behandlung Ihrer Schmerzen am Fu\u00df zu planen.<\/p><p><span style=\"font-weight: 400;\">Als Fu\u00dfspezialist und erfahrener Orthop\u00e4de in Wien lege ich besonderen Wert darauf, gemeinsam mit Ihnen eine langfristige L\u00f6sung zu finden, um Ihre Fu\u00dfgesundheit nachhaltig zu verbessern.<\/span><\/p><p><span style=\"font-weight: 400;\">Viele Menschen betreffen Fu\u00dfschmerzen in Wien und ben\u00f6tigen eine pr\u00e4zise und fachkundige Behandlung durch einen Fu\u00dfspezialisten.<\/span> It is important to me to develop <strong>an individual treatment concept<\/strong> zu entwickeln, das Ihren Bed\u00fcrfnissen gerecht wird und Ihre Fu\u00dfschmerzen so rasch wie m\u00f6glich lindert. Die Therapie von Verletzungen, \u00dcberlastungen, Fehlstellung und Abn\u00fctzung im Bereich von <a href=\"https:\/\/orthopaede-drschuh.at\/en\/fuss\/gelenk\/\">foot and ankle<\/a> stellt mein Spezialgebiet dar. Auch Verletzungen wie einen B\u00e4nderriss (etwa ein B\u00e4nderriss am Kn\u00f6chel) werden von mir als Orthop\u00e4de in Wien abgekl\u00e4rt und nach aktuellen medizinischen Standards behandelt.\u00a0<\/p><p>Durch meine Forschungst\u00e4tigkeit finden modernste und gut evaluierte Methoden zur Behandlung von Fu\u00dfschmerzen Anwendung. Auch minimal invasive Operationstechniken kommen zum Einsatz.<\/p><p><span style=\"font-weight: 400;\">Sollten Sie nach einer fehlgeschlagenen Voroperation weiterhin an Fu\u00dfschmerzen leiden, stehe ich Ihnen als erfahrener Orthop\u00e4de in Wien gerne f\u00fcr eine umfassende Beratung zur Verf\u00fcgung. <\/span>Gerade bei komplexen Fu\u00dffehlstellungen oder einem B\u00e4nderriss am Kn\u00f6chel ist eine pr\u00e4zise Einsch\u00e4tzung entscheidend, um die richtige weitere Therapie einzuleiten. Als Fu\u00dfspezialist in Wien behandle ich Fu\u00dfschmerzen nach aktuellen orthop\u00e4dischen Standards und entwickle individuelle Therapiekonzepte, um Ihre Beschwerden gezielt und nachhaltig zu verbessern.<\/p>\t\t\t\t\t\t\t\t<\/div>\n\t\t\t\t<\/div>\n\t\t\t\t\t<\/div>\n\t\t<\/div>\n\t\t\t\t<div data-dce-background-image-url=\"https:\/\/orthopaede-drschuh.at\/wp-content\/uploads\/2020\/02\/Dr_Schuh-11.jpg\" class=\"elementor-column elementor-col-50 elementor-top-column elementor-element elementor-element-1207309\" data-id=\"1207309\" data-element_type=\"column\" data-e-type=\"column\" data-settings=\"{&quot;background_background&quot;:&quot;classic&quot;}\">\n\t\t\t<div class=\"elementor-widget-wrap elementor-element-populated\">\n\t\t\t\t\t\t<div class=\"elementor-element elementor-element-19e99b8 elementor-widget elementor-widget-spacer\" data-id=\"19e99b8\" data-element_type=\"widget\" data-e-type=\"widget\" data-widget_type=\"spacer.default\">\n\t\t\t\t<div class=\"elementor-widget-container\">\n\t\t\t\t\t\t\t<div class=\"elementor-spacer\">\n\t\t\t<div class=\"elementor-spacer-inner\"><\/div>\n\t\t<\/div>\n\t\t\t\t\t\t<\/div>\n\t\t\t\t<\/div>\n\t\t\t\t\t<\/div>\n\t\t<\/div>\n\t\t\t\t\t<\/div>\n\t\t<\/section>\n\t\t\t\t<section class=\"elementor-section elementor-top-section elementor-element elementor-element-9733811 elementor-section-full_width elementor-section-height-default elementor-section-height-default\" data-id=\"9733811\" data-element_type=\"section\" data-e-type=\"section\">\n\t\t\t\t\t\t<div class=\"elementor-container elementor-column-gap-default\">\n\t\t\t\t\t<div class=\"elementor-column elementor-col-100 elementor-top-column elementor-element elementor-element-50743a1\" data-id=\"50743a1\" data-element_type=\"column\" data-e-type=\"column\">\n\t\t\t<div class=\"elementor-widget-wrap elementor-element-populated\">\n\t\t\t\t\t\t<div class=\"elementor-element elementor-element-33636f1 elementor-widget elementor-widget-template\" data-id=\"33636f1\" data-element_type=\"widget\" data-e-type=\"widget\" data-widget_type=\"template.default\">\n\t\t\t\t<div class=\"elementor-widget-container\">\n\t\t\t\t\t\t\t<div class=\"elementor-template\">\n\t\t\t\t\t<div data-elementor-type=\"section\" data-elementor-id=\"1938\" data-post-id=\"42\" data-obj-id=\"42\" class=\"elementor elementor-1938 dce-elementor-post-42\" data-elementor-post-type=\"elementor_library\">\n\t\t\t\t\t<section data-dce-background-overlay-color=\"rgba(255, 255, 255, 0)\" data-dce-background-image-url=\"https:\/\/orthopaede-drschuh.at\/wp-content\/uploads\/2020\/02\/Dr_Schuh-1.jpg\" class=\"elementor-section elementor-top-section elementor-element elementor-element-d1c36e3 elementor-section-boxed elementor-section-height-default elementor-section-height-default\" data-id=\"d1c36e3\" data-element_type=\"section\" data-e-type=\"section\" data-settings=\"{&quot;background_background&quot;:&quot;classic&quot;}\">\n\t\t\t\t\t\t\t<div class=\"elementor-background-overlay\"><\/div>\n\t\t\t\t\t\t\t<div class=\"elementor-container elementor-column-gap-default\">\n\t\t\t\t\t<div class=\"elementor-column elementor-col-100 elementor-top-column elementor-element elementor-element-5616372\" data-id=\"5616372\" data-element_type=\"column\" data-e-type=\"column\">\n\t\t\t<div class=\"elementor-widget-wrap elementor-element-populated\">\n\t\t\t\t\t\t<div class=\"elementor-element elementor-element-632cf08 elementor-view-stacked elementor-position-inline-start elementor-shape-circle elementor-mobile-position-block-start elementor-widget elementor-widget-icon-box\" data-id=\"632cf08\" data-element_type=\"widget\" data-e-type=\"widget\" data-widget_type=\"icon-box.default\">\n\t\t\t\t<div class=\"elementor-widget-container\">\n\t\t\t\t\t\t\t<div class=\"elementor-icon-box-wrapper\">\n\n\t\t\t\t\t\t<div class=\"elementor-icon-box-icon\">\n\t\t\t\t<a href=\"https:\/\/orthopaede-drschuh.at\/en\/kontakt\/\" class=\"elementor-icon elementor-animation-grow\" tabindex=\"-1\" aria-label=\"Arrange a Meeting\">\n\t\t\t\t<i aria-hidden=\"true\" class=\"fas fa-phone\"><\/i>\t\t\t\t<\/a>\n\t\t\t<\/div>\n\t\t\t\n\t\t\t\t\t\t<div class=\"elementor-icon-box-content\">\n\n\t\t\t\t\t\t\t\t\t<h3 class=\"elementor-icon-box-title\">\n\t\t\t\t\t\t<a href=\"https:\/\/orthopaede-drschuh.at\/en\/kontakt\/\" >\n\t\t\t\t\t\t\tArrange a Meeting\t\t\t\t\t\t<\/a>\n\t\t\t\t\t<\/h3>\n\t\t\t\t\n\t\t\t\t\t\t\t\t\t<p class=\"elementor-icon-box-description\">\n\t\t\t\t\t\tPlease make an appointment! \t\t\t\t\t<\/p>\n\t\t\t\t\n\t\t\t<\/div>\n\t\t\t\n\t\t<\/div>\n\t\t\t\t\t\t<\/div>\n\t\t\t\t<\/div>\n\t\t\t\t\t<\/div>\n\t\t<\/div>\n\t\t\t\t\t<\/div>\n\t\t<\/section>\n\t\t\t\t<\/div>\n\t\t\t\t<\/div>\n\t\t\t\t\t\t<\/div>\n\t\t\t\t<\/div>\n\t\t\t\t\t<\/div>\n\t\t<\/div>\n\t\t\t\t\t<\/div>\n\t\t<\/section>\n\t\t\t\t<section class=\"elementor-section elementor-top-section elementor-element elementor-element-a2cdbba elementor-section-full_width elementor-section-height-default elementor-section-height-default\" data-id=\"a2cdbba\" data-element_type=\"section\" data-e-type=\"section\">\n\t\t\t\t\t\t<div class=\"elementor-container elementor-column-gap-default\">\n\t\t\t\t\t<div class=\"elementor-column elementor-col-100 elementor-top-column elementor-element elementor-element-1003afc\" data-id=\"1003afc\" data-element_type=\"column\" data-e-type=\"column\">\n\t\t\t<div class=\"elementor-widget-wrap elementor-element-populated\">\n\t\t\t\t\t\t<div class=\"elementor-element elementor-element-cb846e8 elementor-flip-box--effect-fade elementor-widget__width-initial elementor-widget-tablet__width-initial elementor-absolute elementor-hidden-tablet elementor-hidden-phone elementor-widget elementor-widget-flip-box\" data-id=\"cb846e8\" data-element_type=\"widget\" data-e-type=\"widget\" data-settings=\"{&quot;_position&quot;:&quot;absolute&quot;}\" data-widget_type=\"flip-box.default\">\n\t\t\t\t<div class=\"elementor-widget-container\">\n\t\t\t\t\t\t\t<div class=\"elementor-flip-box\" tabindex=\"0\">\n\t\t\t<div class=\"elementor-flip-box__layer elementor-flip-box__front\">\n\t\t\t\t<div class=\"elementor-flip-box__layer__overlay\">\n\t\t\t\t\t<div class=\"elementor-flip-box__layer__inner\">\n\t\t\t\t\t\t\n\t\t\t\t\t\t\t\t\t\t\t\t\t<h3 class=\"elementor-flip-box__layer__title\">\n\t\t\t\t\t\t\t\tAnkle joint\t\t\t\t\t\t\t<\/h3>\n\t\t\t\t\t\t\n\t\t\t\t\t\t\t\t\t\t\t<\/div>\n\t\t\t\t<\/div>\n\t\t\t<\/div>\n\t\t\t<div class=\"elementor-flip-box__layer elementor-flip-box__back\">\n\t\t\t<div class=\"elementor-flip-box__layer__overlay\">\n\t\t\t\t<div class=\"elementor-flip-box__layer__inner\">\n\t\t\t\t\t\t\t\t\t\t\t<h3 class=\"elementor-flip-box__layer__title\">\n\t\t\t\t\t\t\tAnkle joint\t\t\t\t\t\t<\/h3>\n\t\t\t\t\t\n\t\t\t\t\t\t\t\t\t\t\t<div class=\"elementor-flip-box__layer__description\">\n\t\t\t\t\t\t\t<ul>\n \t<li><a href=\"https:\/\/orthopaede-drschuh.at\/en\/fuss\/gelenk\/instabilit%C3%A4t\/\">Ankle instability<\/a><\/li>\n \t<li><a href=\"https:\/\/orthopaede-drschuh.at\/en\/fuss\/gelenk\/fehlstellung\/\">Ankle misalignments<\/a><\/li>\n \t<li><a href=\"https:\/\/orthopaede-drschuh.at\/en\/fuss\/gelenk\/band\/\">Ligament injury to the ankle<\/a><\/li>\n \t<li><a href=\"https:\/\/orthopaede-drschuh.at\/en\/fuss\/gelenk\/achillessehne\/\">Achilles tendon<\/a><\/li>\n \t<li><a href=\"https:\/\/orthopaede-drschuh.at\/en\/fuss\/gelenk\/knorpel\/\">Cartilage damage to the ankle<\/a><\/li>\n \t<li><a href=\"https:\/\/orthopaede-drschuh.at\/en\/fuss\/arthrose\/\">osteoarthritis of the foot<\/a><\/li>\n \t<li><a href=\"https:\/\/orthopaede-drschuh.at\/en\/fuss\/rheuma\/\">rheumatism and arthritis of the foot and ankle<\/a><\/li>\n<\/ul>\t\t\t\t\t\t<\/div>\n\t\t\t\t\t\n\t\t\t\t\t\t\t\t<\/div>\n\t\t<\/div>\n\t\t<\/div>\n\t\t<\/div>\n\t\t\t\t\t\t<\/div>\n\t\t\t\t<\/div>\n\t\t\t\t<div class=\"elementor-element elementor-element-f7d952b elementor-flip-box--effect-fade elementor-widget__width-initial elementor-widget-tablet__width-initial elementor-widget-mobile__width-initial elementor-absolute elementor-hidden-tablet elementor-hidden-phone elementor-widget elementor-widget-flip-box\" data-id=\"f7d952b\" data-element_type=\"widget\" data-e-type=\"widget\" data-settings=\"{&quot;_position&quot;:&quot;absolute&quot;}\" data-widget_type=\"flip-box.default\">\n\t\t\t\t<div class=\"elementor-widget-container\">\n\t\t\t\t\t\t\t<div class=\"elementor-flip-box\" tabindex=\"0\">\n\t\t\t<div class=\"elementor-flip-box__layer elementor-flip-box__front\">\n\t\t\t\t<div class=\"elementor-flip-box__layer__overlay\">\n\t\t\t\t\t<div class=\"elementor-flip-box__layer__inner\">\n\t\t\t\t\t\t\n\t\t\t\t\t\t\t\t\t\t\t\t\t<h3 class=\"elementor-flip-box__layer__title\">\n\t\t\t\t\t\t\t\tMetatarsus\t\t\t\t\t\t\t<\/h3>\n\t\t\t\t\t\t\n\t\t\t\t\t\t\t\t\t\t\t<\/div>\n\t\t\t\t<\/div>\n\t\t\t<\/div>\n\t\t\t<div class=\"elementor-flip-box__layer elementor-flip-box__back\">\n\t\t\t<div class=\"elementor-flip-box__layer__overlay\">\n\t\t\t\t<div class=\"elementor-flip-box__layer__inner\">\n\t\t\t\t\t\t\t\t\t\t\t<h3 class=\"elementor-flip-box__layer__title\">\n\t\t\t\t\t\t\tMetatarsus\t\t\t\t\t\t<\/h3>\n\t\t\t\t\t\n\t\t\t\t\t\t\t\t\t\t\t<div class=\"elementor-flip-box__layer__description\">\n\t\t\t\t\t\t\t<ul>\n \t<li><a href=\"https:\/\/orthopaede-drschuh.at\/en\/fuss\/mittelfuss\/plattfuss\/\">Flat Foot<\/a><\/li>\n \t<li><a href=\"https:\/\/orthopaede-drschuh.at\/en\/fuss\/mittelfuss\/hohlfuss\/\">hollow foot<\/a><\/li>\n \t<li><a href=\"https:\/\/orthopaede-drschuh.at\/en\/fuss\/mittelfuss\/fersensporn\/\">Heel spur<\/a><\/li>\n \t<li>Overuse syndrome<\/li>\n \t<li><a href=\"https:\/\/orthopaede-drschuh.at\/en\/sprung-fussgelenk\/frakturen\/\">foot fractures and reconstructions<\/a><\/li>\n \t<li><a href=\"https:\/\/orthopaede-drschuh.at\/en\/fuss\/arthrose\/\">osteoarthritis of the foot<\/a><\/li>\n \t<li><a href=\"https:\/\/orthopaede-drschuh.at\/en\/fuss\/rheuma\/\">rheumatism and arthritis of the foot and ankle<\/a><\/li>\n<\/ul>\t\t\t\t\t\t<\/div>\n\t\t\t\t\t\n\t\t\t\t\t\t\t\t<\/div>\n\t\t<\/div>\n\t\t<\/div>\n\t\t<\/div>\n\t\t\t\t\t\t<\/div>\n\t\t\t\t<\/div>\n\t\t\t\t<div class=\"elementor-element elementor-element-09e6293 elementor-flip-box--effect-fade elementor-widget__width-initial elementor-widget-tablet__width-initial elementor-absolute elementor-hidden-tablet elementor-hidden-phone elementor-widget elementor-widget-flip-box\" data-id=\"09e6293\" data-element_type=\"widget\" data-e-type=\"widget\" data-settings=\"{&quot;_position&quot;:&quot;absolute&quot;}\" data-widget_type=\"flip-box.default\">\n\t\t\t\t<div class=\"elementor-widget-container\">\n\t\t\t\t\t\t\t<div class=\"elementor-flip-box\" tabindex=\"0\">\n\t\t\t<div class=\"elementor-flip-box__layer elementor-flip-box__front\">\n\t\t\t\t<div class=\"elementor-flip-box__layer__overlay\">\n\t\t\t\t\t<div class=\"elementor-flip-box__layer__inner\">\n\t\t\t\t\t\t\n\t\t\t\t\t\t\t\t\t\t\t\t\t<h3 class=\"elementor-flip-box__layer__title\">\n\t\t\t\t\t\t\t\tForefoot\t\t\t\t\t\t\t<\/h3>\n\t\t\t\t\t\t\n\t\t\t\t\t\t\t\t\t\t\t<\/div>\n\t\t\t\t<\/div>\n\t\t\t<\/div>\n\t\t\t<div class=\"elementor-flip-box__layer elementor-flip-box__back\">\n\t\t\t<div class=\"elementor-flip-box__layer__overlay\">\n\t\t\t\t<div class=\"elementor-flip-box__layer__inner\">\n\t\t\t\t\t\t\t\t\t\t\t<h3 class=\"elementor-flip-box__layer__title\">\n\t\t\t\t\t\t\tForefoot\t\t\t\t\t\t<\/h3>\n\t\t\t\t\t\n\t\t\t\t\t\t\t\t\t\t\t<div class=\"elementor-flip-box__layer__description\">\n\t\t\t\t\t\t\t<ul>\n \t<li><a href=\"https:\/\/orthopaede-drschuh.at\/en\/fuss\/vorfuss\/hallux-valgus\/\">Hallux Valgus<\/a><\/li>\n \t<li>Hallux Rigidus<\/li>\n \t<li>Toe deformities<\/li>\n \t<li>Overuse syndrome<\/li>\n \t<li>Avascular Necrosis<\/li>\n \t<li class=\"translation-block\"><a href=\"https:\/\/orthopaede-drschuh.at\/en\/fuss\/vorfuss\/metatarsalgie\/\" target=\"_self\" rel=\"noopener\">Splayfoot: Metatarsalgia - unstable toe joint<\/a><\/li>\n<\/ul>\t\t\t\t\t\t<\/div>\n\t\t\t\t\t\n\t\t\t\t\t\t\t\t<\/div>\n\t\t<\/div>\n\t\t<\/div>\n\t\t<\/div>\n\t\t\t\t\t\t<\/div>\n\t\t\t\t<\/div>\n\t\t\t\t<div class=\"elementor-element elementor-element-722079f elementor-widget__width-auto elementor-vertical-align-top elementor-widget elementor-widget-image-box\" data-id=\"722079f\" data-element_type=\"widget\" data-e-type=\"widget\" data-widget_type=\"image-box.default\">\n\t\t\t\t<div class=\"elementor-widget-container\">\n\t\t\t\t\t<div class=\"elementor-image-box-wrapper\"><div class=\"elementor-image-box-content\"><h3 class=\"elementor-image-box-title\">The most frequent causes of complaints in the foot<\/h3><p class=\"elementor-image-box-description\"><strong>Wo sind Ihre Fu\u00dfschmerzen?<\/strong>\n<ul>\n \t<li><a href=\"https:\/\/orthopaede-drschuh.at\/en\/fuss\/gelenk\/\">Ankle joint<\/a><\/li>\n \t<li><a href=\"https:\/\/orthopaede-drschuh.at\/en\/fuss\/mittelfuss\/\">Metatarsus<\/a><\/li>\n \t<li><a href=\"https:\/\/orthopaede-drschuh.at\/en\/fuss\/vorfuss\/\">Forefoot<\/a><\/li>\n<\/ul><\/p><\/div><\/div>\t\t\t\t<\/div>\n\t\t\t\t<\/div>\n\t\t\t\t<div class=\"elementor-element elementor-element-79bd2ec elementor-widget elementor-widget-image\" data-id=\"79bd2ec\" data-element_type=\"widget\" data-e-type=\"widget\" data-widget_type=\"image.default\">\n\t\t\t\t<div class=\"elementor-widget-container\">\n\t\t\t\t\t\t\t\t\t\t\t\t\t\t\t<img fetchpriority=\"high\" decoding=\"async\" width=\"2048\" height=\"1506\" src=\"https:\/\/orthopaede-drschuh.at\/wp-content\/uploads\/2021\/04\/Dr_Schuh-24.jpg\" class=\"attachment-full size-full wp-image-2547\" alt=\"\" srcset=\"https:\/\/orthopaede-drschuh.at\/wp-content\/uploads\/2021\/04\/Dr_Schuh-24.jpg 2048w, https:\/\/orthopaede-drschuh.at\/wp-content\/uploads\/2021\/04\/Dr_Schuh-24-300x221.jpg 300w, https:\/\/orthopaede-drschuh.at\/wp-content\/uploads\/2021\/04\/Dr_Schuh-24-1024x753.jpg 1024w, https:\/\/orthopaede-drschuh.at\/wp-content\/uploads\/2021\/04\/Dr_Schuh-24-768x565.jpg 768w, https:\/\/orthopaede-drschuh.at\/wp-content\/uploads\/2021\/04\/Dr_Schuh-24-1536x1130.jpg 1536w, https:\/\/orthopaede-drschuh.at\/wp-content\/uploads\/2021\/04\/Dr_Schuh-24-16x12.jpg 16w\" sizes=\"(max-width: 2048px) 100vw, 2048px\" \/>\t\t\t\t\t\t\t\t\t\t\t\t\t\t\t<\/div>\n\t\t\t\t<\/div>\n\t\t\t\t\t<\/div>\n\t\t<\/div>\n\t\t\t\t\t<\/div>\n\t\t<\/section>\n\t\t\t\t<\/div>","protected":false},"excerpt":{"rendered":"<p>Fu\u00dfschmerzen sind weit mehr als ein Mobilit\u00e4tshindernis, sie dienen oft als wichtiges Warnsignal f\u00fcr tieferliegende Fehlstellungen oder chronische \u00dcberlastungsreaktionen.\u00a0Unsere F\u00fc\u00dfe sind beeindruckend komplex konstruiert. So bestehen Sie aus fast 30 Knochen, beinahe 30 Gelenken, 60 Muskeln und \u00fcber 200 Sehnen. Gesunde F\u00fc\u00dfe sind wichtig, damit wir schmerzfrei unseren Weg durchs Leben gehen k\u00f6nnen. Unsere F\u00fc\u00dfe [&hellip;]<\/p>\n","protected":false},"author":1,"featured_media":0,"parent":1624,"menu_order":0,"comment_status":"closed","ping_status":"closed","template":"","meta":{"_acf_changed":false,"footnotes":""},"class_list":["post-42","page","type-page","status-publish","hentry"],"acf":[],"_links":{"self":[{"href":"https:\/\/orthopaede-drschuh.at\/en\/wp-json\/wp\/v2\/pages\/42","targetHints":{"allow":["GET"]}}],"collection":[{"href":"https:\/\/orthopaede-drschuh.at\/en\/wp-json\/wp\/v2\/pages"}],"about":[{"href":"https:\/\/orthopaede-drschuh.at\/en\/wp-json\/wp\/v2\/types\/page"}],"author":[{"embeddable":true,"href":"https:\/\/orthopaede-drschuh.at\/en\/wp-json\/wp\/v2\/users\/1"}],"replies":[{"embeddable":true,"href":"https:\/\/orthopaede-drschuh.at\/en\/wp-json\/wp\/v2\/comments?post=42"}],"version-history":[{"count":3,"href":"https:\/\/orthopaede-drschuh.at\/en\/wp-json\/wp\/v2\/pages\/42\/revisions"}],"predecessor-version":[{"id":4222,"href":"https:\/\/orthopaede-drschuh.at\/en\/wp-json\/wp\/v2\/pages\/42\/revisions\/4222"}],"up":[{"embeddable":true,"href":"https:\/\/orthopaede-drschuh.at\/en\/wp-json\/wp\/v2\/pages\/1624"}],"wp:attachment":[{"href":"https:\/\/orthopaede-drschuh.at\/en\/wp-json\/wp\/v2\/media?parent=42"}],"curies":[{"name":"wp","href":"https:\/\/api.w.org\/{rel}","templated":true}]}}