{"id":47,"date":"2020-02-17T11:02:22","date_gmt":"2020-02-17T10:02:22","guid":{"rendered":"https:\/\/orthopaede-drschuh.at.w005c694.kasserver.com\/?page_id=47"},"modified":"2026-03-30T06:42:19","modified_gmt":"2026-03-30T04:42:19","slug":"instabilitat","status":"publish","type":"page","link":"https:\/\/orthopaede-drschuh.at\/en\/fuss\/gelenk\/instabilitat\/","title":{"rendered":"ankle instability"},"content":{"rendered":"\t\t<div data-elementor-type=\"wp-page\" data-elementor-id=\"47\" data-post-id=\"1841\" data-obj-id=\"1841\" class=\"elementor elementor-47 dce-elementor-post-1841\" data-elementor-post-type=\"page\">\n\t\t\t\t\t\t<section class=\"elementor-section elementor-top-section elementor-element elementor-element-85ce93f elementor-section-boxed elementor-section-height-default elementor-section-height-default\" data-id=\"85ce93f\" data-element_type=\"section\" data-e-type=\"section\">\n\t\t\t\t\t\t<div class=\"elementor-container elementor-column-gap-default\">\n\t\t\t\t\t<div class=\"elementor-column elementor-col-100 elementor-top-column elementor-element elementor-element-40c08f0f\" data-id=\"40c08f0f\" data-element_type=\"column\" data-e-type=\"column\">\n\t\t\t<div class=\"elementor-widget-wrap elementor-element-populated\">\n\t\t\t\t\t\t\t<\/div>\n\t\t<\/div>\n\t\t\t\t\t<\/div>\n\t\t<\/section>\n\t\t\t\t<section class=\"elementor-section elementor-top-section elementor-element elementor-element-6f57ee32 elementor-section-boxed elementor-section-height-default elementor-section-height-default\" data-id=\"6f57ee32\" data-element_type=\"section\" data-e-type=\"section\">\n\t\t\t\t\t\t<div class=\"elementor-container elementor-column-gap-default\">\n\t\t\t\t\t<div class=\"elementor-column elementor-col-100 elementor-top-column elementor-element elementor-element-2ab964a2\" data-id=\"2ab964a2\" data-element_type=\"column\" data-e-type=\"column\">\n\t\t\t<div class=\"elementor-widget-wrap elementor-element-populated\">\n\t\t\t\t\t\t<section class=\"elementor-section elementor-inner-section elementor-element elementor-element-c6cbf78 elementor-section-boxed elementor-section-height-default elementor-section-height-default\" data-id=\"c6cbf78\" data-element_type=\"section\" data-e-type=\"section\">\n\t\t\t\t\t\t<div class=\"elementor-container elementor-column-gap-default\">\n\t\t\t\t\t<div class=\"elementor-column elementor-col-100 elementor-inner-column elementor-element elementor-element-6c335e1\" data-id=\"6c335e1\" data-element_type=\"column\" data-e-type=\"column\">\n\t\t\t<div class=\"elementor-widget-wrap elementor-element-populated\">\n\t\t\t\t\t\t<div class=\"elementor-element elementor-element-5c5b1aa0 elementor-widget elementor-widget-text-editor\" data-id=\"5c5b1aa0\" data-element_type=\"widget\" data-e-type=\"widget\" data-widget_type=\"text-editor.default\">\n\t\t\t\t<div class=\"elementor-widget-container\">\n\t\t\t\t\t\t\t\t\t<p>Sprunggelenksinstabilit\u00e4t ist ein h\u00e4ufiges Beschwerdebild. Das obere <a href=\"https:\/\/orthopaede-drschuh.at\/fuss\/gelenk\">Sprunggelenk<\/a> ist ein Gelenk, das aus Sprungbein, Schienbein und Wadenbein gebildet wird.<\/p>\n<p><span style=\"font-weight: 400;\">Die F\u00fchrung des Gelenks erfolgt sowohl \u00fcber die kn\u00f6cherne Struktur als auch \u00fcber die stabilisierenden B\u00e4nder.\u00a0<\/span><\/p>\n<p><span style=\"font-weight: 400;\">Diese B\u00e4nder bestehen aus dem dreiteiligen Au\u00dfenband, dem f\u00e4cherf\u00f6rmigen Innenband sowie der Syndesmose, der Bandverbindung zwischen Wadenbein und Schienbein. Kommt es zu <\/span><a href=\"https:\/\/orthopaede-drschuh.at\/fuss\/gelenk\/band\"><span style=\"font-weight: 400;\">Bandverletzungen am Sprunggelenk<\/span><\/a><span style=\"font-weight: 400;\"> , etwa durch Umknicken oder Umkn\u00f6cheln, kann die Stabilit\u00e4t des Gelenks beeintr\u00e4chtigt werden.<\/span><span style=\"font-family: -apple-system, BlinkMacSystemFont, 'Segoe UI', Roboto, 'Helvetica Neue', Arial, 'Noto Sans', sans-serif, 'Apple Color Emoji', 'Segoe UI Emoji', 'Segoe UI Symbol', 'Noto Color Emoji';\">\u00a0Heilen diese nicht richtig aus, verbleibt eine <\/span><strong style=\"font-family: -apple-system, BlinkMacSystemFont, 'Segoe UI', Roboto, 'Helvetica Neue', Arial, 'Noto Sans', sans-serif, 'Apple Color Emoji', 'Segoe UI Emoji', 'Segoe UI Symbol', 'Noto Color Emoji';\">chronische Sprunggelenksinstabilit\u00e4t<\/strong><span style=\"font-family: -apple-system, BlinkMacSystemFont, 'Segoe UI', Roboto, 'Helvetica Neue', Arial, 'Noto Sans', sans-serif, 'Apple Color Emoji', 'Segoe UI Emoji', 'Segoe UI Symbol', 'Noto Color Emoji';\">. Sprunggelenksinstabilit\u00e4t \u00e4u\u00dfert sich durch Schmerzen, Schwellung und ein Instabilit\u00e4tsgef\u00fchl. Wird Sprunggelenksinstabilit\u00e4t nicht richtig behandelt, f\u00fchrt es einerseits zu Beschwerden, andererseits wird eine fr\u00fchzeitige Gelenksabn\u00fctzung beg\u00fcnstigt.<\/span><\/p>\n<h2>Therapie von Sprunggelenksinstabilit\u00e4t \u00a0<\/h2>\n<p><span style=\"font-weight: 400;\">Wenn durch eine bildgebende Abkl\u00e4rung festgestellt wird, dass durch die Sprunggelenksinstabilit\u00e4t noch keine Folgesch\u00e4den am Sprunggelenk entstanden sind, kann zun\u00e4chst ein konservativer Behandlungsansatz, wie z.B. Physiotherapie und Stabilisationstraining, gew\u00e4hlt werden. Nach einem Supinationstrauma (Umknicken) bleibt oft das Gef\u00fchl zur\u00fcck, dass das Sprunggelenk instabil bleibt. Doch was tun, wenn die B\u00e4nder ihre Haltefunktion nicht mehr voll erf\u00fcllen? In diesen F\u00e4llen kann ein strukturiertes Trainingsprogramm bereits zu einer deutlichen Verbesserung f\u00fchren.<\/span><\/p>\n<p>Sollten diese Ma\u00dfnahmen zu keiner Besserung der Sprunggelenksinstabilit\u00e4t f\u00fchren, werden <strong>Stabilisationsoperationen<\/strong> durchgef\u00fchrt. Ich bin ein international anerkannter Experte hinsichtlich dieser Operationsmethode und arbeite stetig an der Weiterentwicklung moderner Techniken. Dabei finden vor allem minimal invasive arthroskopische Verfahren\u00a0 (\u201eSchl\u00fcssellochchirurgie\u201c) Anwendung, die eine schnelle Regeneration erm\u00f6glichen. Durch eine <a href=\"https:\/\/orthopaede-drschuh.at\/operation\">Operation am Fu\u00df und Sprunggelenk <\/a>\u00a0werden die Schmerzen und das Instabilit\u00e4tsgef\u00fchl bei Sprunggelenksinstabilit\u00e4t beseitigt und volle sportliche Aktivit\u00e4t wieder erm\u00f6glicht.<\/p>\n<p><!-- \/wp:paragraph --><\/p>\n<p><!-- wp:paragraph --><\/p>\n<p>Gerne berate ich Sie zu Ihrer Sprunggelenksinstabilit\u00e4t in meiner <a href=\"https:\/\/orthopaede-drschuh.at\/ueber-mich\/ordination\">Ordination.<\/a><\/p>\n<p>\u00a0<\/p>\n<p><!-- \/wp:paragraph --><\/p>\t\t\t\t\t\t\t\t<\/div>\n\t\t\t\t<\/div>\n\t\t\t\t<div class=\"elementor-element elementor-element-96e51d5 elementor-widget elementor-widget-accordion\" data-id=\"96e51d5\" data-element_type=\"widget\" data-e-type=\"widget\" data-widget_type=\"accordion.default\">\n\t\t\t\t<div class=\"elementor-widget-container\">\n\t\t\t\t\t\t\t<div class=\"elementor-accordion\">\n\t\t\t\t\t\t\t<div class=\"elementor-accordion-item\">\n\t\t\t\t\t<div id=\"elementor-tab-title-1581\" class=\"elementor-tab-title\" data-tab=\"1\" role=\"button\" aria-controls=\"elementor-tab-content-1581\" aria-expanded=\"false\">\n\t\t\t\t\t\t\t\t\t\t\t\t\t<span class=\"elementor-accordion-icon elementor-accordion-icon-left\" aria-hidden=\"true\">\n\t\t\t\t\t\t\t\t\t\t\t\t\t\t\t<span class=\"elementor-accordion-icon-closed\"><i class=\"fas fa-plus\"><\/i><\/span>\n\t\t\t\t\t\t\t\t<span class=\"elementor-accordion-icon-opened\"><i class=\"fas fa-minus\"><\/i><\/span>\n\t\t\t\t\t\t\t\t\t\t\t\t\t\t<\/span>\n\t\t\t\t\t\t\t\t\t\t\t\t<a class=\"elementor-accordion-title\" tabindex=\"0\">Was ist chronische Sprunggelenksinstabilit\u00e4t?<\/a>\n\t\t\t\t\t<\/div>\n\t\t\t\t\t<div id=\"elementor-tab-content-1581\" class=\"elementor-tab-content elementor-clearfix\" data-tab=\"1\" role=\"region\" aria-labelledby=\"elementor-tab-title-1581\"><p>H\u00e4ufig kommt es beim Umknicken bzw. Umkn\u00f6cheln zu einer gewaltsamen \u00dcberdehnung der B\u00e4nder im oberen Sprunggelenk.<br \/><span style=\"font-weight: 400;\">Solche Verletzungen k\u00f6nnen bei unzureichender Ausheilung in eine chronische Sprunggelenksinstabilit\u00e4t \u00fcbergehen. Diese liegt dann vor, wenn das Sprunggelenk \u00fcber einen Zeitraum von mindestens sechs Monaten nicht ausreichend durch die umliegenden B\u00e4nder und Muskeln stabilisiert wird.<\/span><\/p><\/div>\n\t\t\t\t<\/div>\n\t\t\t\t\t\t\t<div class=\"elementor-accordion-item\">\n\t\t\t\t\t<div id=\"elementor-tab-title-1582\" class=\"elementor-tab-title\" data-tab=\"2\" role=\"button\" aria-controls=\"elementor-tab-content-1582\" aria-expanded=\"false\">\n\t\t\t\t\t\t\t\t\t\t\t\t\t<span class=\"elementor-accordion-icon elementor-accordion-icon-left\" aria-hidden=\"true\">\n\t\t\t\t\t\t\t\t\t\t\t\t\t\t\t<span class=\"elementor-accordion-icon-closed\"><i class=\"fas fa-plus\"><\/i><\/span>\n\t\t\t\t\t\t\t\t<span class=\"elementor-accordion-icon-opened\"><i class=\"fas fa-minus\"><\/i><\/span>\n\t\t\t\t\t\t\t\t\t\t\t\t\t\t<\/span>\n\t\t\t\t\t\t\t\t\t\t\t\t<a class=\"elementor-accordion-title\" tabindex=\"0\">Was sind langfristige Folgen von Sprunggelenksinstabilit\u00e4t?<\/a>\n\t\t\t\t\t<\/div>\n\t\t\t\t\t<div id=\"elementor-tab-content-1582\" class=\"elementor-tab-content elementor-clearfix\" data-tab=\"2\" role=\"region\" aria-labelledby=\"elementor-tab-title-1582\"><p>Bei einer unbehandelten Sprunggelenksinstabilit\u00e4t besteht die Gefahr von Knorpelverletzungen durch wiederholtes Umknicken. <span style=\"font-weight: 400;\">Dadurch steigt das Risiko f\u00fcr weitere Bandverletzungen und strukturelle Sch\u00e4den im Sprunggelenk. <\/span>Das f\u00fchrt auf Dauer zu einem Verschlei\u00df des Gelenksknorpels, was wiederum eine Sprunggelenksarthrose zur Folge haben kann.\u00a0<\/p><\/div>\n\t\t\t\t<\/div>\n\t\t\t\t\t\t\t<div class=\"elementor-accordion-item\">\n\t\t\t\t\t<div id=\"elementor-tab-title-1583\" class=\"elementor-tab-title\" data-tab=\"3\" role=\"button\" aria-controls=\"elementor-tab-content-1583\" aria-expanded=\"false\">\n\t\t\t\t\t\t\t\t\t\t\t\t\t<span class=\"elementor-accordion-icon elementor-accordion-icon-left\" aria-hidden=\"true\">\n\t\t\t\t\t\t\t\t\t\t\t\t\t\t\t<span class=\"elementor-accordion-icon-closed\"><i class=\"fas fa-plus\"><\/i><\/span>\n\t\t\t\t\t\t\t\t<span class=\"elementor-accordion-icon-opened\"><i class=\"fas fa-minus\"><\/i><\/span>\n\t\t\t\t\t\t\t\t\t\t\t\t\t\t<\/span>\n\t\t\t\t\t\t\t\t\t\t\t\t<a class=\"elementor-accordion-title\" tabindex=\"0\">Was ist die geeignete Therapie bei Sprunggelenksinstabilit\u00e4t?<\/a>\n\t\t\t\t\t<\/div>\n\t\t\t\t\t<div id=\"elementor-tab-content-1583\" class=\"elementor-tab-content elementor-clearfix\" data-tab=\"3\" role=\"region\" aria-labelledby=\"elementor-tab-title-1583\"><p>Zun\u00e4chst kann bei Sprunggelenksinstabilit\u00e4t versucht werden, mit Physiotherapie und Stabilisationstraining die Beschwerden zu lindern. Sollten diese Ma\u00dfnahmen zu keiner Besserung der Sprunggelenksinstabilit\u00e4t f\u00fchren, werden <strong>Stabilisationsoperationen<\/strong> durchgef\u00fchrt.\u00a0 \u00a0<\/p><\/div>\n\t\t\t\t<\/div>\n\t\t\t\t\t\t\t\t\t\t<script type=\"application\/ld+json\">{\"@context\":\"https:\\\/\\\/schema.org\",\"@type\":\"FAQPage\",\"mainEntity\":[{\"@type\":\"Question\",\"name\":\"Was ist chronische Sprunggelenksinstabilit\\u00e4t?\",\"acceptedAnswer\":{\"@type\":\"Answer\",\"text\":\"<p>H\\u00e4ufig kommt es beim Umknicken bzw. Umkn\\u00f6cheln zu einer gewaltsamen \\u00dcberdehnung der B\\u00e4nder im oberen Sprunggelenk.<br \\\/><span style=\\\"font-weight: 400;\\\">Solche Verletzungen k\\u00f6nnen bei unzureichender Ausheilung in eine chronische Sprunggelenksinstabilit\\u00e4t \\u00fcbergehen. Diese liegt dann vor, wenn das Sprunggelenk \\u00fcber einen Zeitraum von mindestens sechs Monaten nicht ausreichend durch die umliegenden B\\u00e4nder und Muskeln stabilisiert wird.<\\\/span><\\\/p>\"}},{\"@type\":\"Question\",\"name\":\"Was sind langfristige Folgen von Sprunggelenksinstabilit\\u00e4t?\",\"acceptedAnswer\":{\"@type\":\"Answer\",\"text\":\"<p>Bei einer unbehandelten Sprunggelenksinstabilit\\u00e4t besteht die Gefahr von Knorpelverletzungen durch wiederholtes Umknicken. <span style=\\\"font-weight: 400;\\\">Dadurch steigt das Risiko f\\u00fcr weitere Bandverletzungen und strukturelle Sch\\u00e4den im Sprunggelenk. <\\\/span>Das f\\u00fchrt auf Dauer zu einem Verschlei\\u00df des Gelenksknorpels, was wiederum eine Sprunggelenksarthrose zur Folge haben kann.\\u00a0<\\\/p>\"}},{\"@type\":\"Question\",\"name\":\"Was ist die geeignete Therapie bei Sprunggelenksinstabilit\\u00e4t?\",\"acceptedAnswer\":{\"@type\":\"Answer\",\"text\":\"<p>Zun\\u00e4chst kann bei Sprunggelenksinstabilit\\u00e4t versucht werden, mit Physiotherapie und Stabilisationstraining die Beschwerden zu lindern. Sollten diese Ma\\u00dfnahmen zu keiner Besserung der Sprunggelenksinstabilit\\u00e4t f\\u00fchren, werden <strong>Stabilisationsoperationen<\\\/strong> durchgef\\u00fchrt.\\u00a0 \\u00a0<\\\/p>\"}}]}<\/script>\n\t\t\t\t\t<\/div>\n\t\t\t\t\t\t<\/div>\n\t\t\t\t<\/div>\n\t\t\t\t<div class=\"elementor-element elementor-element-591978f elementor-widget elementor-widget-heading\" data-id=\"591978f\" data-element_type=\"widget\" data-e-type=\"widget\" data-widget_type=\"heading.default\">\n\t\t\t\t<div class=\"elementor-widget-container\">\n\t\t\t\t\t<h2 class=\"elementor-heading-title elementor-size-default\">\u00dcbungen bei Sprunggelenksinstabilit\u00e4t <\/h2>\t\t\t\t<\/div>\n\t\t\t\t<\/div>\n\t\t\t\t<div class=\"dce-dynamic-posts-collection elementor-element elementor-element-88df968 dce-posts-layout-template dce-col-2 dce-col-tablet-2 dce-col-mobile-1 elementor-widget elementor-widget-dce-dynamicposts-v2\" data-id=\"88df968\" data-element_type=\"widget\" data-e-type=\"widget\" data-settings=\"{&quot;style_items&quot;:&quot;template&quot;,&quot;grid_grid_type&quot;:&quot;flex&quot;,&quot;grid_scrollreveal_effect_type&quot;:&quot;0&quot;}\" data-widget_type=\"dce-dynamicposts-v2.grid\">\n\t\t\t\t<div class=\"elementor-widget-container\">\n\t\t\t\t\t\n\t\t<div class=\"dce-posts-container is_infiniteScroll dce-posts  dce-skin-grid dce-skin-grid-flex\">\n\t\t\t\t\t\t<div class=\"dce-posts-wrapper dce-wrapper-grid\">\n\t\t\n\t\t<article class=\"dce-post dce-post-item dce-item-grid post-1859 ubungsclips type-ubungsclips status-publish has-post-thumbnail hentry\" data-dce-post-id=\"1859\" data-dce-post-index=\"0\" >\n\t\t\t<div class=\"dce-post-block\">\n\t\t\t\t<div data-elementor-type=\"section\" data-elementor-id=\"1800\" data-post-id=\"1859\" data-obj-id=\"1859\" class=\"elementor elementor-1800 dce-elementor-post-1859 dce-elementor-post-1859\" data-elementor-post-type=\"elementor_library\">\n\t\t\t\t\t<section class=\"elementor-section elementor-top-section elementor-element elementor-element-9e556a9 elementor-section-boxed elementor-section-height-default elementor-section-height-default\" data-id=\"9e556a9\" data-element_type=\"section\" data-e-type=\"section\">\n\t\t\t\t\t\t<div class=\"elementor-container elementor-column-gap-default\">\n\t\t\t\t\t<div class=\"elementor-column elementor-col-100 elementor-top-column elementor-element elementor-element-e0af38b\" data-id=\"e0af38b\" data-element_type=\"column\" data-e-type=\"column\">\n\t\t\t<div class=\"elementor-widget-wrap elementor-element-populated\">\n\t\t\t\t\t\t<div class=\"elementor-element elementor-element-f7e7c63 elementor-widget elementor-widget-video\" data-id=\"f7e7c63\" data-element_type=\"widget\" data-e-type=\"widget\" data-settings=\"{&quot;youtube_url&quot;:&quot;https:\\\/\\\/www.youtube.com\\\/watch?v=mMimxczYTHE&quot;,&quot;mute&quot;:&quot;yes&quot;,&quot;loop&quot;:&quot;yes&quot;,&quot;yt_privacy&quot;:&quot;yes&quot;,&quot;lazy_load&quot;:&quot;yes&quot;,&quot;video_type&quot;:&quot;youtube&quot;}\" data-widget_type=\"video.default\">\n\t\t\t\t<div class=\"elementor-widget-container\">\n\t\t\t\t\t\t\t<div class=\"elementor-wrapper elementor-open-inline\">\n\t\t\t<div class=\"elementor-video\"><\/div>\t\t<\/div>\n\t\t\t\t\t\t<\/div>\n\t\t\t\t<\/div>\n\t\t\t\t<div class=\"elementor-element elementor-element-4c184c6 elementor-position-left elementor-vertical-align-top elementor-widget elementor-widget-image-box\" data-id=\"4c184c6\" data-element_type=\"widget\" data-e-type=\"widget\" data-widget_type=\"image-box.default\">\n\t\t\t\t<div class=\"elementor-widget-container\">\n\t\t\t\t\t<div class=\"elementor-image-box-wrapper\"><figure class=\"elementor-image-box-img\"><a href=\"https:\/\/www.youtube.com\/watch?v=mMimxczYTHE\" tabindex=\"-1\" rel=\"nofollow noopener\" target=\"_blank\"><img decoding=\"async\" width=\"150\" height=\"150\" src=\"https:\/\/orthopaede-drschuh.at\/wp-content\/uploads\/2020\/02\/Dr_Schuh-19-150x150.jpg\" class=\"attachment-thumbnail size-thumbnail wp-image-142\" alt=\"\" \/><\/a><\/figure><div class=\"elementor-image-box-content\"><p class=\"elementor-image-box-description\">\"Stellen Sie sich an eine Wand, wobei Sie sich mit den H\u00e4nden an der Wand abst\u00fctzen. Der Fu\u00df mit der Sprunggelenksinstabilit\u00e4t steht auf dem Boden, den anderen Fu\u00df heben Sie an. Gehen Sie nun mehrmals auf einem Bein stehend leicht in die Knie. Die Fu\u00dfsohle bleibt auf dem Boden. F\u00fchren Sie die \u00dcbung langsam durch.\"<\/p><\/div><\/div>\t\t\t\t<\/div>\n\t\t\t\t<\/div>\n\t\t\t\t\t<\/div>\n\t\t<\/div>\n\t\t\t\t\t<\/div>\n\t\t<\/section>\n\t\t\t\t<\/div>\n\t\t\t\t\t<\/div>\n\t\t<\/article>\n\t\t\n\t\t<article class=\"dce-post dce-post-item dce-item-grid post-1841 ubungsclips type-ubungsclips status-publish has-post-thumbnail hentry\" data-dce-post-id=\"1841\" data-dce-post-index=\"1\" >\n\t\t\t<div class=\"dce-post-block\">\n\t\t\t\t<div data-elementor-type=\"section\" data-elementor-id=\"1800\" data-post-id=\"1841\" data-obj-id=\"1841\" class=\"elementor elementor-1800 dce-elementor-post-1841 dce-elementor-post-1841\" data-elementor-post-type=\"elementor_library\">\n\t\t\t\t\t<section class=\"elementor-section elementor-top-section elementor-element elementor-element-9e556a9 elementor-section-boxed elementor-section-height-default elementor-section-height-default\" data-id=\"9e556a9\" data-element_type=\"section\" data-e-type=\"section\">\n\t\t\t\t\t\t<div class=\"elementor-container elementor-column-gap-default\">\n\t\t\t\t\t<div class=\"elementor-column elementor-col-100 elementor-top-column elementor-element elementor-element-e0af38b\" data-id=\"e0af38b\" data-element_type=\"column\" data-e-type=\"column\">\n\t\t\t<div class=\"elementor-widget-wrap elementor-element-populated\">\n\t\t\t\t\t\t<div class=\"elementor-element elementor-element-f7e7c63 elementor-widget elementor-widget-video\" data-id=\"f7e7c63\" data-element_type=\"widget\" data-e-type=\"widget\" data-settings=\"{&quot;youtube_url&quot;:&quot;https:\\\/\\\/www.youtube.com\\\/watch?v=SlSyYhe6AUA&quot;,&quot;mute&quot;:&quot;yes&quot;,&quot;loop&quot;:&quot;yes&quot;,&quot;yt_privacy&quot;:&quot;yes&quot;,&quot;lazy_load&quot;:&quot;yes&quot;,&quot;video_type&quot;:&quot;youtube&quot;}\" data-widget_type=\"video.default\">\n\t\t\t\t<div class=\"elementor-widget-container\">\n\t\t\t\t\t\t\t<div class=\"elementor-wrapper elementor-open-inline\">\n\t\t\t<div class=\"elementor-video\"><\/div>\t\t<\/div>\n\t\t\t\t\t\t<\/div>\n\t\t\t\t<\/div>\n\t\t\t\t<div class=\"elementor-element elementor-element-4c184c6 elementor-position-left elementor-vertical-align-top elementor-widget elementor-widget-image-box\" data-id=\"4c184c6\" data-element_type=\"widget\" data-e-type=\"widget\" data-widget_type=\"image-box.default\">\n\t\t\t\t<div class=\"elementor-widget-container\">\n\t\t\t\t\t<div class=\"elementor-image-box-wrapper\"><figure class=\"elementor-image-box-img\"><a href=\"https:\/\/www.youtube.com\/watch?v=SlSyYhe6AUA\" tabindex=\"-1\" rel=\"nofollow noopener\" target=\"_blank\"><img decoding=\"async\" width=\"150\" height=\"150\" src=\"https:\/\/orthopaede-drschuh.at\/wp-content\/uploads\/2020\/02\/Dr_Schuh-19-150x150.jpg\" class=\"attachment-thumbnail size-thumbnail wp-image-142\" alt=\"\" \/><\/a><\/figure><div class=\"elementor-image-box-content\"><p class=\"elementor-image-box-description\">\"Diese \u00dcbung fordert auch Ihre Balance. Der Fu\u00df mit der Sprunggelenksinstabilit\u00e4t steht fest auf dem Boden. Wenn Sie Gef\u00fchl von Stabilit\u00e4t haben, heben Sie den anderen Fu\u00df an. Gehen Sie nun mehrmals, auf einem Bein stehend leicht in die Knie. Die Fu\u00dfsohle bleibt auf dem Boden. F\u00fchren Sie die \u00dcbung langsam durch.\r\n\"<\/p><\/div><\/div>\t\t\t\t<\/div>\n\t\t\t\t<\/div>\n\t\t\t\t\t<\/div>\n\t\t<\/div>\n\t\t\t\t\t<\/div>\n\t\t<\/section>\n\t\t\t\t<\/div>\n\t\t\t\t\t<\/div>\n\t\t<\/article>\n\t\t\t\t\t<\/div>\n\t\t\t\t\t<\/div>\n\t\t\t\t\t\t<\/div>\n\t\t\t\t<\/div>\n\t\t\t\t\t<\/div>\n\t\t<\/div>\n\t\t\t\t\t<\/div>\n\t\t<\/section>\n\t\t\t\t\t<\/div>\n\t\t<\/div>\n\t\t\t\t\t<\/div>\n\t\t<\/section>\n\t\t\t\t<section class=\"elementor-section elementor-top-section elementor-element elementor-element-8dc3fa1 elementor-section-full_width elementor-section-height-default elementor-section-height-default\" data-id=\"8dc3fa1\" data-element_type=\"section\" data-e-type=\"section\">\n\t\t\t\t\t\t<div class=\"elementor-container elementor-column-gap-default\">\n\t\t\t\t\t<div class=\"elementor-column elementor-col-100 elementor-top-column elementor-element elementor-element-0c5bdf6\" data-id=\"0c5bdf6\" data-element_type=\"column\" data-e-type=\"column\">\n\t\t\t<div class=\"elementor-widget-wrap elementor-element-populated\">\n\t\t\t\t\t\t<div class=\"elementor-element elementor-element-933c90f elementor-widget elementor-widget-template\" data-id=\"933c90f\" data-element_type=\"widget\" data-e-type=\"widget\" data-widget_type=\"template.default\">\n\t\t\t\t<div class=\"elementor-widget-container\">\n\t\t\t\t\t\t\t<div class=\"elementor-template\">\n\t\t\t\t\t<div data-elementor-type=\"section\" data-elementor-id=\"1938\" data-post-id=\"1841\" data-obj-id=\"1841\" class=\"elementor elementor-1938 dce-elementor-post-1841\" data-elementor-post-type=\"elementor_library\">\n\t\t\t\t\t<section data-dce-background-overlay-color=\"rgba(255, 255, 255, 0)\" data-dce-background-image-url=\"https:\/\/orthopaede-drschuh.at\/wp-content\/uploads\/2020\/02\/Dr_Schuh-1.jpg\" class=\"elementor-section elementor-top-section elementor-element elementor-element-d1c36e3 elementor-section-boxed elementor-section-height-default elementor-section-height-default\" data-id=\"d1c36e3\" data-element_type=\"section\" data-e-type=\"section\" data-settings=\"{&quot;background_background&quot;:&quot;classic&quot;}\">\n\t\t\t\t\t\t\t<div class=\"elementor-background-overlay\"><\/div>\n\t\t\t\t\t\t\t<div class=\"elementor-container elementor-column-gap-default\">\n\t\t\t\t\t<div class=\"elementor-column elementor-col-100 elementor-top-column elementor-element elementor-element-5616372\" data-id=\"5616372\" data-element_type=\"column\" data-e-type=\"column\">\n\t\t\t<div class=\"elementor-widget-wrap elementor-element-populated\">\n\t\t\t\t\t\t<div class=\"elementor-element elementor-element-632cf08 elementor-view-stacked elementor-position-inline-start elementor-shape-circle elementor-mobile-position-block-start elementor-widget elementor-widget-icon-box\" data-id=\"632cf08\" data-element_type=\"widget\" data-e-type=\"widget\" data-widget_type=\"icon-box.default\">\n\t\t\t\t<div class=\"elementor-widget-container\">\n\t\t\t\t\t\t\t<div class=\"elementor-icon-box-wrapper\">\n\n\t\t\t\t\t\t<div class=\"elementor-icon-box-icon\">\n\t\t\t\t<a href=\"https:\/\/orthopaede-drschuh.at\/kontakt\/\" class=\"elementor-icon elementor-animation-grow\" tabindex=\"-1\" aria-label=\"Terminvereinbarung\">\n\t\t\t\t<i aria-hidden=\"true\" class=\"fas fa-phone\"><\/i>\t\t\t\t<\/a>\n\t\t\t<\/div>\n\t\t\t\n\t\t\t\t\t\t<div class=\"elementor-icon-box-content\">\n\n\t\t\t\t\t\t\t\t\t<h3 class=\"elementor-icon-box-title\">\n\t\t\t\t\t\t<a href=\"https:\/\/orthopaede-drschuh.at\/kontakt\/\">\n\t\t\t\t\t\t\tTerminvereinbarung\t\t\t\t\t\t<\/a>\n\t\t\t\t\t<\/h3>\n\t\t\t\t\n\t\t\t\t\t\t\t\t\t<p class=\"elementor-icon-box-description\">\n\t\t\t\t\t\tIch bitte um Voranmeldung! \t\t\t\t\t<\/p>\n\t\t\t\t\n\t\t\t<\/div>\n\t\t\t\n\t\t<\/div>\n\t\t\t\t\t\t<\/div>\n\t\t\t\t<\/div>\n\t\t\t\t\t<\/div>\n\t\t<\/div>\n\t\t\t\t\t<\/div>\n\t\t<\/section>\n\t\t\t\t<\/div>\n\t\t\t\t<\/div>\n\t\t\t\t\t\t<\/div>\n\t\t\t\t<\/div>\n\t\t\t\t\t<\/div>\n\t\t<\/div>\n\t\t\t\t\t<\/div>\n\t\t<\/section>\n\t\t\t\t<\/div>\n\t\t","protected":false},"excerpt":{"rendered":"<p>Sprunggelenksinstabilit\u00e4t ist ein h\u00e4ufiges Beschwerdebild. Das obere Sprunggelenk ist ein Gelenk, das aus Sprungbein, Schienbein und Wadenbein gebildet wird. Die F\u00fchrung des Gelenks erfolgt sowohl \u00fcber die kn\u00f6cherne Struktur als auch \u00fcber die stabilisierenden B\u00e4nder.\u00a0 Diese B\u00e4nder bestehen aus dem dreiteiligen Au\u00dfenband, dem f\u00e4cherf\u00f6rmigen Innenband sowie der Syndesmose, der Bandverbindung zwischen Wadenbein und Schienbein. Kommt [&hellip;]<\/p>\n","protected":false},"author":1,"featured_media":0,"parent":44,"menu_order":0,"comment_status":"closed","ping_status":"closed","template":"","meta":{"_acf_changed":false,"footnotes":""},"class_list":["post-47","page","type-page","status-publish","hentry"],"acf":[],"_links":{"self":[{"href":"https:\/\/orthopaede-drschuh.at\/en\/wp-json\/wp\/v2\/pages\/47","targetHints":{"allow":["GET"]}}],"collection":[{"href":"https:\/\/orthopaede-drschuh.at\/en\/wp-json\/wp\/v2\/pages"}],"about":[{"href":"https:\/\/orthopaede-drschuh.at\/en\/wp-json\/wp\/v2\/types\/page"}],"author":[{"embeddable":true,"href":"https:\/\/orthopaede-drschuh.at\/en\/wp-json\/wp\/v2\/users\/1"}],"replies":[{"embeddable":true,"href":"https:\/\/orthopaede-drschuh.at\/en\/wp-json\/wp\/v2\/comments?post=47"}],"version-history":[{"count":3,"href":"https:\/\/orthopaede-drschuh.at\/en\/wp-json\/wp\/v2\/pages\/47\/revisions"}],"predecessor-version":[{"id":4257,"href":"https:\/\/orthopaede-drschuh.at\/en\/wp-json\/wp\/v2\/pages\/47\/revisions\/4257"}],"up":[{"embeddable":true,"href":"https:\/\/orthopaede-drschuh.at\/en\/wp-json\/wp\/v2\/pages\/44"}],"wp:attachment":[{"href":"https:\/\/orthopaede-drschuh.at\/en\/wp-json\/wp\/v2\/media?parent=47"}],"curies":[{"name":"wp","href":"https:\/\/api.w.org\/{rel}","templated":true}]}}