{"id":49,"date":"2020-02-17T11:03:20","date_gmt":"2020-02-17T10:03:20","guid":{"rendered":"https:\/\/orthopaede-drschuh.at.w005c694.kasserver.com\/?page_id=49"},"modified":"2026-03-30T07:08:25","modified_gmt":"2026-03-30T05:08:25","slug":"fehlstellung","status":"publish","type":"page","link":"https:\/\/orthopaede-drschuh.at\/en\/fuss\/gelenk\/fehlstellung\/","title":{"rendered":"Therapie von Sprunggelenk Fehlstellungen &#8211; Orthop\u00e4de Wien"},"content":{"rendered":"<div data-elementor-type=\"wp-page\" data-elementor-id=\"49\" data-post-id=\"49\" data-obj-id=\"49\" class=\"elementor elementor-49 dce-elementor-post-49\" data-elementor-post-type=\"page\">\n\t\t\t\t\t\t<section class=\"elementor-section elementor-top-section elementor-element elementor-element-42d67150 elementor-section-boxed elementor-section-height-default elementor-section-height-default\" data-id=\"42d67150\" data-element_type=\"section\" data-e-type=\"section\">\n\t\t\t\t\t\t<div class=\"elementor-container elementor-column-gap-default\">\n\t\t\t\t\t<div class=\"elementor-column elementor-col-100 elementor-top-column elementor-element elementor-element-4ea53d95\" data-id=\"4ea53d95\" data-element_type=\"column\" data-e-type=\"column\">\n\t\t\t<div class=\"elementor-widget-wrap elementor-element-populated\">\n\t\t\t\t\t\t\t<\/div>\n\t\t<\/div>\n\t\t\t\t\t<\/div>\n\t\t<\/section>\n\t\t\t\t<section class=\"elementor-section elementor-top-section elementor-element elementor-element-542574f2 elementor-section-boxed elementor-section-height-default elementor-section-height-default\" data-id=\"542574f2\" data-element_type=\"section\" data-e-type=\"section\">\n\t\t\t\t\t\t<div class=\"elementor-container elementor-column-gap-default\">\n\t\t\t\t\t<div class=\"elementor-column elementor-col-100 elementor-top-column elementor-element elementor-element-41ade998\" data-id=\"41ade998\" data-element_type=\"column\" data-e-type=\"column\">\n\t\t\t<div class=\"elementor-widget-wrap elementor-element-populated\">\n\t\t\t\t\t\t<div class=\"elementor-element elementor-element-28ad154d elementor-widget elementor-widget-text-editor\" data-id=\"28ad154d\" data-element_type=\"widget\" data-e-type=\"widget\" data-widget_type=\"text-editor.default\">\n\t\t\t\t<div class=\"elementor-widget-container\">\n\t\t\t\t\t\t\t\t\t<p><span style=\"font-weight: 400;\">Fehlstellungen im Sprunggelenk k\u00f6nnen zu erheblichen Beschwerden f\u00fchren und die Funktion des gesamten Bewegungsapparates beeinflussen. Erste Probleme machen sich meist durch Schmerzen im Sprunggelenk, ein ver\u00e4ndertes Gangbild oder eine zunehmende Belastung einzelner Fu\u00dfbereiche bemerkbar. H\u00e4ufig treten solche Fehlstellungen infolge von Verletzungen oder aufgrund genetischer Veranlagungen auf. Typische Fehlstellungen sind Varus (\u201eO-Bein\u201c) und Valgus (\u201eX-Bein\u201c), die das Gangbild ver\u00e4ndern und zu einer ungleichm\u00e4\u00dfigen Belastung von Fu\u00df und Sprunggelenk f\u00fchren. <\/span><span style=\"font-weight: 400;\">Wird eine Sprunggelenk Fehlstellung nicht behandelt, k\u00f6nnen langfristig Beschwerden, Schmerzen und eine vorzeitige Gelenksabn\u00fctzung entstehen, die bis zur Sprunggelenksarthrose f\u00fchren kann.<\/span><\/p><h2>Misalignments <b>Sprunggelenk Fehlstellungen \u2013 Ursachen und Behandlung <\/b>bei <a href=\"https:\/\/orthopaede-drschuh.at\/en\/ueber-mich\/\">OA Priv. Doz. Dr. Reinhard Schuh<\/a><\/h2><p><span style=\"font-weight: 400;\">Sprunggelenk Fehlstellungen wie O-Beine und X-Beine wirken sich nicht nur lokal auf das Sprunggelenk aus, sondern beeinflussen die gesamte Statik des K\u00f6rpers. Bei einer Varusstellung (O-Beine) wird der Druck vermehrt auf die Innenseite des Sprunggelenks verlagert, w\u00e4hrend bei einer Valgusstellung (X-Beine) die Belastung auf die Au\u00dfenseite f\u00e4llt.<\/span><\/p><p><span style=\"font-weight: 400;\">Diese Fehlbelastung kann langfristig zu einer \u00dcberbeanspruchung der Gelenke und Knochen,<\/span> <span style=\"font-weight: 400;\">strukturellen Ver\u00e4nderungen, anhaltenden Beschwerden und im weiteren Verlauf zur Sprunggelenksarthrose f\u00fchren.\u00a0<\/span><\/p><p><span style=\"font-weight: 400;\">Viele Betroffene stellen sich dann die Frage: <i>Was kann ich tun bei Schmerzen im Sprunggelenk durch eine Fehlstellung?<\/i> oder <i>Wie kann man eine Sprunggelenk Fehlstellung behandeln?<\/i> Als <a href=\"https:\/\/orthopaede-drschuh.at\/en\/ueber-mich\/\">erfahrener Orthop\u00e4de in Wien<\/a> kann ich hier gezielte Therapien anbieten, um Fehlstellungen fr\u00fchzeitig zu korrigieren und dauerhaften Sch\u00e4den vorzubeugen.<\/span><\/p><h2><b>Therapie von Fehlstellungen am Sprunggelenk<\/b><\/h2><p><span style=\"font-weight: 400;\">Die Behandlung von Sprunggelenk Fehlstellungen richtet sich nach dem Ausma\u00df der Fehlstellung und den individuellen Beschwerden. Leichte Fehlstellungen lassen sich oft durch Einlagen korrigieren, die das Gangbild verbessern und die Belastungsverteilung am Fu\u00df anpassen. Bei st\u00e4rkeren Fehlstellungen k\u00f6nnen orthop\u00e4dische Schuhe oder spezielle Schuhzurichtungen notwendig sein. Sollte dies nicht ausreichen, k\u00f6nnen operative Ma\u00dfnahmen wie Achskorrekturen durch einen Orthop\u00e4den<\/span> <span style=\"font-weight: 400;\">erforderlich werden. Dabei wird die Achse des Knochens gezielt angepasst, um die Belastung im Sprunggelenk wieder zu normalisieren.<\/span><\/p><h2><b>Orthop\u00e4die und Fehlstellungen im Fokus<\/b><\/h2><p><span style=\"font-weight: 400;\">Fehlstellungen wie O-Beine und X-Beine bed\u00fcrfen einer genauen Diagnostik und angepassten Therapie.<\/span><\/p><p><span style=\"font-weight: 400;\">Unbehandelte Fehlstellungen im Sprunggelenk f\u00fchren h\u00e4ufig zu chronischen Beschwerden, zunehmenden Schmerzen und langfristig zu strukturellen Sch\u00e4den wie der Sprunggelenksarthrose. Eine fr\u00fchzeitige Therapie ist daher entscheidend, um die Funktion des Sprunggelenks zu erhalten und Folgesch\u00e4den zu vermeiden.<\/span><\/p><p><span style=\"font-weight: 400;\">Als Ihr Orthop\u00e4de in Wien biete ich individuelle L\u00f6sungen, um Beschwerden im Sprunggelenk zu lindern und langfristig die Funktion des Gelenks zu erhalten. Ob konservative Behandlung oder <a href=\"https:\/\/orthopaede-drschuh.at\/en\/operation\/\">operative Ma\u00dfnahmen<\/a>, wir m\u00f6chten Ihnen zu schmerzfreier Beweglichkeit und einer langfristigen Stabilit\u00e4t verhelfen.<\/span><\/p><h2><strong>Therapie von Fu\u00dffehlstellungen bei Orthop\u00e4de <a href=\"https:\/\/orthopaede-drschuh.at\/en\/ueber-mich\/\">OA Priv. Doz. Dr. Reinhard Schuh<\/a><\/strong><\/h2><p><span style=\"font-weight: 400;\">Bei einem Termin in meiner Ordination wird zun\u00e4chst abgekl\u00e4rt, ob Ihre Beschwerden auf Fu\u00dffehlstellungen oder Sprunggelenk Fehlstellungen zur\u00fcckzuf\u00fchren sind. Ist die Fehlstellung wenig ausgepr\u00e4gt, wird durch Einlagen im Schuh die Belastungsverteilung ge\u00e4ndert. Bei st\u00e4rkeren Fehlstellungen kann auch eine orthop\u00e4dische Schuhzurichtung oder das Tragen von Orthop\u00e4dischen Schuhen sinnvoll sein.<\/span><\/p><p class=\"translation-block\">Should these measures not lead to any improvement, I recommend axis correction operations, which I carry out as an orthopaedic surgeon. This involves changing the position of the heel bone or tibia and then fixing the bone in the new position. In this way the problems and the incorrect strain are eliminated and you can go your way again without pain.<\/p><p><span style=\"font-weight: 400;\">Gerne <a href=\"https:\/\/orthopaede-drschuh.at\/en\/kontakt\/\">berate ich Sie bei einem pers\u00f6nlichen Gespr\u00e4ch<\/a> in meiner <\/span><span style=\"font-weight: 400;\">Private Practice<\/span><span style=\"font-weight: 400;\">.\u00a0<\/span><\/p>\t\t\t\t\t\t\t\t<\/div>\n\t\t\t\t<\/div>\n\t\t\t\t\t<\/div>\n\t\t<\/div>\n\t\t\t\t\t<\/div>\n\t\t<\/section>\n\t\t\t\t<section class=\"elementor-section elementor-top-section elementor-element elementor-element-f6770d5 elementor-section-full_width elementor-section-height-default elementor-section-height-default\" data-id=\"f6770d5\" data-element_type=\"section\" data-e-type=\"section\">\n\t\t\t\t\t\t<div class=\"elementor-container elementor-column-gap-default\">\n\t\t\t\t\t<div class=\"elementor-column elementor-col-100 elementor-top-column elementor-element elementor-element-4171e51\" data-id=\"4171e51\" data-element_type=\"column\" data-e-type=\"column\">\n\t\t\t<div class=\"elementor-widget-wrap elementor-element-populated\">\n\t\t\t\t\t\t<div class=\"elementor-element elementor-element-24d12e9 elementor-widget elementor-widget-template\" data-id=\"24d12e9\" data-element_type=\"widget\" data-e-type=\"widget\" data-widget_type=\"template.default\">\n\t\t\t\t<div class=\"elementor-widget-container\">\n\t\t\t\t\t\t\t<div class=\"elementor-template\">\n\t\t\t\t\t<div data-elementor-type=\"section\" data-elementor-id=\"1938\" data-post-id=\"49\" data-obj-id=\"49\" class=\"elementor elementor-1938 dce-elementor-post-49\" data-elementor-post-type=\"elementor_library\">\n\t\t\t\t\t<section data-dce-background-overlay-color=\"rgba(255, 255, 255, 0)\" data-dce-background-image-url=\"https:\/\/orthopaede-drschuh.at\/wp-content\/uploads\/2020\/02\/Dr_Schuh-1.jpg\" class=\"elementor-section elementor-top-section elementor-element elementor-element-d1c36e3 elementor-section-boxed elementor-section-height-default elementor-section-height-default\" data-id=\"d1c36e3\" data-element_type=\"section\" data-e-type=\"section\" data-settings=\"{&quot;background_background&quot;:&quot;classic&quot;}\">\n\t\t\t\t\t\t\t<div class=\"elementor-background-overlay\"><\/div>\n\t\t\t\t\t\t\t<div class=\"elementor-container elementor-column-gap-default\">\n\t\t\t\t\t<div class=\"elementor-column elementor-col-100 elementor-top-column elementor-element elementor-element-5616372\" data-id=\"5616372\" data-element_type=\"column\" data-e-type=\"column\">\n\t\t\t<div class=\"elementor-widget-wrap elementor-element-populated\">\n\t\t\t\t\t\t<div class=\"elementor-element elementor-element-632cf08 elementor-view-stacked elementor-position-inline-start elementor-shape-circle elementor-mobile-position-block-start elementor-widget elementor-widget-icon-box\" data-id=\"632cf08\" data-element_type=\"widget\" data-e-type=\"widget\" data-widget_type=\"icon-box.default\">\n\t\t\t\t<div class=\"elementor-widget-container\">\n\t\t\t\t\t\t\t<div class=\"elementor-icon-box-wrapper\">\n\n\t\t\t\t\t\t<div class=\"elementor-icon-box-icon\">\n\t\t\t\t<a href=\"https:\/\/orthopaede-drschuh.at\/en\/kontakt\/\" class=\"elementor-icon elementor-animation-grow\" tabindex=\"-1\" aria-label=\"Arrange a Meeting\">\n\t\t\t\t<i aria-hidden=\"true\" class=\"fas fa-phone\"><\/i>\t\t\t\t<\/a>\n\t\t\t<\/div>\n\t\t\t\n\t\t\t\t\t\t<div class=\"elementor-icon-box-content\">\n\n\t\t\t\t\t\t\t\t\t<h3 class=\"elementor-icon-box-title\">\n\t\t\t\t\t\t<a href=\"https:\/\/orthopaede-drschuh.at\/en\/kontakt\/\" >\n\t\t\t\t\t\t\tArrange a Meeting\t\t\t\t\t\t<\/a>\n\t\t\t\t\t<\/h3>\n\t\t\t\t\n\t\t\t\t\t\t\t\t\t<p class=\"elementor-icon-box-description\">\n\t\t\t\t\t\tPlease make an appointment! \t\t\t\t\t<\/p>\n\t\t\t\t\n\t\t\t<\/div>\n\t\t\t\n\t\t<\/div>\n\t\t\t\t\t\t<\/div>\n\t\t\t\t<\/div>\n\t\t\t\t\t<\/div>\n\t\t<\/div>\n\t\t\t\t\t<\/div>\n\t\t<\/section>\n\t\t\t\t<\/div>\n\t\t\t\t<\/div>\n\t\t\t\t\t\t<\/div>\n\t\t\t\t<\/div>\n\t\t\t\t\t<\/div>\n\t\t<\/div>\n\t\t\t\t\t<\/div>\n\t\t<\/section>\n\t\t\t\t<\/div>","protected":false},"excerpt":{"rendered":"<p>Fehlstellungen im Sprunggelenk k\u00f6nnen zu erheblichen Beschwerden f\u00fchren und die Funktion des gesamten Bewegungsapparates beeinflussen. Erste Probleme machen sich meist durch Schmerzen im Sprunggelenk, ein ver\u00e4ndertes Gangbild oder eine zunehmende Belastung einzelner Fu\u00dfbereiche bemerkbar. H\u00e4ufig treten solche Fehlstellungen infolge von Verletzungen oder aufgrund genetischer Veranlagungen auf. Typische Fehlstellungen sind Varus (\u201eO-Bein\u201c) und Valgus (\u201eX-Bein\u201c), die [&hellip;]<\/p>\n","protected":false},"author":1,"featured_media":0,"parent":44,"menu_order":0,"comment_status":"closed","ping_status":"closed","template":"","meta":{"_acf_changed":false,"footnotes":""},"class_list":["post-49","page","type-page","status-publish","hentry"],"acf":[],"_links":{"self":[{"href":"https:\/\/orthopaede-drschuh.at\/en\/wp-json\/wp\/v2\/pages\/49","targetHints":{"allow":["GET"]}}],"collection":[{"href":"https:\/\/orthopaede-drschuh.at\/en\/wp-json\/wp\/v2\/pages"}],"about":[{"href":"https:\/\/orthopaede-drschuh.at\/en\/wp-json\/wp\/v2\/types\/page"}],"author":[{"embeddable":true,"href":"https:\/\/orthopaede-drschuh.at\/en\/wp-json\/wp\/v2\/users\/1"}],"replies":[{"embeddable":true,"href":"https:\/\/orthopaede-drschuh.at\/en\/wp-json\/wp\/v2\/comments?post=49"}],"version-history":[{"count":3,"href":"https:\/\/orthopaede-drschuh.at\/en\/wp-json\/wp\/v2\/pages\/49\/revisions"}],"predecessor-version":[{"id":4261,"href":"https:\/\/orthopaede-drschuh.at\/en\/wp-json\/wp\/v2\/pages\/49\/revisions\/4261"}],"up":[{"embeddable":true,"href":"https:\/\/orthopaede-drschuh.at\/en\/wp-json\/wp\/v2\/pages\/44"}],"wp:attachment":[{"href":"https:\/\/orthopaede-drschuh.at\/en\/wp-json\/wp\/v2\/media?parent=49"}],"curies":[{"name":"wp","href":"https:\/\/api.w.org\/{rel}","templated":true}]}}