{"id":51,"date":"2020-02-17T11:04:08","date_gmt":"2020-02-17T10:04:08","guid":{"rendered":"https:\/\/orthopaede-drschuh.at.w005c694.kasserver.com\/?page_id=51"},"modified":"2024-12-09T12:14:36","modified_gmt":"2024-12-09T11:14:36","slug":"band","status":"publish","type":"page","link":"https:\/\/orthopaede-drschuh.at\/en\/fuss\/gelenk\/band\/","title":{"rendered":"Ligament injury to the ankle"},"content":{"rendered":"<div data-elementor-type=\"wp-page\" data-elementor-id=\"51\" data-post-id=\"1841\" data-obj-id=\"1841\" class=\"elementor elementor-51 dce-elementor-post-1841\" data-elementor-post-type=\"page\">\n\t\t\t\t\t\t<section class=\"elementor-section elementor-top-section elementor-element elementor-element-b05bd60 elementor-section-boxed elementor-section-height-default elementor-section-height-default\" data-id=\"b05bd60\" data-element_type=\"section\" data-e-type=\"section\">\n\t\t\t\t\t\t<div class=\"elementor-container elementor-column-gap-default\">\n\t\t\t\t\t<div class=\"elementor-column elementor-col-100 elementor-top-column elementor-element elementor-element-508f55b2\" data-id=\"508f55b2\" data-element_type=\"column\" data-e-type=\"column\">\n\t\t\t<div class=\"elementor-widget-wrap elementor-element-populated\">\n\t\t\t\t\t\t\t<\/div>\n\t\t<\/div>\n\t\t\t\t\t<\/div>\n\t\t<\/section>\n\t\t\t\t<section class=\"elementor-section elementor-top-section elementor-element elementor-element-486430ea elementor-section-boxed elementor-section-height-default elementor-section-height-default\" data-id=\"486430ea\" data-element_type=\"section\" data-e-type=\"section\">\n\t\t\t\t\t\t<div class=\"elementor-container elementor-column-gap-default\">\n\t\t\t\t\t<div class=\"elementor-column elementor-col-100 elementor-top-column elementor-element elementor-element-109233a0\" data-id=\"109233a0\" data-element_type=\"column\" data-e-type=\"column\">\n\t\t\t<div class=\"elementor-widget-wrap elementor-element-populated\">\n\t\t\t\t\t\t<div class=\"elementor-element elementor-element-50980b40 elementor-widget elementor-widget-text-editor\" data-id=\"50980b40\" data-element_type=\"widget\" data-e-type=\"widget\" data-widget_type=\"text-editor.default\">\n\t\t\t\t<div class=\"elementor-widget-container\">\n\t\t\t\t\t\t\t\t\t<p>H\u00e4ufig liegt Beschwerden im Fu\u00df und Sprunggelenk eine Bandverletzung zugrunde. Die B\u00e4nder im Sprunggelenk bestehen aus dem dreiteiligen Au\u00dfenband, dem f\u00e4cherf\u00f6rmigen Innenband und der Syndesmose (Bandverbindung zwischen Wadenbein und Schienbein). Verletzungen der B\u00e4nder wie Zerrungen, Einrisse oder komplette Risse entstehen h\u00e4ufig durch \u201eUmknicken&#8220; oder bei Sportunf\u00e4llen. <span class=\"s1\">Eine <\/span><span class=\"s2\">Ligament injury to the ankle<\/span><span class=\"s1\"> sollte fr\u00fchzeitig diagnostiziert und behandelt werden, um langfristige Folgen zu vermeiden. <\/span>Heilen <strong>Bandverletzungen am Fu\u00df<\/strong> nicht richtig aus, verbleibt eine chronische <a href=\"https:\/\/orthopaede-drschuh.at\/en\/fuss\/gelenk\/instabilit%C3%A4t\/\">Fu\u00df Instabilit\u00e4t<\/a>, die zu Schmerzen f\u00fchren kann und vorzeitige Abn\u00fctzung des Gelenks verursacht.<\/p><h2><strong>Therapie von Bandverletzungen am Fu\u00df <\/strong><\/h2><p class=\"translation-block\">As an orthopaedic surgeon for feet and ankles, ligament injuries to the foot are my area of speciality. I would be happy to advise you in my practice in the 19th district of Vienna. In most cases, the extent of the injury to the ligaments and other parts of the joint must first be clarified by means of imaging (MRI). Depending on the extent of the ligament injury to the foot, and on your level of activity, as well as age, I recommend either a non-operative or even an operative form of therapy.<\/p><p>In den meisten F\u00e4llen kann eine <strong>funktionelle Therapie<\/strong> durchgef\u00fchrt werden.<\/p><p class=\"p1\">Das hei\u00dft, dass eine Schienenversorgung in Verbindung mit gezielter <span class=\"s1\"><b>Physiotherapie am Sprunggelenk <\/b><\/span>zur Anwendung kommt. <span class=\"s2\">The <strong>advantages<\/strong> of my private practice are that you <strong>do not<\/strong> have <strong>long waiting times<\/strong>, I can take <strong>enough time<\/strong> for you and appointments are usually available at <strong>short notice<\/strong>. <\/span><span class=\"s1\">Physiotherapie<\/span><span class=\"s2\"> spielt eine entscheidende Rolle in der Rehabilitation, indem sie Beweglichkeit, Stabilit\u00e4t und die allgemeine Funktion des Sprunggelenks verbessert.\u00a0<\/span><\/p><p>Bei sehr ausgepr\u00e4gten Verletzungen und hohem Funktionsanspruch kann auch eine Operation erforderlich werden, um einen optimalen Therapieerfolg zu gew\u00e4hrleisten. Als international anerkannter <a href=\"https:\/\/orthopaede-drschuh.at\/en\/operation\/\"><strong>orthop\u00e4discher Fu\u00dfchirurg<\/strong><\/a> f\u00fchre ich diese Operationen seit Jahren erfolgreich durch. Ich arbeite stets an der Weiterentwicklung modernster Operationsverfahren. Vor allem wende ich minimal invasive arthroskopische Verfahren\u00a0 (\u201eSchl\u00fcssellochchirurgie\u201c) an, die Ihnen eine <strong>schnellere Heilung<\/strong> als konservative Methoden erm\u00f6glichen.<\/p><p class=\"p1\">Nach der Operation ist eine umfassende <span class=\"s1\">Physiotherapie am Sprunggelenk<\/span> wichtig, um die volle Funktionsf\u00e4higkeit des Fu\u00dfes wiederherzustellen und zuk\u00fcnftigen Verletzungen vorzubeugen.<\/p><p class=\"p1\">Zur optimalen Genesung und als konservative Behandlung empfehle ich folgende gezielte Physiotherapie-\u00dcbungen, die speziell auf Bandverletzungen am Sprunggelenk abgestimmt sind.<\/p>\t\t\t\t\t\t\t\t<\/div>\n\t\t\t\t<\/div>\n\t\t\t\t<div class=\"elementor-element elementor-element-7fcd802 elementor-widget elementor-widget-heading\" data-id=\"7fcd802\" data-element_type=\"widget\" data-e-type=\"widget\" data-widget_type=\"heading.default\">\n\t\t\t\t<div class=\"elementor-widget-container\">\n\t\t\t\t\t<h2 class=\"elementor-heading-title elementor-size-default\">\u00dcbungen<\/h2>\t\t\t\t<\/div>\n\t\t\t\t<\/div>\n\t\t\t\t<div class=\"dce-dynamic-posts-collection elementor-element elementor-element-81f98e2 dce-posts-layout-template dce-col-2 dce-col-tablet-2 dce-col-mobile-1 elementor-widget elementor-widget-dce-dynamicposts-v2\" data-id=\"81f98e2\" data-element_type=\"widget\" data-e-type=\"widget\" data-settings=\"{&quot;style_items&quot;:&quot;template&quot;,&quot;grid_grid_type&quot;:&quot;flex&quot;,&quot;grid_scrollreveal_effect_type&quot;:&quot;0&quot;}\" data-widget_type=\"dce-dynamicposts-v2.grid\">\n\t\t\t\t<div class=\"elementor-widget-container\">\n\t\t\t\t\t\n\t\t<div class=\"dce-posts-container is_infiniteScroll dce-posts  dce-skin-grid dce-skin-grid-flex\">\n\t\t\t\t\t\t<div class=\"dce-posts-wrapper dce-wrapper-grid\">\n\t\t\n\t\t<article class=\"dce-post dce-post-item dce-item-grid post-1859 ubungsclips type-ubungsclips status-publish has-post-thumbnail hentry\" data-dce-post-id=\"1859\" data-dce-post-index=\"0\" >\n\t\t\t<div class=\"dce-post-block\">\n\t\t\t\t<div data-elementor-type=\"section\" data-elementor-id=\"1800\" data-post-id=\"1859\" data-obj-id=\"1859\" class=\"elementor elementor-1800 dce-elementor-post-1859 dce-elementor-post-1859\" data-elementor-post-type=\"elementor_library\">\n\t\t\t\t\t<section class=\"elementor-section elementor-top-section elementor-element elementor-element-9e556a9 elementor-section-boxed elementor-section-height-default elementor-section-height-default\" data-id=\"9e556a9\" data-element_type=\"section\" data-e-type=\"section\">\n\t\t\t\t\t\t<div class=\"elementor-container elementor-column-gap-default\">\n\t\t\t\t\t<div class=\"elementor-column elementor-col-100 elementor-top-column elementor-element elementor-element-e0af38b\" data-id=\"e0af38b\" data-element_type=\"column\" data-e-type=\"column\">\n\t\t\t<div class=\"elementor-widget-wrap elementor-element-populated\">\n\t\t\t\t\t\t<div class=\"elementor-element elementor-element-f7e7c63 elementor-widget elementor-widget-video\" data-id=\"f7e7c63\" data-element_type=\"widget\" data-e-type=\"widget\" data-settings=\"{&quot;youtube_url&quot;:&quot;https:\\\/\\\/www.youtube.com\\\/watch?v=mMimxczYTHE&quot;,&quot;mute&quot;:&quot;yes&quot;,&quot;loop&quot;:&quot;yes&quot;,&quot;yt_privacy&quot;:&quot;yes&quot;,&quot;lazy_load&quot;:&quot;yes&quot;,&quot;video_type&quot;:&quot;youtube&quot;}\" data-widget_type=\"video.default\">\n\t\t\t\t<div class=\"elementor-widget-container\">\n\t\t\t\t\t\t\t<div class=\"elementor-wrapper elementor-open-inline\">\n\t\t\t<div class=\"elementor-video\"><\/div>\t\t<\/div>\n\t\t\t\t\t\t<\/div>\n\t\t\t\t<\/div>\n\t\t\t\t<div class=\"elementor-element elementor-element-4c184c6 elementor-position-left elementor-vertical-align-top elementor-widget elementor-widget-image-box\" data-id=\"4c184c6\" data-element_type=\"widget\" data-e-type=\"widget\" data-widget_type=\"image-box.default\">\n\t\t\t\t<div class=\"elementor-widget-container\">\n\t\t\t\t\t<div class=\"elementor-image-box-wrapper\"><figure class=\"elementor-image-box-img\"><a href=\"https:\/\/www.youtube.com\/watch?v=mMimxczYTHE\" tabindex=\"-1\" rel=\"nofollow noopener\" target=\"_blank\"><img decoding=\"async\" width=\"150\" height=\"150\" src=\"https:\/\/orthopaede-drschuh.at\/wp-content\/uploads\/2020\/02\/Dr_Schuh-19-150x150.jpg\" class=\"attachment-thumbnail size-thumbnail wp-image-142\" alt=\"\" \/><\/a><\/figure><div class=\"elementor-image-box-content\"><p class=\"elementor-image-box-description\">\"Stellen Sie sich an eine Wand, wobei Sie sich mit den H\u00e4nden an der Wand abst\u00fctzen. Der Fu\u00df mit der Sprunggelenksinstabilit\u00e4t steht auf dem Boden, den anderen Fu\u00df heben Sie an. Gehen Sie nun mehrmals auf einem Bein stehend leicht in die Knie. Die Fu\u00dfsohle bleibt auf dem Boden. F\u00fchren Sie die \u00dcbung langsam durch.\"<\/p><\/div><\/div>\t\t\t\t<\/div>\n\t\t\t\t<\/div>\n\t\t\t\t\t<\/div>\n\t\t<\/div>\n\t\t\t\t\t<\/div>\n\t\t<\/section>\n\t\t\t\t<\/div>\n\t\t\t\t\t<\/div>\n\t\t<\/article>\n\t\t\n\t\t<article class=\"dce-post dce-post-item dce-item-grid post-1841 ubungsclips type-ubungsclips status-publish has-post-thumbnail hentry\" data-dce-post-id=\"1841\" data-dce-post-index=\"1\" >\n\t\t\t<div class=\"dce-post-block\">\n\t\t\t\t<div data-elementor-type=\"section\" data-elementor-id=\"1800\" data-post-id=\"1841\" data-obj-id=\"1841\" class=\"elementor elementor-1800 dce-elementor-post-1841 dce-elementor-post-1841\" data-elementor-post-type=\"elementor_library\">\n\t\t\t\t\t<section class=\"elementor-section elementor-top-section elementor-element elementor-element-9e556a9 elementor-section-boxed elementor-section-height-default elementor-section-height-default\" data-id=\"9e556a9\" data-element_type=\"section\" data-e-type=\"section\">\n\t\t\t\t\t\t<div class=\"elementor-container elementor-column-gap-default\">\n\t\t\t\t\t<div class=\"elementor-column elementor-col-100 elementor-top-column elementor-element elementor-element-e0af38b\" data-id=\"e0af38b\" data-element_type=\"column\" data-e-type=\"column\">\n\t\t\t<div class=\"elementor-widget-wrap elementor-element-populated\">\n\t\t\t\t\t\t<div class=\"elementor-element elementor-element-f7e7c63 elementor-widget elementor-widget-video\" data-id=\"f7e7c63\" data-element_type=\"widget\" data-e-type=\"widget\" data-settings=\"{&quot;youtube_url&quot;:&quot;https:\\\/\\\/www.youtube.com\\\/watch?v=SlSyYhe6AUA&quot;,&quot;mute&quot;:&quot;yes&quot;,&quot;loop&quot;:&quot;yes&quot;,&quot;yt_privacy&quot;:&quot;yes&quot;,&quot;lazy_load&quot;:&quot;yes&quot;,&quot;video_type&quot;:&quot;youtube&quot;}\" data-widget_type=\"video.default\">\n\t\t\t\t<div class=\"elementor-widget-container\">\n\t\t\t\t\t\t\t<div class=\"elementor-wrapper elementor-open-inline\">\n\t\t\t<div class=\"elementor-video\"><\/div>\t\t<\/div>\n\t\t\t\t\t\t<\/div>\n\t\t\t\t<\/div>\n\t\t\t\t<div class=\"elementor-element elementor-element-4c184c6 elementor-position-left elementor-vertical-align-top elementor-widget elementor-widget-image-box\" data-id=\"4c184c6\" data-element_type=\"widget\" data-e-type=\"widget\" data-widget_type=\"image-box.default\">\n\t\t\t\t<div class=\"elementor-widget-container\">\n\t\t\t\t\t<div class=\"elementor-image-box-wrapper\"><figure class=\"elementor-image-box-img\"><a href=\"https:\/\/www.youtube.com\/watch?v=SlSyYhe6AUA\" tabindex=\"-1\" rel=\"nofollow noopener\" target=\"_blank\"><img decoding=\"async\" width=\"150\" height=\"150\" src=\"https:\/\/orthopaede-drschuh.at\/wp-content\/uploads\/2020\/02\/Dr_Schuh-19-150x150.jpg\" class=\"attachment-thumbnail size-thumbnail wp-image-142\" alt=\"\" \/><\/a><\/figure><div class=\"elementor-image-box-content\"><p class=\"elementor-image-box-description\">\"Diese \u00dcbung fordert auch Ihre Balance. Der Fu\u00df mit der Sprunggelenksinstabilit\u00e4t steht fest auf dem Boden. Wenn Sie Gef\u00fchl von Stabilit\u00e4t haben, heben Sie den anderen Fu\u00df an. Gehen Sie nun mehrmals, auf einem Bein stehend leicht in die Knie. Die Fu\u00dfsohle bleibt auf dem Boden. F\u00fchren Sie die \u00dcbung langsam durch.\r\n\"<\/p><\/div><\/div>\t\t\t\t<\/div>\n\t\t\t\t<\/div>\n\t\t\t\t\t<\/div>\n\t\t<\/div>\n\t\t\t\t\t<\/div>\n\t\t<\/section>\n\t\t\t\t<\/div>\n\t\t\t\t\t<\/div>\n\t\t<\/article>\n\t\t\t\t\t<\/div>\n\t\t\t\t\t<\/div>\n\t\t\t\t\t\t<\/div>\n\t\t\t\t<\/div>\n\t\t\t\t\t<\/div>\n\t\t<\/div>\n\t\t\t\t\t<\/div>\n\t\t<\/section>\n\t\t\t\t<section class=\"elementor-section elementor-top-section elementor-element elementor-element-d5177e6 elementor-section-full_width elementor-section-height-default elementor-section-height-default\" data-id=\"d5177e6\" data-element_type=\"section\" data-e-type=\"section\">\n\t\t\t\t\t\t<div class=\"elementor-container elementor-column-gap-default\">\n\t\t\t\t\t<div class=\"elementor-column elementor-col-100 elementor-top-column elementor-element elementor-element-5724526\" data-id=\"5724526\" data-element_type=\"column\" data-e-type=\"column\">\n\t\t\t<div class=\"elementor-widget-wrap elementor-element-populated\">\n\t\t\t\t\t\t<div class=\"elementor-element elementor-element-0d60b5b elementor-widget elementor-widget-template\" data-id=\"0d60b5b\" data-element_type=\"widget\" data-e-type=\"widget\" data-widget_type=\"template.default\">\n\t\t\t\t<div class=\"elementor-widget-container\">\n\t\t\t\t\t\t\t<div class=\"elementor-template\">\n\t\t\t\t\t<div data-elementor-type=\"section\" data-elementor-id=\"1938\" data-post-id=\"1841\" data-obj-id=\"1841\" class=\"elementor elementor-1938 dce-elementor-post-1841\" data-elementor-post-type=\"elementor_library\">\n\t\t\t\t\t<section data-dce-background-overlay-color=\"rgba(255, 255, 255, 0)\" data-dce-background-image-url=\"https:\/\/orthopaede-drschuh.at\/wp-content\/uploads\/2020\/02\/Dr_Schuh-1.jpg\" class=\"elementor-section elementor-top-section elementor-element elementor-element-d1c36e3 elementor-section-boxed elementor-section-height-default elementor-section-height-default\" data-id=\"d1c36e3\" data-element_type=\"section\" data-e-type=\"section\" data-settings=\"{&quot;background_background&quot;:&quot;classic&quot;}\">\n\t\t\t\t\t\t\t<div class=\"elementor-background-overlay\"><\/div>\n\t\t\t\t\t\t\t<div class=\"elementor-container elementor-column-gap-default\">\n\t\t\t\t\t<div class=\"elementor-column elementor-col-100 elementor-top-column elementor-element elementor-element-5616372\" data-id=\"5616372\" data-element_type=\"column\" data-e-type=\"column\">\n\t\t\t<div class=\"elementor-widget-wrap elementor-element-populated\">\n\t\t\t\t\t\t<div class=\"elementor-element elementor-element-632cf08 elementor-view-stacked elementor-position-inline-start elementor-shape-circle elementor-mobile-position-block-start elementor-widget elementor-widget-icon-box\" data-id=\"632cf08\" data-element_type=\"widget\" data-e-type=\"widget\" data-widget_type=\"icon-box.default\">\n\t\t\t\t<div class=\"elementor-widget-container\">\n\t\t\t\t\t\t\t<div class=\"elementor-icon-box-wrapper\">\n\n\t\t\t\t\t\t<div class=\"elementor-icon-box-icon\">\n\t\t\t\t<a href=\"https:\/\/orthopaede-drschuh.at\/en\/kontakt\/\" class=\"elementor-icon elementor-animation-grow\" tabindex=\"-1\" aria-label=\"Arrange a Meeting\">\n\t\t\t\t<i aria-hidden=\"true\" class=\"fas fa-phone\"><\/i>\t\t\t\t<\/a>\n\t\t\t<\/div>\n\t\t\t\n\t\t\t\t\t\t<div class=\"elementor-icon-box-content\">\n\n\t\t\t\t\t\t\t\t\t<h3 class=\"elementor-icon-box-title\">\n\t\t\t\t\t\t<a href=\"https:\/\/orthopaede-drschuh.at\/en\/kontakt\/\">\n\t\t\t\t\t\t\tArrange a Meeting\t\t\t\t\t\t<\/a>\n\t\t\t\t\t<\/h3>\n\t\t\t\t\n\t\t\t\t\t\t\t\t\t<p class=\"elementor-icon-box-description\">\n\t\t\t\t\t\tPlease make an appointment! \t\t\t\t\t<\/p>\n\t\t\t\t\n\t\t\t<\/div>\n\t\t\t\n\t\t<\/div>\n\t\t\t\t\t\t<\/div>\n\t\t\t\t<\/div>\n\t\t\t\t\t<\/div>\n\t\t<\/div>\n\t\t\t\t\t<\/div>\n\t\t<\/section>\n\t\t\t\t<\/div>\n\t\t\t\t<\/div>\n\t\t\t\t\t\t<\/div>\n\t\t\t\t<\/div>\n\t\t\t\t\t<\/div>\n\t\t<\/div>\n\t\t\t\t\t<\/div>\n\t\t<\/section>\n\t\t\t\t<\/div>","protected":false},"excerpt":{"rendered":"<p>H\u00e4ufig liegt Beschwerden im Fu\u00df und Sprunggelenk eine Bandverletzung zugrunde. Die B\u00e4nder im Sprunggelenk bestehen aus dem dreiteiligen Au\u00dfenband, dem f\u00e4cherf\u00f6rmigen Innenband und der Syndesmose (Bandverbindung zwischen Wadenbein und Schienbein). Verletzungen der B\u00e4nder wie Zerrungen, Einrisse oder komplette Risse entstehen h\u00e4ufig durch \u201eUmknicken&#8220; oder bei Sportunf\u00e4llen. Eine Bandverletzung am Sprunggelenk sollte fr\u00fchzeitig diagnostiziert und behandelt [&hellip;]<\/p>\n","protected":false},"author":1,"featured_media":0,"parent":44,"menu_order":0,"comment_status":"closed","ping_status":"closed","template":"","meta":{"_acf_changed":false,"footnotes":""},"class_list":["post-51","page","type-page","status-publish","hentry"],"acf":[],"_links":{"self":[{"href":"https:\/\/orthopaede-drschuh.at\/en\/wp-json\/wp\/v2\/pages\/51","targetHints":{"allow":["GET"]}}],"collection":[{"href":"https:\/\/orthopaede-drschuh.at\/en\/wp-json\/wp\/v2\/pages"}],"about":[{"href":"https:\/\/orthopaede-drschuh.at\/en\/wp-json\/wp\/v2\/types\/page"}],"author":[{"embeddable":true,"href":"https:\/\/orthopaede-drschuh.at\/en\/wp-json\/wp\/v2\/users\/1"}],"replies":[{"embeddable":true,"href":"https:\/\/orthopaede-drschuh.at\/en\/wp-json\/wp\/v2\/comments?post=51"}],"version-history":[{"count":4,"href":"https:\/\/orthopaede-drschuh.at\/en\/wp-json\/wp\/v2\/pages\/51\/revisions"}],"predecessor-version":[{"id":4267,"href":"https:\/\/orthopaede-drschuh.at\/en\/wp-json\/wp\/v2\/pages\/51\/revisions\/4267"}],"up":[{"embeddable":true,"href":"https:\/\/orthopaede-drschuh.at\/en\/wp-json\/wp\/v2\/pages\/44"}],"wp:attachment":[{"href":"https:\/\/orthopaede-drschuh.at\/en\/wp-json\/wp\/v2\/media?parent=51"}],"curies":[{"name":"wp","href":"https:\/\/api.w.org\/{rel}","templated":true}]}}