{"id":55,"date":"2020-02-17T11:05:48","date_gmt":"2020-02-17T10:05:48","guid":{"rendered":"https:\/\/orthopaede-drschuh.at.w005c694.kasserver.com\/?page_id=55"},"modified":"2024-12-09T12:28:03","modified_gmt":"2024-12-09T11:28:03","slug":"knorpel","status":"publish","type":"page","link":"https:\/\/orthopaede-drschuh.at\/en\/fuss\/gelenk\/knorpel\/","title":{"rendered":"Cartilage damage to the ankle"},"content":{"rendered":"<div data-elementor-type=\"wp-page\" data-elementor-id=\"55\" data-post-id=\"55\" data-obj-id=\"55\" class=\"elementor elementor-55 dce-elementor-post-55\" data-elementor-post-type=\"page\">\n\t\t\t\t\t\t<section class=\"elementor-section elementor-top-section elementor-element elementor-element-64642b8 elementor-section-boxed elementor-section-height-default elementor-section-height-default\" data-id=\"64642b8\" data-element_type=\"section\" data-e-type=\"section\">\n\t\t\t\t\t\t<div class=\"elementor-container elementor-column-gap-default\">\n\t\t\t\t\t<div class=\"elementor-column elementor-col-100 elementor-top-column elementor-element elementor-element-7134b5d7\" data-id=\"7134b5d7\" data-element_type=\"column\" data-e-type=\"column\">\n\t\t\t<div class=\"elementor-widget-wrap elementor-element-populated\">\n\t\t\t\t\t\t\t<\/div>\n\t\t<\/div>\n\t\t\t\t\t<\/div>\n\t\t<\/section>\n\t\t\t\t<section class=\"elementor-section elementor-top-section elementor-element elementor-element-7442a9dd elementor-section-boxed elementor-section-height-default elementor-section-height-default\" data-id=\"7442a9dd\" data-element_type=\"section\" data-e-type=\"section\">\n\t\t\t\t\t\t<div class=\"elementor-container elementor-column-gap-default\">\n\t\t\t\t\t<div class=\"elementor-column elementor-col-100 elementor-top-column elementor-element elementor-element-1c60a30c\" data-id=\"1c60a30c\" data-element_type=\"column\" data-e-type=\"column\">\n\t\t\t<div class=\"elementor-widget-wrap elementor-element-populated\">\n\t\t\t\t\t\t<div class=\"elementor-element elementor-element-4f125614 elementor-widget elementor-widget-text-editor\" data-id=\"4f125614\" data-element_type=\"widget\" data-e-type=\"widget\" data-widget_type=\"text-editor.default\">\n\t\t\t\t<div class=\"elementor-widget-container\">\n\t\t\t\t\t\t\t\t\t<h2><strong>Articular cartilage<\/strong><\/h2>\n<p><!-- \/wp:paragraph --><\/p>\n<p><!-- wp:paragraph --><\/p>\n<p><span style=\"font-weight: 400;\">Der Knorpel ist eine Struktur, welche die Gelenksfl\u00e4chen der Gelenke \u00fcberzieht und so zwei Knochenst\u00fccke verbindet. Der gesunde <\/span>Gelenkknorpel <span style=\"font-weight: 400;\">hat einen hohen Fl\u00fcssigkeitsanteil und wird \u00fcber die Gelenksfl\u00fcssigkeit ern\u00e4hrt. Am Fu\u00df und Sprunggelenk sind die gelenksbildenden Teile von Schienbein, Wadenbein und Sprungbein von Knorpel \u00fcberzogen. Letzteres ist am h\u00e4ufigsten von einem Knorpelschaden betroffen. <\/span><span style=\"font-weight: 400;\">Ein solcher Knorpelschaden am Sprunggelenk f\u00fchrt oft zu Schmerzen, Bewegungseinschr\u00e4nkungen und kann langfristig die Gelenkfunktion beeintr\u00e4chtigen.<\/span><\/p>\n<p><!-- \/wp:paragraph --><\/p>\n<p><!-- wp:paragraph --><\/p>\n<h2><strong>Wie entsteht ein Knorpelschaden am \u00a0Sprunggelenk<br \/><\/strong><\/h2>\n<p><!-- \/wp:paragraph --><\/p>\n<p><!-- wp:paragraph --><\/p>\n<p><span style=\"font-weight: 400;\">Durch Krafteinwirkung im Rahmen einer Verletzung oder durch andere, derzeit nicht bekannte Gr\u00fcnde, kann es zu einer Sch\u00e4digung eines Teiles des Gelenksknorpels kommen. <\/span><span style=\"font-weight: 400;\">Dies tritt h\u00e4ufig nach einem Umknicken oder einer \u00dcberlastung des Fu\u00dfes auf, insbesondere wenn das <\/span><b>Sprunggelenk geschwollen<\/b><span style=\"font-weight: 400;\"> bleibt.<\/span><span style=\"font-weight: 400;\"> Die Sch\u00e4digung kann verschiedene Stadien einnehmen, wonach sich auch die ad\u00e4quate Therapie orientiert. Unbehandelt k\u00f6nnen <\/span><span style=\"font-weight: 400;\">Knorpelsch\u00e4den im Sprunggelenk<\/span><span style=\"font-weight: 400;\"> voranschreiten und mittelfristig zu einer kompletten Zerst\u00f6rung des Gelenks f\u00fchren.<\/span><\/p>\n<p><!-- \/wp:paragraph --><\/p>\n<p><!-- wp:paragraph --><\/p>\n<h2><strong>Therapie von einem Knorpelschaden am \u00a0Sprunggelenk<br \/><\/strong><\/h2>\n<p><!-- \/wp:paragraph --><\/p>\n<p><!-- wp:paragraph --><\/p>\n<p class=\"translation-block\">In my capacity as a specialist for foot orthopaedics, I will be happy to advise you, at an appointment at my practice, on adequate therapy options for cartilage damage to the foot. The first step is a conscientious diagnosis following imaging clarification by means of an MRI scan.<\/p>\n<p><span style=\"font-weight: 400;\">Die Therapie richtet sich nach dem Stadium des Schadens:<\/span><\/p>\n<ul>\n<li style=\"font-weight: 400;\" aria-level=\"1\"><b>Fr\u00fchstadium<\/b><span style=\"font-weight: 400;\">: Entlastung, Physiotherapie und gezielte Injektionen zur Unterst\u00fctzung der Heilung des <\/span><b>Gelenkknorpels<\/b><span style=\"font-weight: 400;\">.<\/span><span style=\"font-weight: 400;\"><br \/><br \/><\/span><\/li>\n<li style=\"font-weight: 400;\" aria-level=\"1\"><b>Fortgeschrittenes Stadium<\/b><span style=\"font-weight: 400;\">: Hier kann eine <\/span><a href=\"https:\/\/orthopaede-drschuh.at\/en\/operation\/\"><span style=\"font-weight: 400;\">operation<\/span><\/a><span style=\"font-weight: 400;\"> notwendig werden. Diese f\u00fchre ich als orthop\u00e4discher Fu\u00dfchirurg unter Einsatz modernster Techniken durch. Bei der Operation wird der kaputte Gelenksknorpel entfernt und je nach Situation eine Stimulation zur Knorpelneubildung oder ein Knorpelersatz durchgef\u00fchrt. Ich setze dabei vorwiegend minimal invasive arthroskopische Verfahren\u00a0 (\u201eSchl\u00fcssellochchirurgie\u201c) ein.\u00a0<\/span><\/li>\n<\/ul>\n<p><span style=\"font-weight: 400;\">Durch meine Forschungsarbeit konnte ich diese Operationsmethode weiterentwickeln. Ebenso f\u00fchre ich modernste biologische Methoden mit <\/span><a href=\"https:\/\/orthopaede-drschuh.at\/en\/fuss\/arthrose\/stammzellentherapie\/\"><span style=\"font-weight: 400;\">Stem cell therapy<\/span><\/a><span style=\"font-weight: 400;\"> durch an deren Weiterentwicklung ich ebenfalls beteiligt bin.<\/span><\/p>\n<h2><b>Was tun, wenn das Sprunggelenk geschwollen ist?<\/b><\/h2>\n<p><span style=\"font-weight: 400;\">Ein geschwollenes Sprunggelenk ist ein h\u00e4ufiges Symptom bei Verletzungen oder Sch\u00e4den am Fu\u00df. Als erfahrener <\/span><b>F\u00fc\u00dfe Arzt<\/b><span style=\"font-weight: 400;\"> empfehle ich, Schwellungen ernst zu nehmen, da sie auf Entz\u00fcndungen, Instabilit\u00e4t oder einen <\/span><b>Knorpelschaden im Sprunggelenk<\/b><span style=\"font-weight: 400;\"> hinweisen k\u00f6nnen. Eine fr\u00fchzeitige Abkl\u00e4rung, am besten durch einen Spezialisten f\u00fcr <\/span><b>Fu\u00dforthop\u00e4die<\/b><span style=\"font-weight: 400;\">, ist essenziell, um Langzeitsch\u00e4den zu vermeiden.<\/span><\/p>\n<p><span style=\"font-weight: 400;\">Als <\/span>Wahlarzt-Orthop\u00e4de<span style=\"font-weight: 400;\"> biete ich Ihnen umfassende Betreuung ohne lange Wartezeiten und mit individuell angepassten Therapiekonzepten. Mein Fokus liegt darauf, die Funktion Ihres Sprunggelenks wiederherzustellen und Ihnen eine schmerzfreie Mobilit\u00e4t zu erm\u00f6glichen. In meiner Ordination verbinde ich modernste Technologien wie die <\/span><b>Arthroskopie am Sprunggelenk<\/b><span style=\"font-weight: 400;\"> mit pers\u00f6nlicher Betreuung.<\/span><\/p>\n<p><!-- \/wp:paragraph --><\/p>\t\t\t\t\t\t\t\t<\/div>\n\t\t\t\t<\/div>\n\t\t\t\t\t<\/div>\n\t\t<\/div>\n\t\t\t\t\t<\/div>\n\t\t<\/section>\n\t\t\t\t<section class=\"elementor-section elementor-top-section elementor-element elementor-element-2722efd elementor-section-full_width elementor-section-height-default elementor-section-height-default\" data-id=\"2722efd\" data-element_type=\"section\" data-e-type=\"section\">\n\t\t\t\t\t\t<div class=\"elementor-container elementor-column-gap-default\">\n\t\t\t\t\t<div class=\"elementor-column elementor-col-100 elementor-top-column elementor-element elementor-element-19f62cb\" data-id=\"19f62cb\" data-element_type=\"column\" data-e-type=\"column\">\n\t\t\t<div class=\"elementor-widget-wrap elementor-element-populated\">\n\t\t\t\t\t\t<div class=\"elementor-element elementor-element-e138f4f elementor-widget elementor-widget-template\" data-id=\"e138f4f\" data-element_type=\"widget\" data-e-type=\"widget\" data-widget_type=\"template.default\">\n\t\t\t\t<div class=\"elementor-widget-container\">\n\t\t\t\t\t\t\t<div class=\"elementor-template\">\n\t\t\t\t\t<div data-elementor-type=\"section\" data-elementor-id=\"1938\" data-post-id=\"55\" data-obj-id=\"55\" class=\"elementor elementor-1938 dce-elementor-post-55\" data-elementor-post-type=\"elementor_library\">\n\t\t\t\t\t<section data-dce-background-overlay-color=\"rgba(255, 255, 255, 0)\" data-dce-background-image-url=\"https:\/\/orthopaede-drschuh.at\/wp-content\/uploads\/2020\/02\/Dr_Schuh-1.jpg\" class=\"elementor-section elementor-top-section elementor-element elementor-element-d1c36e3 elementor-section-boxed elementor-section-height-default elementor-section-height-default\" data-id=\"d1c36e3\" data-element_type=\"section\" data-e-type=\"section\" data-settings=\"{&quot;background_background&quot;:&quot;classic&quot;}\">\n\t\t\t\t\t\t\t<div class=\"elementor-background-overlay\"><\/div>\n\t\t\t\t\t\t\t<div class=\"elementor-container elementor-column-gap-default\">\n\t\t\t\t\t<div class=\"elementor-column elementor-col-100 elementor-top-column elementor-element elementor-element-5616372\" data-id=\"5616372\" data-element_type=\"column\" data-e-type=\"column\">\n\t\t\t<div class=\"elementor-widget-wrap elementor-element-populated\">\n\t\t\t\t\t\t<div class=\"elementor-element elementor-element-632cf08 elementor-view-stacked elementor-position-inline-start elementor-shape-circle elementor-mobile-position-block-start elementor-widget elementor-widget-icon-box\" data-id=\"632cf08\" data-element_type=\"widget\" data-e-type=\"widget\" data-widget_type=\"icon-box.default\">\n\t\t\t\t<div class=\"elementor-widget-container\">\n\t\t\t\t\t\t\t<div class=\"elementor-icon-box-wrapper\">\n\n\t\t\t\t\t\t<div class=\"elementor-icon-box-icon\">\n\t\t\t\t<a href=\"https:\/\/orthopaede-drschuh.at\/en\/kontakt\/\" class=\"elementor-icon elementor-animation-grow\" tabindex=\"-1\" aria-label=\"Arrange a Meeting\">\n\t\t\t\t<i aria-hidden=\"true\" class=\"fas fa-phone\"><\/i>\t\t\t\t<\/a>\n\t\t\t<\/div>\n\t\t\t\n\t\t\t\t\t\t<div class=\"elementor-icon-box-content\">\n\n\t\t\t\t\t\t\t\t\t<h3 class=\"elementor-icon-box-title\">\n\t\t\t\t\t\t<a href=\"https:\/\/orthopaede-drschuh.at\/en\/kontakt\/\" >\n\t\t\t\t\t\t\tArrange a Meeting\t\t\t\t\t\t<\/a>\n\t\t\t\t\t<\/h3>\n\t\t\t\t\n\t\t\t\t\t\t\t\t\t<p class=\"elementor-icon-box-description\">\n\t\t\t\t\t\tPlease make an appointment! \t\t\t\t\t<\/p>\n\t\t\t\t\n\t\t\t<\/div>\n\t\t\t\n\t\t<\/div>\n\t\t\t\t\t\t<\/div>\n\t\t\t\t<\/div>\n\t\t\t\t\t<\/div>\n\t\t<\/div>\n\t\t\t\t\t<\/div>\n\t\t<\/section>\n\t\t\t\t<\/div>\n\t\t\t\t<\/div>\n\t\t\t\t\t\t<\/div>\n\t\t\t\t<\/div>\n\t\t\t\t\t<\/div>\n\t\t<\/div>\n\t\t\t\t\t<\/div>\n\t\t<\/section>\n\t\t\t\t<\/div>","protected":false},"excerpt":{"rendered":"<p>Gelenksknorpel Der Knorpel ist eine Struktur, welche die Gelenksfl\u00e4chen der Gelenke \u00fcberzieht und so zwei Knochenst\u00fccke verbindet. Der gesunde Gelenkknorpel hat einen hohen Fl\u00fcssigkeitsanteil und wird \u00fcber die Gelenksfl\u00fcssigkeit ern\u00e4hrt. Am Fu\u00df und Sprunggelenk sind die gelenksbildenden Teile von Schienbein, Wadenbein und Sprungbein von Knorpel \u00fcberzogen. Letzteres ist am h\u00e4ufigsten von einem Knorpelschaden betroffen. Ein [&hellip;]<\/p>\n","protected":false},"author":1,"featured_media":0,"parent":44,"menu_order":0,"comment_status":"closed","ping_status":"closed","template":"","meta":{"_acf_changed":false,"footnotes":""},"class_list":["post-55","page","type-page","status-publish","hentry"],"acf":[],"_links":{"self":[{"href":"https:\/\/orthopaede-drschuh.at\/en\/wp-json\/wp\/v2\/pages\/55","targetHints":{"allow":["GET"]}}],"collection":[{"href":"https:\/\/orthopaede-drschuh.at\/en\/wp-json\/wp\/v2\/pages"}],"about":[{"href":"https:\/\/orthopaede-drschuh.at\/en\/wp-json\/wp\/v2\/types\/page"}],"author":[{"embeddable":true,"href":"https:\/\/orthopaede-drschuh.at\/en\/wp-json\/wp\/v2\/users\/1"}],"replies":[{"embeddable":true,"href":"https:\/\/orthopaede-drschuh.at\/en\/wp-json\/wp\/v2\/comments?post=55"}],"version-history":[{"count":3,"href":"https:\/\/orthopaede-drschuh.at\/en\/wp-json\/wp\/v2\/pages\/55\/revisions"}],"predecessor-version":[{"id":3946,"href":"https:\/\/orthopaede-drschuh.at\/en\/wp-json\/wp\/v2\/pages\/55\/revisions\/3946"}],"up":[{"embeddable":true,"href":"https:\/\/orthopaede-drschuh.at\/en\/wp-json\/wp\/v2\/pages\/44"}],"wp:attachment":[{"href":"https:\/\/orthopaede-drschuh.at\/en\/wp-json\/wp\/v2\/media?parent=55"}],"curies":[{"name":"wp","href":"https:\/\/api.w.org\/{rel}","templated":true}]}}