{"id":560,"date":"2020-03-10T17:27:11","date_gmt":"2020-03-10T16:27:11","guid":{"rendered":"https:\/\/orthopaede-drschuh.at.w005c694.kasserver.com\/?page_id=560"},"modified":"2025-07-22T08:43:12","modified_gmt":"2025-07-22T06:43:12","slug":"arthrose-sprunggelenk","status":"publish","type":"page","link":"https:\/\/orthopaede-drschuh.at\/en\/fuss\/arthrose\/arthrose-sprunggelenk\/","title":{"rendered":"Arthrosis in the ankle"},"content":{"rendered":"\t\t<div data-elementor-type=\"wp-page\" data-elementor-id=\"560\" data-post-id=\"560\" data-obj-id=\"560\" class=\"elementor elementor-560 dce-elementor-post-560\" data-elementor-post-type=\"page\">\n\t\t\t\t\t\t<section class=\"elementor-section elementor-top-section elementor-element elementor-element-3238994 elementor-section-boxed elementor-section-height-default elementor-section-height-default\" data-id=\"3238994\" data-element_type=\"section\" data-e-type=\"section\">\n\t\t\t\t\t\t<div class=\"elementor-container elementor-column-gap-default\">\n\t\t\t\t\t<div class=\"elementor-column elementor-col-100 elementor-top-column elementor-element elementor-element-0b897b3\" data-id=\"0b897b3\" data-element_type=\"column\" data-e-type=\"column\">\n\t\t\t<div class=\"elementor-widget-wrap elementor-element-populated\">\n\t\t\t\t\t\t\t<\/div>\n\t\t<\/div>\n\t\t\t\t\t<\/div>\n\t\t<\/section>\n\t\t\t\t<section class=\"elementor-section elementor-top-section elementor-element elementor-element-33440da elementor-section-boxed elementor-section-height-default elementor-section-height-default\" data-id=\"33440da\" data-element_type=\"section\" data-e-type=\"section\">\n\t\t\t\t\t\t<div class=\"elementor-container elementor-column-gap-default\">\n\t\t\t\t\t<div class=\"elementor-column elementor-col-66 elementor-top-column elementor-element elementor-element-d9463fa\" data-id=\"d9463fa\" data-element_type=\"column\" data-e-type=\"column\">\n\t\t\t<div class=\"elementor-widget-wrap elementor-element-populated\">\n\t\t\t\t\t\t<div class=\"elementor-element elementor-element-172ec1a elementor-widget elementor-widget-text-editor\" data-id=\"172ec1a\" data-element_type=\"widget\" data-e-type=\"widget\" data-widget_type=\"text-editor.default\">\n\t\t\t\t<div class=\"elementor-widget-container\">\n\t\t\t\t\t\t\t\t\t<p>Um die Entstehung einer Sprunggelenksarthrose besser zu verstehen, lohnt sich ein Blick auf den anatomischen Aufbau des Gelenks: Das obere Sprunggelenk besteht aus drei Knochen, dem Sprungbein (Talus), Schienbein (Tibia) und Wadenbein (Fibula). Es arbeitet \u00e4hnlich einem Schanier. Die Knochen sind von einem Gelenksknorpel, der die St\u00f6\u00dfe d\u00e4mpft, \u00fcberzogen. Im Rahmen der <a href=\"Arthrose\"><strong>Arthrose<\/strong><\/a> <strong>am Sprunggelenk<\/strong> (Gelenkverschlei\u00df) kommt es, wie auch bei anderen Gelenken,\u00a0zur Abn\u00fctzung des Gelenksknorpels.\u00a0Dadurch wird die Gelenksfunktion gest\u00f6rt\u00a0und der Bewegungsumfang des Gelenks eingeschr\u00e4nkt.<\/p>\n<p>Die Arthrose kann verschiedene <strong>Ursachen<\/strong> haben. Sprunggelenksarthrose tritt vor allem als Folgeerscheinung nach <strong>Kn\u00f6chelverletzungen<\/strong> auf. <span style=\"font-weight: 400;\">Besonders nach Br\u00fcchen oder starken B\u00e4nderverletzungen im Sprunggelenk entwickeln viele Patient:innen \u00fcber Jahre hinweg eine Arthrose.<\/span> Schmerzen bei Belastung stellen das Hauptsymptom der Sprunggelenksarthrose dar. H\u00e4ufig treten bei Sprunggelenksarthrose auch wiederkehrende Schwellungszust\u00e4nde im Kn\u00f6chelbereich auf. <span style=\"font-weight: 400;\">Wer unter wiederkehrenden Beschwerden leidet, sollte fr\u00fchzeitig einen Orthop\u00e4den in Wien aufsuchen. <\/span>Bei fortgeschrittenen Stadien der Sprunggelenksarthrose wird auch die Beweglichkeit im oberen Sprunggelenk eingeschr\u00e4nkt. Es kann bei Sprunggelenksarthrose auch eine zunehmende Fehlstellung in der Kn\u00f6chelregion beobachtet werden. <span style=\"font-weight: 400;\">Viele Betroffene berichten, dass der Fu\u00df schmerzt, insbesondere nach l\u00e4ngeren Gehstrecken oder sportlicher Belastung.<\/span><\/p>\n<h2>Therapie von Sprung\u00adgelenks\u00adarthrose bei <a href=\"https:\/\/orthopaede-drschuh.at\/ueber-mich\">OA Priv. Doz. Dr. Reinhard Schuh<\/a><\/h2>\n<p>In gering ausgepr\u00e4gten Stadien der Sprunggelenksarthrose erfolgt die Therapie <strong>nicht operativ<\/strong>. Dies beinhaltet physikalische Ma\u00dfnahmen und Physiotherapie sowie d\u00e4mpfende Einlagen und orthop\u00e4dische Schuhe. <span style=\"font-weight: 400;\">Auch der gezielte Einsatz von Bandagen zur Stabilisierung des Sprunggelenks kann Beschwerden lindern.<\/span> Injektionen in das Sprunggelenk zur Reduktion der Gelenksreizung oder Pr\u00e4parate zur Unterst\u00fctzung des Knorpelaufbaus k\u00f6nnen hilfreich sein.<\/p>\n<p>Wenn diese Ma\u00dfnahmen nicht mehr ausreichen, muss eine <strong>Operation am Sprunggelenk <\/strong>durchgef\u00fchrt werden. <span style=\"font-weight: 400;\">Als erfahrener Orthop\u00e4de in Wien kl\u00e4re ich Sie umfassend \u00fcber alle Optionen auf. <\/span>Bei wenig ausgepr\u00e4gter Sprunggelenksarthrose f\u00fchren minimal invasive arthroskopische Eingriffe oder Achskorrekturen zum Erfolg.<\/p>\n<p>Bei endgradiger Sprunggelenksarthrose ist die Gelenksstabilisation (Arthrodese) oder das Kunstgelenk (Endoprothese) erforderlich. <span style=\"font-weight: 400;\">In beiden F\u00e4llen wird die Beweglichkeit stark eingeschr\u00e4nkt, aber die Schmerzen im Fu\u00df k\u00f6nnen dadurch deutlich reduziert werden.<\/span><\/p>\n<p><span style=\"font-weight: 400;\">Als Experte f\u00fcr <a href=\"https:\/\/orthopaede-drschuh.at\/operation\">Fu\u00dfchirurgie<\/a> und Sprunggelenkserkrankungen berate ich Sie gerne individuell in meiner Ordination in Wien.<\/span><\/p>\n<p>\u00a0<\/p>\t\t\t\t\t\t\t\t<\/div>\n\t\t\t\t<\/div>\n\t\t\t\t<div class=\"elementor-element elementor-element-f1cb4ac elementor-widget elementor-widget-accordion\" data-id=\"f1cb4ac\" data-element_type=\"widget\" data-e-type=\"widget\" data-widget_type=\"accordion.default\">\n\t\t\t\t<div class=\"elementor-widget-container\">\n\t\t\t\t\t\t\t<div class=\"elementor-accordion\">\n\t\t\t\t\t\t\t<div class=\"elementor-accordion-item\">\n\t\t\t\t\t<div id=\"elementor-tab-title-2531\" class=\"elementor-tab-title\" data-tab=\"1\" role=\"button\" aria-controls=\"elementor-tab-content-2531\" aria-expanded=\"false\">\n\t\t\t\t\t\t\t\t\t\t\t\t\t<span class=\"elementor-accordion-icon elementor-accordion-icon-left\" aria-hidden=\"true\">\n\t\t\t\t\t\t\t\t\t\t\t\t\t\t\t<span class=\"elementor-accordion-icon-closed\"><i class=\"fas fa-plus\"><\/i><\/span>\n\t\t\t\t\t\t\t\t<span class=\"elementor-accordion-icon-opened\"><i class=\"fas fa-minus\"><\/i><\/span>\n\t\t\t\t\t\t\t\t\t\t\t\t\t\t<\/span>\n\t\t\t\t\t\t\t\t\t\t\t\t<a class=\"elementor-accordion-title\" tabindex=\"0\">Was ist Sprunggelenksarthrose?<\/a>\n\t\t\t\t\t<\/div>\n\t\t\t\t\t<div id=\"elementor-tab-content-2531\" class=\"elementor-tab-content elementor-clearfix\" data-tab=\"1\" role=\"region\" aria-labelledby=\"elementor-tab-title-2531\"><p>Bei einer Sprunggelenksarthrose kommt es am oberen und bzw. oder am oberen Sprunggelenk zu einer Abn\u00fctzung des Gelenksknorpels. Dadurch wird die Beweglichkeit des Sprunggelenks eingeschr\u00e4nkt.<\/p><\/div>\n\t\t\t\t<\/div>\n\t\t\t\t\t\t\t<div class=\"elementor-accordion-item\">\n\t\t\t\t\t<div id=\"elementor-tab-title-2532\" class=\"elementor-tab-title\" data-tab=\"2\" role=\"button\" aria-controls=\"elementor-tab-content-2532\" aria-expanded=\"false\">\n\t\t\t\t\t\t\t\t\t\t\t\t\t<span class=\"elementor-accordion-icon elementor-accordion-icon-left\" aria-hidden=\"true\">\n\t\t\t\t\t\t\t\t\t\t\t\t\t\t\t<span class=\"elementor-accordion-icon-closed\"><i class=\"fas fa-plus\"><\/i><\/span>\n\t\t\t\t\t\t\t\t<span class=\"elementor-accordion-icon-opened\"><i class=\"fas fa-minus\"><\/i><\/span>\n\t\t\t\t\t\t\t\t\t\t\t\t\t\t<\/span>\n\t\t\t\t\t\t\t\t\t\t\t\t<a class=\"elementor-accordion-title\" tabindex=\"0\">Was sind die Symptome bei Sprunggelenksarthrose?<\/a>\n\t\t\t\t\t<\/div>\n\t\t\t\t\t<div id=\"elementor-tab-content-2532\" class=\"elementor-tab-content elementor-clearfix\" data-tab=\"2\" role=\"region\" aria-labelledby=\"elementor-tab-title-2532\"><p>Anfangs macht sich bei Sprunggelenksarthrose ein Ziehen oder ein tief sitzender Schmerz im Gelenk bemerkbar. Sp\u00e4ter kommt es nach dem Aufstehen zu Anlaufschmerzen und Belastungsschmerzen. Zunehmend ist die Beweglichkeit des Gelenks eingeschr\u00e4nkt und die nat\u00fcrliche Form des Sprunggelenks ver\u00e4ndert sich. In sehr sp\u00e4tem Stadium kommt es zu einer Versteifung des Sprunggelenks. <span style=\"font-weight: 400;\">Auch hier ist es wichtig, einen spezialisierten Facharzt zu kontaktieren, falls der Fu\u00df schmerzt oder sich Fehlstellungen entwickeln. Als Orthop\u00e4den in Wien stehe ich Ihnen dabei gerne zur Verf\u00fcgung.<\/span><\/p><\/div>\n\t\t\t\t<\/div>\n\t\t\t\t\t\t\t<div class=\"elementor-accordion-item\">\n\t\t\t\t\t<div id=\"elementor-tab-title-2533\" class=\"elementor-tab-title\" data-tab=\"3\" role=\"button\" aria-controls=\"elementor-tab-content-2533\" aria-expanded=\"false\">\n\t\t\t\t\t\t\t\t\t\t\t\t\t<span class=\"elementor-accordion-icon elementor-accordion-icon-left\" aria-hidden=\"true\">\n\t\t\t\t\t\t\t\t\t\t\t\t\t\t\t<span class=\"elementor-accordion-icon-closed\"><i class=\"fas fa-plus\"><\/i><\/span>\n\t\t\t\t\t\t\t\t<span class=\"elementor-accordion-icon-opened\"><i class=\"fas fa-minus\"><\/i><\/span>\n\t\t\t\t\t\t\t\t\t\t\t\t\t\t<\/span>\n\t\t\t\t\t\t\t\t\t\t\t\t<a class=\"elementor-accordion-title\" tabindex=\"0\">Wie wird Sprunggelenksarthrose behandelt?<\/a>\n\t\t\t\t\t<\/div>\n\t\t\t\t\t<div id=\"elementor-tab-content-2533\" class=\"elementor-tab-content elementor-clearfix\" data-tab=\"3\" role=\"region\" aria-labelledby=\"elementor-tab-title-2533\"><p>Die Behandlung von Sprunggelenksarthrose beginnt mit konservativen Ma\u00dfnahmen. Dazu z\u00e4hlen physikalische Ma\u00dfnahmen und Physiotherapie sowie d\u00e4mpfende Einlagen und orthop\u00e4dische Schuhe. Ebenso unterst\u00fctzen Schmerztabletten oder eine <strong>Gelenk-Ruhigstellung<\/strong> mithilfe spezieller Bandagen. In fortgeschrittenen Stadium kommen operative Verfahren infrage.\u00a0<br \/><span style=\"font-weight: 400;\">Als erfahrener <a href=\"https:\/\/orthopaede-drschuh.at\/ueber-mich\/\">Orthop\u00e4de in Wien<\/a> kann ich beurteilen, wann ein chirurgischer Eingriff notwendig ist. Wer unter chronischen Fu\u00dfschmerzen leidet, sollte sich m\u00f6glichst fr\u00fchzeitig beraten lassen.<\/span><\/p><\/div>\n\t\t\t\t<\/div>\n\t\t\t\t\t\t\t\t\t\t<script type=\"application\/ld+json\">{\"@context\":\"https:\\\/\\\/schema.org\",\"@type\":\"FAQPage\",\"mainEntity\":[{\"@type\":\"Question\",\"name\":\"Was ist Sprunggelenksarthrose?\",\"acceptedAnswer\":{\"@type\":\"Answer\",\"text\":\"<p>Bei einer Sprunggelenksarthrose kommt es am oberen und bzw. oder am oberen Sprunggelenk zu einer Abn\\u00fctzung des Gelenksknorpels. Dadurch wird die Beweglichkeit des Sprunggelenks eingeschr\\u00e4nkt.<\\\/p>\"}},{\"@type\":\"Question\",\"name\":\"Was sind die Symptome bei Sprunggelenksarthrose?\",\"acceptedAnswer\":{\"@type\":\"Answer\",\"text\":\"<p>Anfangs macht sich bei Sprunggelenksarthrose ein Ziehen oder ein tief sitzender Schmerz im Gelenk bemerkbar. Sp\\u00e4ter kommt es nach dem Aufstehen zu Anlaufschmerzen und Belastungsschmerzen. Zunehmend ist die Beweglichkeit des Gelenks eingeschr\\u00e4nkt und die nat\\u00fcrliche Form des Sprunggelenks ver\\u00e4ndert sich. In sehr sp\\u00e4tem Stadium kommt es zu einer Versteifung des Sprunggelenks. <span style=\\\"font-weight: 400;\\\">Auch hier ist es wichtig, einen spezialisierten Facharzt zu kontaktieren, falls der Fu\\u00df schmerzt oder sich Fehlstellungen entwickeln. Als Orthop\\u00e4den in Wien stehe ich Ihnen dabei gerne zur Verf\\u00fcgung.<\\\/span><\\\/p>\"}},{\"@type\":\"Question\",\"name\":\"Wie wird Sprunggelenksarthrose behandelt?\",\"acceptedAnswer\":{\"@type\":\"Answer\",\"text\":\"<p>Die Behandlung von Sprunggelenksarthrose beginnt mit konservativen Ma\\u00dfnahmen. Dazu z\\u00e4hlen physikalische Ma\\u00dfnahmen und Physiotherapie sowie d\\u00e4mpfende Einlagen und orthop\\u00e4dische Schuhe. Ebenso unterst\\u00fctzen Schmerztabletten oder eine <strong>Gelenk-Ruhigstellung<\\\/strong> mithilfe spezieller Bandagen. In fortgeschrittenen Stadium kommen operative Verfahren infrage.\\u00a0<br \\\/><span style=\\\"font-weight: 400;\\\">Als erfahrener <a href=\\\"https:\\\/\\\/orthopaede-drschuh.at\\\/ueber-mich\\\/\\\">Orthop\\u00e4de in Wien<\\\/a> kann ich beurteilen, wann ein chirurgischer Eingriff notwendig ist. Wer unter chronischen Fu\\u00dfschmerzen leidet, sollte sich m\\u00f6glichst fr\\u00fchzeitig beraten lassen.<\\\/span><\\\/p>\"}}]}<\/script>\n\t\t\t\t\t<\/div>\n\t\t\t\t\t\t<\/div>\n\t\t\t\t<\/div>\n\t\t\t\t\t<\/div>\n\t\t<\/div>\n\t\t\t\t<div class=\"elementor-column elementor-col-33 elementor-top-column elementor-element elementor-element-52c0623\" data-id=\"52c0623\" data-element_type=\"column\" data-e-type=\"column\">\n\t\t\t<div class=\"elementor-widget-wrap elementor-element-populated\">\n\t\t\t\t\t\t<div class=\"elementor-element elementor-element-dfd672f elementor-widget elementor-widget-text-editor\" data-id=\"dfd672f\" data-element_type=\"widget\" data-e-type=\"widget\" data-widget_type=\"text-editor.default\">\n\t\t\t\t<div class=\"elementor-widget-container\">\n\t\t\t\t\t\t\t\t\t<p><\/p>\n<p><strong>Erfahren Sie mehr zu:<\/strong><\/p>\n<ul>\n<li><a href=\"https:\/\/orthopaede-drschuh.at\/fuss\/arthrose\/mittelfuss\">Arthrose im Mittelfu\u00df<\/a><\/li>\n<li><a href=\"https:\/\/orthopaede-drschuh.at\/fuss\/arthrose\/grosszehe\">Arthrose im Gro\u00dfzeh<\/a><\/li>\n<li><a href=\"https:\/\/orthopaede-drschuh.at\/fuss\/arthrose\/stammzellentherapie\">Stammzellentherapie<\/a> bei Fu\u00dfschmerzen durch Arthrose<\/li>\n<\/ul>\n<p><\/p>\t\t\t\t\t\t\t\t<\/div>\n\t\t\t\t<\/div>\n\t\t\t\t<div class=\"elementor-element elementor-element-78ceffb elementor-view-default elementor-position-block-start elementor-mobile-position-block-start elementor-widget elementor-widget-icon-box\" data-id=\"78ceffb\" data-element_type=\"widget\" data-e-type=\"widget\" data-widget_type=\"icon-box.default\">\n\t\t\t\t<div class=\"elementor-widget-container\">\n\t\t\t\t\t\t\t<div class=\"elementor-icon-box-wrapper\">\n\n\t\t\t\t\t\t<div class=\"elementor-icon-box-icon\">\n\t\t\t\t<a href=\"https:\/\/orthopaede-drschuh.at\/wp-content\/uploads\/2020\/03\/Patienteninformation-Sprunggelenk.pdf\" class=\"elementor-icon elementor-animation-grow\" tabindex=\"-1\" aria-label=\"Patienteninformation\">\n\t\t\t\t<i aria-hidden=\"true\" class=\"fas fa-cloud-download-alt\"><\/i>\t\t\t\t<\/a>\n\t\t\t<\/div>\n\t\t\t\n\t\t\t\t\t\t<div class=\"elementor-icon-box-content\">\n\n\t\t\t\t\t\t\t\t\t<h3 class=\"elementor-icon-box-title\">\n\t\t\t\t\t\t<a href=\"https:\/\/orthopaede-drschuh.at\/wp-content\/uploads\/2020\/03\/Patienteninformation-Sprunggelenk.pdf\" >\n\t\t\t\t\t\t\tPatienteninformation\t\t\t\t\t\t<\/a>\n\t\t\t\t\t<\/h3>\n\t\t\t\t\n\t\t\t\t\t\t\t\t\t<p class=\"elementor-icon-box-description\">\n\t\t\t\t\t\tPatienteninformation-Sprunggelenk.pdf (4mb)\t\t\t\t\t<\/p>\n\t\t\t\t\n\t\t\t<\/div>\n\t\t\t\n\t\t<\/div>\n\t\t\t\t\t\t<\/div>\n\t\t\t\t<\/div>\n\t\t\t\t\t<\/div>\n\t\t<\/div>\n\t\t\t\t\t<\/div>\n\t\t<\/section>\n\t\t\t\t<section class=\"elementor-section elementor-top-section elementor-element elementor-element-291be79 elementor-section-full_width elementor-section-height-default elementor-section-height-default\" data-id=\"291be79\" data-element_type=\"section\" data-e-type=\"section\">\n\t\t\t\t\t\t<div class=\"elementor-container elementor-column-gap-default\">\n\t\t\t\t\t<div class=\"elementor-column elementor-col-100 elementor-top-column elementor-element elementor-element-33f6c8a\" data-id=\"33f6c8a\" data-element_type=\"column\" data-e-type=\"column\">\n\t\t\t<div class=\"elementor-widget-wrap elementor-element-populated\">\n\t\t\t\t\t\t<div class=\"elementor-element elementor-element-1d0375f elementor-widget elementor-widget-template\" data-id=\"1d0375f\" data-element_type=\"widget\" data-e-type=\"widget\" data-widget_type=\"template.default\">\n\t\t\t\t<div class=\"elementor-widget-container\">\n\t\t\t\t\t\t\t<div class=\"elementor-template\">\n\t\t\t\t\t<div data-elementor-type=\"section\" data-elementor-id=\"1938\" data-post-id=\"560\" data-obj-id=\"560\" class=\"elementor elementor-1938 dce-elementor-post-560\" data-elementor-post-type=\"elementor_library\">\n\t\t\t\t\t<section data-dce-background-overlay-color=\"rgba(255, 255, 255, 0)\" data-dce-background-image-url=\"https:\/\/orthopaede-drschuh.at\/wp-content\/uploads\/2020\/02\/Dr_Schuh-1.jpg\" class=\"elementor-section elementor-top-section elementor-element elementor-element-d1c36e3 elementor-section-boxed elementor-section-height-default elementor-section-height-default\" data-id=\"d1c36e3\" data-element_type=\"section\" data-e-type=\"section\" data-settings=\"{&quot;background_background&quot;:&quot;classic&quot;}\">\n\t\t\t\t\t\t\t<div class=\"elementor-background-overlay\"><\/div>\n\t\t\t\t\t\t\t<div class=\"elementor-container elementor-column-gap-default\">\n\t\t\t\t\t<div class=\"elementor-column elementor-col-100 elementor-top-column elementor-element elementor-element-5616372\" data-id=\"5616372\" data-element_type=\"column\" data-e-type=\"column\">\n\t\t\t<div class=\"elementor-widget-wrap elementor-element-populated\">\n\t\t\t\t\t\t<div class=\"elementor-element elementor-element-632cf08 elementor-view-stacked elementor-position-inline-start elementor-shape-circle elementor-mobile-position-block-start elementor-widget elementor-widget-icon-box\" data-id=\"632cf08\" data-element_type=\"widget\" data-e-type=\"widget\" data-widget_type=\"icon-box.default\">\n\t\t\t\t<div class=\"elementor-widget-container\">\n\t\t\t\t\t\t\t<div class=\"elementor-icon-box-wrapper\">\n\n\t\t\t\t\t\t<div class=\"elementor-icon-box-icon\">\n\t\t\t\t<a href=\"https:\/\/orthopaede-drschuh.at\/kontakt\/\" class=\"elementor-icon elementor-animation-grow\" tabindex=\"-1\" aria-label=\"Terminvereinbarung\">\n\t\t\t\t<i aria-hidden=\"true\" class=\"fas fa-phone\"><\/i>\t\t\t\t<\/a>\n\t\t\t<\/div>\n\t\t\t\n\t\t\t\t\t\t<div class=\"elementor-icon-box-content\">\n\n\t\t\t\t\t\t\t\t\t<h3 class=\"elementor-icon-box-title\">\n\t\t\t\t\t\t<a href=\"https:\/\/orthopaede-drschuh.at\/kontakt\/\" >\n\t\t\t\t\t\t\tTerminvereinbarung\t\t\t\t\t\t<\/a>\n\t\t\t\t\t<\/h3>\n\t\t\t\t\n\t\t\t\t\t\t\t\t\t<p class=\"elementor-icon-box-description\">\n\t\t\t\t\t\tIch bitte um Voranmeldung! \t\t\t\t\t<\/p>\n\t\t\t\t\n\t\t\t<\/div>\n\t\t\t\n\t\t<\/div>\n\t\t\t\t\t\t<\/div>\n\t\t\t\t<\/div>\n\t\t\t\t\t<\/div>\n\t\t<\/div>\n\t\t\t\t\t<\/div>\n\t\t<\/section>\n\t\t\t\t<\/div>\n\t\t\t\t<\/div>\n\t\t\t\t\t\t<\/div>\n\t\t\t\t<\/div>\n\t\t\t\t\t<\/div>\n\t\t<\/div>\n\t\t\t\t\t<\/div>\n\t\t<\/section>\n\t\t\t\t<\/div>\n\t\t","protected":false},"excerpt":{"rendered":"<p>Um die Entstehung einer Sprunggelenksarthrose besser zu verstehen, lohnt sich ein Blick auf den anatomischen Aufbau des Gelenks: Das obere Sprunggelenk besteht aus drei Knochen, dem Sprungbein (Talus), Schienbein (Tibia) und Wadenbein (Fibula). Es arbeitet \u00e4hnlich einem Schanier. Die Knochen sind von einem Gelenksknorpel, der die St\u00f6\u00dfe d\u00e4mpft, \u00fcberzogen. Im Rahmen der Arthrose am Sprunggelenk [&hellip;]<\/p>\n","protected":false},"author":1,"featured_media":0,"parent":77,"menu_order":0,"comment_status":"closed","ping_status":"closed","template":"","meta":{"_acf_changed":false,"footnotes":""},"class_list":["post-560","page","type-page","status-publish","hentry"],"acf":[],"_links":{"self":[{"href":"https:\/\/orthopaede-drschuh.at\/en\/wp-json\/wp\/v2\/pages\/560","targetHints":{"allow":["GET"]}}],"collection":[{"href":"https:\/\/orthopaede-drschuh.at\/en\/wp-json\/wp\/v2\/pages"}],"about":[{"href":"https:\/\/orthopaede-drschuh.at\/en\/wp-json\/wp\/v2\/types\/page"}],"author":[{"embeddable":true,"href":"https:\/\/orthopaede-drschuh.at\/en\/wp-json\/wp\/v2\/users\/1"}],"replies":[{"embeddable":true,"href":"https:\/\/orthopaede-drschuh.at\/en\/wp-json\/wp\/v2\/comments?post=560"}],"version-history":[{"count":8,"href":"https:\/\/orthopaede-drschuh.at\/en\/wp-json\/wp\/v2\/pages\/560\/revisions"}],"predecessor-version":[{"id":4113,"href":"https:\/\/orthopaede-drschuh.at\/en\/wp-json\/wp\/v2\/pages\/560\/revisions\/4113"}],"up":[{"embeddable":true,"href":"https:\/\/orthopaede-drschuh.at\/en\/wp-json\/wp\/v2\/pages\/77"}],"wp:attachment":[{"href":"https:\/\/orthopaede-drschuh.at\/en\/wp-json\/wp\/v2\/media?parent=560"}],"curies":[{"name":"wp","href":"https:\/\/api.w.org\/{rel}","templated":true}]}}