{"id":563,"date":"2020-03-10T17:27:48","date_gmt":"2020-03-10T16:27:48","guid":{"rendered":"https:\/\/orthopaede-drschuh.at.w005c694.kasserver.com\/?page_id=563"},"modified":"2025-08-05T07:50:03","modified_gmt":"2025-08-05T05:50:03","slug":"arthrose-mittelfuss","status":"publish","type":"page","link":"https:\/\/orthopaede-drschuh.at\/en\/fuss\/arthrose\/arthrose-mittelfuss\/","title":{"rendered":"Arthrosis in the metatarsus"},"content":{"rendered":"<div data-elementor-type=\"wp-page\" data-elementor-id=\"563\" data-post-id=\"563\" data-obj-id=\"563\" class=\"elementor elementor-563 dce-elementor-post-563\" data-elementor-post-type=\"page\">\n\t\t\t\t\t\t<section class=\"elementor-section elementor-top-section elementor-element elementor-element-fca3b51 elementor-section-boxed elementor-section-height-default elementor-section-height-default\" data-id=\"fca3b51\" data-element_type=\"section\" data-e-type=\"section\">\n\t\t\t\t\t\t<div class=\"elementor-container elementor-column-gap-default\">\n\t\t\t\t\t<div class=\"elementor-column elementor-col-100 elementor-top-column elementor-element elementor-element-e1cdeca\" data-id=\"e1cdeca\" data-element_type=\"column\" data-e-type=\"column\">\n\t\t\t<div class=\"elementor-widget-wrap elementor-element-populated\">\n\t\t\t\t\t\t<div class=\"elementor-element elementor-element-98082f8 elementor-widget elementor-widget-image\" data-id=\"98082f8\" data-element_type=\"widget\" data-e-type=\"widget\" data-widget_type=\"image.default\">\n\t\t\t\t<div class=\"elementor-widget-container\">\n\t\t\t\t\t\t\t\t\t\t\t\t\t\t\t<img fetchpriority=\"high\" decoding=\"async\" width=\"1536\" height=\"1024\" src=\"https:\/\/orthopaede-drschuh.at\/wp-content\/uploads\/2020\/02\/Dr_Schuh-5-1536x1024.jpg\" class=\"attachment-1536x1536 size-1536x1536 wp-image-128\" alt=\"\" srcset=\"https:\/\/orthopaede-drschuh.at\/wp-content\/uploads\/2020\/02\/Dr_Schuh-5-1536x1024.jpg 1536w, https:\/\/orthopaede-drschuh.at\/wp-content\/uploads\/2020\/02\/Dr_Schuh-5-300x200.jpg 300w, https:\/\/orthopaede-drschuh.at\/wp-content\/uploads\/2020\/02\/Dr_Schuh-5-1024x683.jpg 1024w, https:\/\/orthopaede-drschuh.at\/wp-content\/uploads\/2020\/02\/Dr_Schuh-5-768x512.jpg 768w, https:\/\/orthopaede-drschuh.at\/wp-content\/uploads\/2020\/02\/Dr_Schuh-5.jpg 2048w\" sizes=\"(max-width: 1536px) 100vw, 1536px\" \/>\t\t\t\t\t\t\t\t\t\t\t\t\t\t\t<\/div>\n\t\t\t\t<\/div>\n\t\t\t\t\t<\/div>\n\t\t<\/div>\n\t\t\t\t\t<\/div>\n\t\t<\/section>\n\t\t\t\t<section class=\"elementor-section elementor-top-section elementor-element elementor-element-b57beff elementor-section-boxed elementor-section-height-default elementor-section-height-default\" data-id=\"b57beff\" data-element_type=\"section\" data-e-type=\"section\">\n\t\t\t\t\t\t<div class=\"elementor-container elementor-column-gap-default\">\n\t\t\t\t\t<div class=\"elementor-column elementor-col-66 elementor-top-column elementor-element elementor-element-5f913b73\" data-id=\"5f913b73\" data-element_type=\"column\" data-e-type=\"column\">\n\t\t\t<div class=\"elementor-widget-wrap elementor-element-populated\">\n\t\t\t\t\t\t<div class=\"elementor-element elementor-element-4a5c4786 elementor-widget elementor-widget-text-editor\" data-id=\"4a5c4786\" data-element_type=\"widget\" data-e-type=\"widget\" data-widget_type=\"text-editor.default\">\n\t\t\t\t<div class=\"elementor-widget-container\">\n\t\t\t\t\t\t\t\t\t<p><span style=\"font-weight: 400;\">Arthrose im Mittelfu\u00df bezeichnet die Abnutzungserscheinungen, die in Folge von Verletzungen oder Fehlbelastungen (v.a. in den Verbindungsgelenken zwischen Fu\u00dfwurzel und Mittelfu\u00dfknochen) entstehen k\u00f6nnen. Diese Gelenke weisen zwar nur eine sehr geringe Beweglichkeit auf, k\u00f6nnen aber dennoch Arthrose entwickeln. Dass sich in diesem Abschnitt des Fu\u00dfes \u00fcberhaupt Gelenke befinden, hat weniger mit funktionaler Notwendigkeit zu tun, sondern ist entwicklungsbiologisch bedingt. Typische Symptome sind Schmerzen im Bereich des Fu\u00dfr\u00fcckens und Fu\u00dfschmerzen, die sich zun\u00e4chst bei Belastung bemerkbar machen. <\/span>Oftmals bildet sich auch eine Vorw\u00f6lbung, welche durch \u00fcberschie\u00dfende Knochenneubildung im Rahmen der Abn\u00fctzung hervorgerufen wird.<\/p>\n<p><span style=\"font-weight: 400;\">In fortgeschrittenen Stadien treten <\/span><a href=\"https:\/\/orthopaede-drschuh.at\/en\/fuss\/mittelfuss\/\"><span style=\"font-weight: 400;\">Fu\u00dfschmerzen<\/span><\/a><span style=\"font-weight: 400;\"> auch als Ruheschmerz<\/span><span style=\"font-weight: 400;\">en auf<\/span><span style=\"font-weight: 400;\">.<\/span><\/p>\n<p><span style=\"font-weight: 400;\">H\u00e4ufig entsteht zus\u00e4tzlich eine sicht- und tastbare <\/span><b>Vorw\u00f6lbung<\/b><span style=\"font-weight: 400;\">, die durch \u00fcberschie\u00dfende Knochenneubildung infolge der Abnutzung verursacht wird. Diese kann zu Druckstellen im Schuh f\u00fchren (insbesondere im Ristbereich) und den Alltag der Betroffenen zus\u00e4tzlich beeintr\u00e4chtigen.<\/span><\/p>\n<p>\u00a0 \u00a0<\/p>\n<h2>Ursache &amp; Behandlung von Arthrose im Mittelfu\u00df bei <a href=\"https:\/\/orthopaede-drschuh.at\/en\/ueber-mich\/\">OA Priv. Doz. Dr. Reinhard Schuh<\/a><\/h2>\n<p><span style=\"font-weight: 400;\">H\u00e4ufig entwickelt sich Arthrose im Mittelfu\u00df als Sp\u00e4tfolge eines ausgepr\u00e4gten Senk-Spreizfu\u00dfes oder eines <\/span><a href=\"https:\/\/orthopaede-drschuh.at\/en\/hallufast\/\"><b>Hallux Valgus<\/b><\/a><span style=\"font-weight: 400;\">, bei dem sich die Statik des Fu\u00dfes langfristig ver\u00e4ndert. Auch strukturelle Sch\u00e4digungen infolge schwerer Traumata\u00a0 (z.B. nach einer Lisfranc-Verletzung) gelten als m\u00f6gliche Ausl\u00f6ser. Auch entz\u00fcndlich-rheumatische Erkrankungen wie die Rheumatoide Arthritis den Verschlei\u00df der kleinen Mittelfu\u00dfgelenke beschleunigen.<\/span><\/p>\n<p><span style=\"font-weight: 400;\">In der Fu\u00dforthop\u00e4die erfolgt die Abkl\u00e4rung der genauen Ursache durch eine umfassende Diagnostik. Dr. Schuh als Fu\u00dfspezialist in Wien setzt zur Abkl\u00e4rung neben der klinischen Untersuchung und der Pedobarografie auch moderne bildgebende Verfahren wie Ultraschall und Duplex-Sonografie ein. Digitale Volumentomografien (DVT) werden erg\u00e4nzend durchgef\u00fchrt, um die betroffenen Gelenkstrukturen im Mittelfu\u00df pr\u00e4zise darzustellen. Bei unklaren Befunden hilft ein zus\u00e4tzliches MRT, um die Ursache bei <\/span>Schmerzen im Mittelfu\u00dfknochen<span style=\"font-weight: 400;\"> pr\u00e4zise zu lokalisieren.<\/span><\/p>\n<h2>Behandlung von Arthrose im Mittelfu\u00df<\/h2>\n<p class=\"translation-block\">As a chiropodist, I would be happy to advise you on your therapy options for arthrosis in the metatarsus. With mild forms of arthrosis, shoe insoles will usually be sufficient as a therapeutic measure. In order to relieve acute pain, pain therapy (infiltration, physical therapy) will be applied.<\/p>\n<p>Ist die konservative Therapie nicht erfolgreich, wird <span style=\"font-weight: 400;\">bei anhaltenden <\/span>Schmerzen im Mittelfu\u00dfknochen eine Operation durchgef\u00fchrt. Im Rahmen der Fu\u00dfoperation wird das kaputte Gelenk stabilisiert. Dabei wird es in der richtigen Stellung fixiert. Das nennt man Arthrodese. Durch dieses Verfahren werden die <span style=\"font-weight: 400;\">Fu\u00dfschmerzen<\/span> und das Abrollverhalten verbessert ohne dass der Fu\u00df beeintr\u00e4chtigt wird.<\/p>\n<p>Als erfahrener <a href=\"https:\/\/orthopaede-drschuh.at\/en\/operation\/\">Fu\u00dfchirurg<\/a> f\u00fchre ich diese Operation seit Jahren erfolgreich durch <span style=\"font-weight: 400;\">und kann so Arthrose im Mittelfu\u00df wirkungsvoll behandeln<\/span>. <a href=\"https:\/\/orthopaede-drschuh.at\/en\/kontakt\/\">Kontaktieren<\/a> Sie uns f\u00fcr eine individuelle Beratung<\/p>\t\t\t\t\t\t\t\t<\/div>\n\t\t\t\t<\/div>\n\t\t\t\t\t<\/div>\n\t\t<\/div>\n\t\t\t\t<div class=\"elementor-column elementor-col-33 elementor-top-column elementor-element elementor-element-602a013\" data-id=\"602a013\" data-element_type=\"column\" data-e-type=\"column\">\n\t\t\t<div class=\"elementor-widget-wrap elementor-element-populated\">\n\t\t\t\t\t\t<div class=\"elementor-element elementor-element-76e99ff elementor-widget elementor-widget-text-editor\" data-id=\"76e99ff\" data-element_type=\"widget\" data-e-type=\"widget\" data-widget_type=\"text-editor.default\">\n\t\t\t\t<div class=\"elementor-widget-container\">\n\t\t\t\t\t\t\t\t\t<p><\/p>\n<p><strong>Learn more about<\/strong><\/p>\n<ul>\n<li><a href=\"https:\/\/orthopaede-drschuh.at\/en\/fuss\/arthrose\/mittelfuss\/\">Arthrose im Mittelfu\u00df<\/a><\/li>\n<li><a href=\"https:\/\/orthopaede-drschuh.at\/en\/fuss\/arthrose\/grosszehe\/\">Arthrosis in the big toe<\/a><\/li>\n<li><a href=\"https:\/\/orthopaede-drschuh.at\/en\/fuss\/arthrose\/stammzellentherapie\/\">Stem cell therapy<\/a> bei Fu\u00dfschmerzen durch Arthrose<\/li>\n<\/ul>\n<p><\/p>\t\t\t\t\t\t\t\t<\/div>\n\t\t\t\t<\/div>\n\t\t\t\t\t<\/div>\n\t\t<\/div>\n\t\t\t\t\t<\/div>\n\t\t<\/section>\n\t\t\t\t<section class=\"elementor-section elementor-top-section elementor-element elementor-element-8327e95 elementor-section-full_width elementor-section-height-default elementor-section-height-default\" data-id=\"8327e95\" data-element_type=\"section\" data-e-type=\"section\">\n\t\t\t\t\t\t<div class=\"elementor-container elementor-column-gap-default\">\n\t\t\t\t\t<div class=\"elementor-column elementor-col-100 elementor-top-column elementor-element elementor-element-7b1ef9c\" data-id=\"7b1ef9c\" data-element_type=\"column\" data-e-type=\"column\">\n\t\t\t<div class=\"elementor-widget-wrap elementor-element-populated\">\n\t\t\t\t\t\t<div class=\"elementor-element elementor-element-46c2908 elementor-widget elementor-widget-template\" data-id=\"46c2908\" data-element_type=\"widget\" data-e-type=\"widget\" data-widget_type=\"template.default\">\n\t\t\t\t<div class=\"elementor-widget-container\">\n\t\t\t\t\t\t\t<div class=\"elementor-template\">\n\t\t\t\t\t<div data-elementor-type=\"section\" data-elementor-id=\"1938\" data-post-id=\"563\" data-obj-id=\"563\" class=\"elementor elementor-1938 dce-elementor-post-563\" data-elementor-post-type=\"elementor_library\">\n\t\t\t\t\t<section data-dce-background-overlay-color=\"rgba(255, 255, 255, 0)\" data-dce-background-image-url=\"https:\/\/orthopaede-drschuh.at\/wp-content\/uploads\/2020\/02\/Dr_Schuh-1.jpg\" class=\"elementor-section elementor-top-section elementor-element elementor-element-d1c36e3 elementor-section-boxed elementor-section-height-default elementor-section-height-default\" data-id=\"d1c36e3\" data-element_type=\"section\" data-e-type=\"section\" data-settings=\"{&quot;background_background&quot;:&quot;classic&quot;}\">\n\t\t\t\t\t\t\t<div class=\"elementor-background-overlay\"><\/div>\n\t\t\t\t\t\t\t<div class=\"elementor-container elementor-column-gap-default\">\n\t\t\t\t\t<div class=\"elementor-column elementor-col-100 elementor-top-column elementor-element elementor-element-5616372\" data-id=\"5616372\" data-element_type=\"column\" data-e-type=\"column\">\n\t\t\t<div class=\"elementor-widget-wrap elementor-element-populated\">\n\t\t\t\t\t\t<div class=\"elementor-element elementor-element-632cf08 elementor-view-stacked elementor-position-inline-start elementor-shape-circle elementor-mobile-position-block-start elementor-widget elementor-widget-icon-box\" data-id=\"632cf08\" data-element_type=\"widget\" data-e-type=\"widget\" data-widget_type=\"icon-box.default\">\n\t\t\t\t<div class=\"elementor-widget-container\">\n\t\t\t\t\t\t\t<div class=\"elementor-icon-box-wrapper\">\n\n\t\t\t\t\t\t<div class=\"elementor-icon-box-icon\">\n\t\t\t\t<a href=\"https:\/\/orthopaede-drschuh.at\/en\/kontakt\/\" class=\"elementor-icon elementor-animation-grow\" tabindex=\"-1\" aria-label=\"Arrange a Meeting\">\n\t\t\t\t<i aria-hidden=\"true\" class=\"fas fa-phone\"><\/i>\t\t\t\t<\/a>\n\t\t\t<\/div>\n\t\t\t\n\t\t\t\t\t\t<div class=\"elementor-icon-box-content\">\n\n\t\t\t\t\t\t\t\t\t<h3 class=\"elementor-icon-box-title\">\n\t\t\t\t\t\t<a href=\"https:\/\/orthopaede-drschuh.at\/en\/kontakt\/\" >\n\t\t\t\t\t\t\tArrange a Meeting\t\t\t\t\t\t<\/a>\n\t\t\t\t\t<\/h3>\n\t\t\t\t\n\t\t\t\t\t\t\t\t\t<p class=\"elementor-icon-box-description\">\n\t\t\t\t\t\tPlease make an appointment! \t\t\t\t\t<\/p>\n\t\t\t\t\n\t\t\t<\/div>\n\t\t\t\n\t\t<\/div>\n\t\t\t\t\t\t<\/div>\n\t\t\t\t<\/div>\n\t\t\t\t\t<\/div>\n\t\t<\/div>\n\t\t\t\t\t<\/div>\n\t\t<\/section>\n\t\t\t\t<\/div>\n\t\t\t\t<\/div>\n\t\t\t\t\t\t<\/div>\n\t\t\t\t<\/div>\n\t\t\t\t\t<\/div>\n\t\t<\/div>\n\t\t\t\t\t<\/div>\n\t\t<\/section>\n\t\t\t\t<\/div>","protected":false},"excerpt":{"rendered":"<p>Arthrose im Mittelfu\u00df bezeichnet die Abnutzungserscheinungen, die in Folge von Verletzungen oder Fehlbelastungen (v.a. in den Verbindungsgelenken zwischen Fu\u00dfwurzel und Mittelfu\u00dfknochen) entstehen k\u00f6nnen. Diese Gelenke weisen zwar nur eine sehr geringe Beweglichkeit auf, k\u00f6nnen aber dennoch Arthrose entwickeln. Dass sich in diesem Abschnitt des Fu\u00dfes \u00fcberhaupt Gelenke befinden, hat weniger mit funktionaler Notwendigkeit zu tun, [&hellip;]<\/p>\n","protected":false},"author":1,"featured_media":128,"parent":77,"menu_order":0,"comment_status":"closed","ping_status":"closed","template":"","meta":{"_acf_changed":false,"footnotes":""},"class_list":["post-563","page","type-page","status-publish","has-post-thumbnail","hentry"],"acf":[],"_links":{"self":[{"href":"https:\/\/orthopaede-drschuh.at\/en\/wp-json\/wp\/v2\/pages\/563","targetHints":{"allow":["GET"]}}],"collection":[{"href":"https:\/\/orthopaede-drschuh.at\/en\/wp-json\/wp\/v2\/pages"}],"about":[{"href":"https:\/\/orthopaede-drschuh.at\/en\/wp-json\/wp\/v2\/types\/page"}],"author":[{"embeddable":true,"href":"https:\/\/orthopaede-drschuh.at\/en\/wp-json\/wp\/v2\/users\/1"}],"replies":[{"embeddable":true,"href":"https:\/\/orthopaede-drschuh.at\/en\/wp-json\/wp\/v2\/comments?post=563"}],"version-history":[{"count":4,"href":"https:\/\/orthopaede-drschuh.at\/en\/wp-json\/wp\/v2\/pages\/563\/revisions"}],"predecessor-version":[{"id":4123,"href":"https:\/\/orthopaede-drschuh.at\/en\/wp-json\/wp\/v2\/pages\/563\/revisions\/4123"}],"up":[{"embeddable":true,"href":"https:\/\/orthopaede-drschuh.at\/en\/wp-json\/wp\/v2\/pages\/77"}],"wp:featuredmedia":[{"embeddable":true,"href":"https:\/\/orthopaede-drschuh.at\/en\/wp-json\/wp\/v2\/media\/128"}],"wp:attachment":[{"href":"https:\/\/orthopaede-drschuh.at\/en\/wp-json\/wp\/v2\/media?parent=563"}],"curies":[{"name":"wp","href":"https:\/\/api.w.org\/{rel}","templated":true}]}}