{"id":566,"date":"2020-03-10T17:28:26","date_gmt":"2020-03-10T16:28:26","guid":{"rendered":"https:\/\/orthopaede-drschuh.at.w005c694.kasserver.com\/?page_id=566"},"modified":"2025-09-03T08:14:13","modified_gmt":"2025-09-03T06:14:13","slug":"hallux-rigidus-arthrose-im-grosszeh","status":"publish","type":"page","link":"https:\/\/orthopaede-drschuh.at\/en\/fuss\/arthrose\/hallux-rigidus-arthrose-im-grosszeh\/","title":{"rendered":"Hallux Rigidus \u2013 Arthrose im Gro\u00dfzeh"},"content":{"rendered":"<div data-elementor-type=\"wp-page\" data-elementor-id=\"566\" data-post-id=\"566\" data-obj-id=\"566\" class=\"elementor elementor-566 dce-elementor-post-566\" data-elementor-post-type=\"page\">\n\t\t\t\t\t\t<section class=\"elementor-section elementor-top-section elementor-element elementor-element-ad19cc3 elementor-section-boxed elementor-section-height-default elementor-section-height-default\" data-id=\"ad19cc3\" data-element_type=\"section\" data-e-type=\"section\">\n\t\t\t\t\t\t<div class=\"elementor-container elementor-column-gap-default\">\n\t\t\t\t\t<div class=\"elementor-column elementor-col-100 elementor-top-column elementor-element elementor-element-d076ac1\" data-id=\"d076ac1\" data-element_type=\"column\" data-e-type=\"column\">\n\t\t\t<div class=\"elementor-widget-wrap elementor-element-populated\">\n\t\t\t\t\t\t<div class=\"elementor-element elementor-element-079d3c9 elementor-widget elementor-widget-image\" data-id=\"079d3c9\" data-element_type=\"widget\" data-e-type=\"widget\" data-widget_type=\"image.default\">\n\t\t\t\t<div class=\"elementor-widget-container\">\n\t\t\t\t\t\t\t\t\t\t\t\t\t\t\t<img fetchpriority=\"high\" decoding=\"async\" width=\"1536\" height=\"1024\" src=\"https:\/\/orthopaede-drschuh.at\/wp-content\/uploads\/2020\/02\/Dr_Schuh-24-1536x1024.jpg\" class=\"attachment-1536x1536 size-1536x1536 wp-image-147\" alt=\"\" srcset=\"https:\/\/orthopaede-drschuh.at\/wp-content\/uploads\/2020\/02\/Dr_Schuh-24-1536x1024.jpg 1536w, https:\/\/orthopaede-drschuh.at\/wp-content\/uploads\/2020\/02\/Dr_Schuh-24-300x200.jpg 300w, https:\/\/orthopaede-drschuh.at\/wp-content\/uploads\/2020\/02\/Dr_Schuh-24-1024x683.jpg 1024w, https:\/\/orthopaede-drschuh.at\/wp-content\/uploads\/2020\/02\/Dr_Schuh-24-768x512.jpg 768w, https:\/\/orthopaede-drschuh.at\/wp-content\/uploads\/2020\/02\/Dr_Schuh-24.jpg 2048w\" sizes=\"(max-width: 1536px) 100vw, 1536px\" \/>\t\t\t\t\t\t\t\t\t\t\t\t\t\t\t<\/div>\n\t\t\t\t<\/div>\n\t\t\t\t\t<\/div>\n\t\t<\/div>\n\t\t\t\t\t<\/div>\n\t\t<\/section>\n\t\t\t\t<section class=\"elementor-section elementor-top-section elementor-element elementor-element-aae96e5 elementor-section-boxed elementor-section-height-default elementor-section-height-default\" data-id=\"aae96e5\" data-element_type=\"section\" data-e-type=\"section\">\n\t\t\t\t\t\t<div class=\"elementor-container elementor-column-gap-default\">\n\t\t\t\t\t<div class=\"elementor-column elementor-col-66 elementor-top-column elementor-element elementor-element-c117609\" data-id=\"c117609\" data-element_type=\"column\" data-e-type=\"column\">\n\t\t\t<div class=\"elementor-widget-wrap elementor-element-populated\">\n\t\t\t\t\t\t<div class=\"elementor-element elementor-element-8d2c623 elementor-widget elementor-widget-text-editor\" data-id=\"8d2c623\" data-element_type=\"widget\" data-e-type=\"widget\" data-widget_type=\"text-editor.default\">\n\t\t\t\t<div class=\"elementor-widget-container\">\n\t\t\t\t\t\t\t\t\t<p><span style=\"font-weight: 400;\">Hallux Rigidus, auch bekannt als Gro\u00dfzehengrundgelenk Arthrose, ist eine degenerative Erkrankung, bei der sich das Gelenk an der Basis der Gro\u00dfzehe zunehmend versteift. Diese Form der Gro\u00dfzehengrundgelenksarthrose f\u00fchrt zu eingeschr\u00e4nkter Beweglichkeit und intensiven Schmerzen im Zeh, insbesondere bei Belastung. <\/span><\/p>\n<p>The <strong>advantages<\/strong> of my private practice are that you <strong>do not<\/strong> have <strong>long waiting times<\/strong>, I can take <strong>enough time<\/strong> for you and appointments are usually available at <strong>short notice<\/strong>. <strong>causes.<\/strong> von Hallux Rigidus sind neben Altersverschlei\u00df, Stoffwechselerkrankungen (Gicht), \u00dcbergewicht, Verletzungen und <a href=\"https:\/\/orthopaede-drschuh.at\/en\/fuss\/gelenk\/fehlstellung\/\">Fu\u00df Fehlstellungen<\/a>.<strong>\u00a0<\/strong><\/p>\n<p><span style=\"font-weight: 400;\">Als erfahrener Fu\u00dfspezialist in Wien ist es mir ein Anliegen, betroffene Patient:innen umfassend \u00fcber den Verlauf und die Therapiem\u00f6glichkeiten aufzukl\u00e4ren.<\/span><\/p>\n<h2><b>Was ist Hallux Rigidus?<\/b><\/h2>\n<p><b>Hallux Rigidus<\/b><span style=\"font-weight: 400;\"><strong> ist eine<\/strong> <strong>Arthroseform im Gro\u00dfzehengelenk.<\/strong> Sie z\u00e4hlt zu den h\u00e4ufigsten degenerativen Erkrankungen des Vorfu\u00dfes. Die Beweglichkeit der Gro\u00dfzehe nimmt im Laufe der Zeit ab, wodurch allt\u00e4gliche Bewegungen, wie beispielsweise das Abrollen beim Gehen, zunehmend erschwert werden. In fortgeschrittenen Stadien ist das Gelenk nahezu vollst\u00e4ndig versteift. Als Orthop\u00e4de in Wien behandle ich diese Beschwerden regelm\u00e4\u00dfig in meinen <a href=\"https:\/\/orthopaede-drschuh.at\/en\/ordinationen\/ordination-wien-medsyn\/\">Ordinationen in Wien<\/a> and <a href=\"https:\/\/orthopaede-drschuh.at\/en\/ordinationen\/ordination-niederoesterreich\/\">Gumpoldskirchen<\/a>.<\/span><\/p>\n<h2><strong>Ursachen f\u00fcr die Gro\u00dfzehengrundgelenksarthrose<\/strong><\/h2>\n<p><span style=\"font-weight: 400;\">Die Ursachen der Gro\u00dfzehengrundgelenk Arthrose sind vielf\u00e4ltig:<\/span><\/p>\n<ul>\n<li style=\"font-weight: 400;\" aria-level=\"1\"><b>Altersbedingter Gelenkverschlei\u00df<\/b><\/li>\n<li style=\"font-weight: 400;\" aria-level=\"1\"><b>Vorfu\u00dffehlstellungen<\/b><span style=\"font-weight: 400;\">, insbesondere Hallux valgus<\/span><\/li>\n<li style=\"font-weight: 400;\" aria-level=\"1\"><b>Verletzungen<\/b><span style=\"font-weight: 400;\"> wie \u00dcberdehnung, B\u00e4nderrisse oder Frakturen<\/span><\/li>\n<li style=\"font-weight: 400;\" aria-level=\"1\"><b>\u00dcberlastung<\/b><span style=\"font-weight: 400;\">, etwa durch Sportarten mit hoher Druckbelastung auf den Vorfu\u00df<\/span><\/li>\n<li style=\"font-weight: 400;\" aria-level=\"1\"><b>Stoffwechselerkrankungen<\/b><span style=\"font-weight: 400;\">, insbesondere Gicht<\/span><\/li>\n<\/ul>\n<p><span style=\"font-weight: 400;\">Diese Risikofaktoren beg\u00fcnstigen den schrittweisen Knorpelabbau im Gro\u00dfzehengrundgelenk. Erste Anzeichen der Gro\u00dfzehengrundgelenksarthrose \u00e4u\u00dfern sich h\u00e4ufig durch Bewegungseinschr\u00e4nkungen und diffuse Schmerzen im Zeh.<\/span><\/p>\n<h2><b>Symptome: So erkennen Sie Hallux Rigidus<\/b><\/h2>\n<p><span style=\"font-weight: 400;\">Die Beschwerden beginnen meist schleichend und verschlimmern sich mit der Zeit. Typische Symptome sind:<\/span><\/p>\n<ul>\n<li style=\"font-weight: 400;\" aria-level=\"1\"><span style=\"font-weight: 400;\">Belastungsabh\u00e4ngige Schmerzen im Zeh, insbesondere beim Abrollen<\/span><\/li>\n<li style=\"font-weight: 400;\" aria-level=\"1\"><span style=\"font-weight: 400;\">Vermehrte Steifigkeit im Gelenk am Morgen oder nach Ruhephasen<\/span><\/li>\n<li style=\"font-weight: 400;\" aria-level=\"1\"><span style=\"font-weight: 400;\">Sichtbare Schwellung oder Verdickung \u00fcber dem Gro\u00dfzehengrundgelenk<\/span><\/li>\n<li style=\"font-weight: 400;\" aria-level=\"1\"><span style=\"font-weight: 400;\">Knirschger\u00e4usche oder ein sp\u00fcrbares Reiben im Gelenk<\/span><\/li>\n<li style=\"font-weight: 400;\" aria-level=\"1\"><span style=\"font-weight: 400;\">Ausweichbewegungen beim Gehen<\/span><\/li>\n<\/ul>\n<p><span style=\"font-weight: 400;\">In vielen F\u00e4llen entwickeln sich Fu\u00dffehlstellungen, da Betroffene versuchen, die schmerzende Stelle zu entlasten. Als Orthop\u00e4de in Wien empfehle ich, bereits bei ersten Symptomen eine genaue Abkl\u00e4rung vorzunehmen, um den Verlauf g\u00fcnstig zu beeinflussen.<\/span><\/p>\n<h2>Behandlung von Arthrose im Gro\u00dfzeh bei <a href=\"https:\/\/orthopaede-drschuh.at\/en\/ueber-mich\/\">OA Priv. Doz. Dr. Reinhard Schuh<\/a><\/h2>\n<p><span style=\"font-weight: 400;\">In meiner Funktion als Fu\u00dfspezialist und Fu\u00dforthop\u00e4de in Wien biete ich sowohl konservative als auch operative Therapieans\u00e4tze an und<\/span><span style=\"font-weight: 400;\">\u00a0berate <\/span><span style=\"font-weight: 400;\">Sie gerne zur ad\u00e4quaten Behandlung von Hallux Rigidus.<\/span> Im Anfangsstadium der Arthrose im Gro\u00dfzeh werden zun\u00e4chst konservative, d.h. nicht-operative Methoden zur Anwendung kommen. Neben der Versorgung mit Schuheinlagen und physikalischer Therapie wird zur Behandlung der Schmerzen eine Schmerztherapie eingeleitet. Sollten diese Methoden nicht zu einer Verbesserung der <a href=\"https:\/\/orthopaede-drschuh.at\/en\/fuss\/\">Beschwerden im Fu\u00df<\/a> f\u00fchren, wird eine <a href=\"https:\/\/orthopaede-drschuh.at\/en\/operation\/\">Fu\u00dfoperation<\/a> unumg\u00e4nglich. Ich f\u00fchre seit Jahren erfolgreich Operationen des Hallux Rigidus durch und kl\u00e4re Sie bei einem <a href=\"https:\/\/orthopaede-drschuh.at\/en\/kontakt\/\">pers\u00f6nlichen Gespr\u00e4ch<\/a> gerne \u00fcber die Methoden, Risiken und Chancen eines chirurgischen Eingriffes auf.<\/p>\n<p><!-- \/wp:paragraph --><!-- wp:paragraph --><!-- \/wp:list --><\/p>\t\t\t\t\t\t\t\t<\/div>\n\t\t\t\t<\/div>\n\t\t\t\t\t<\/div>\n\t\t<\/div>\n\t\t\t\t<div class=\"elementor-column elementor-col-33 elementor-top-column elementor-element elementor-element-9b1ae52\" data-id=\"9b1ae52\" data-element_type=\"column\" data-e-type=\"column\">\n\t\t\t<div class=\"elementor-widget-wrap elementor-element-populated\">\n\t\t\t\t\t\t<div class=\"elementor-element elementor-element-6864894 elementor-widget elementor-widget-text-editor\" data-id=\"6864894\" data-element_type=\"widget\" data-e-type=\"widget\" data-widget_type=\"text-editor.default\">\n\t\t\t\t<div class=\"elementor-widget-container\">\n\t\t\t\t\t\t\t\t\t<p><!-- wp:paragraph --><\/p>\n<p><strong>Learn more about arthrosis:\u00a0<\/strong><\/p>\n<ul>\n<li><a href=\"https:\/\/orthopaede-drschuh.at\/en\/fuss\/arthrose\/sprunggelenk\/\">Arthrosis in the ankle<\/a><\/li>\n<li><a href=\"https:\/\/orthopaede-drschuh.at\/en\/fuss\/arthrose\/mittelfuss\/\">Arthrose im Mittelfu\u00df<\/a><\/li>\n<li><a href=\"https:\/\/orthopaede-drschuh.at\/en\/fuss\/arthrose\/stammzellentherapie\/\">Stem cell therapy<\/a> bei Fu\u00dfschmerzen durch Arthrose<\/li>\n<\/ul>\n<p>\u00a0<\/p>\n<p><!-- \/wp:paragraph --><!-- wp:paragraph --><!-- \/wp:list --><\/p>\t\t\t\t\t\t\t\t<\/div>\n\t\t\t\t<\/div>\n\t\t\t\t\t<\/div>\n\t\t<\/div>\n\t\t\t\t\t<\/div>\n\t\t<\/section>\n\t\t\t\t<section class=\"elementor-section elementor-top-section elementor-element elementor-element-ec8f616 elementor-section-full_width elementor-section-height-default elementor-section-height-default\" data-id=\"ec8f616\" data-element_type=\"section\" data-e-type=\"section\">\n\t\t\t\t\t\t<div class=\"elementor-container elementor-column-gap-default\">\n\t\t\t\t\t<div class=\"elementor-column elementor-col-100 elementor-top-column elementor-element elementor-element-a27b35d\" data-id=\"a27b35d\" data-element_type=\"column\" data-e-type=\"column\">\n\t\t\t<div class=\"elementor-widget-wrap elementor-element-populated\">\n\t\t\t\t\t\t<div class=\"elementor-element elementor-element-8b968ef elementor-widget elementor-widget-template\" data-id=\"8b968ef\" data-element_type=\"widget\" data-e-type=\"widget\" data-widget_type=\"template.default\">\n\t\t\t\t<div class=\"elementor-widget-container\">\n\t\t\t\t\t\t\t<div class=\"elementor-template\">\n\t\t\t\t\t<div data-elementor-type=\"section\" data-elementor-id=\"1938\" data-post-id=\"566\" data-obj-id=\"566\" class=\"elementor elementor-1938 dce-elementor-post-566\" data-elementor-post-type=\"elementor_library\">\n\t\t\t\t\t<section data-dce-background-overlay-color=\"rgba(255, 255, 255, 0)\" data-dce-background-image-url=\"https:\/\/orthopaede-drschuh.at\/wp-content\/uploads\/2020\/02\/Dr_Schuh-1.jpg\" class=\"elementor-section elementor-top-section elementor-element elementor-element-d1c36e3 elementor-section-boxed elementor-section-height-default elementor-section-height-default\" data-id=\"d1c36e3\" data-element_type=\"section\" data-e-type=\"section\" data-settings=\"{&quot;background_background&quot;:&quot;classic&quot;}\">\n\t\t\t\t\t\t\t<div class=\"elementor-background-overlay\"><\/div>\n\t\t\t\t\t\t\t<div class=\"elementor-container elementor-column-gap-default\">\n\t\t\t\t\t<div class=\"elementor-column elementor-col-100 elementor-top-column elementor-element elementor-element-5616372\" data-id=\"5616372\" data-element_type=\"column\" data-e-type=\"column\">\n\t\t\t<div class=\"elementor-widget-wrap elementor-element-populated\">\n\t\t\t\t\t\t<div class=\"elementor-element elementor-element-632cf08 elementor-view-stacked elementor-position-inline-start elementor-shape-circle elementor-mobile-position-block-start elementor-widget elementor-widget-icon-box\" data-id=\"632cf08\" data-element_type=\"widget\" data-e-type=\"widget\" data-widget_type=\"icon-box.default\">\n\t\t\t\t<div class=\"elementor-widget-container\">\n\t\t\t\t\t\t\t<div class=\"elementor-icon-box-wrapper\">\n\n\t\t\t\t\t\t<div class=\"elementor-icon-box-icon\">\n\t\t\t\t<a href=\"https:\/\/orthopaede-drschuh.at\/en\/kontakt\/\" class=\"elementor-icon elementor-animation-grow\" tabindex=\"-1\" aria-label=\"Arrange a Meeting\">\n\t\t\t\t<i aria-hidden=\"true\" class=\"fas fa-phone\"><\/i>\t\t\t\t<\/a>\n\t\t\t<\/div>\n\t\t\t\n\t\t\t\t\t\t<div class=\"elementor-icon-box-content\">\n\n\t\t\t\t\t\t\t\t\t<h3 class=\"elementor-icon-box-title\">\n\t\t\t\t\t\t<a href=\"https:\/\/orthopaede-drschuh.at\/en\/kontakt\/\" >\n\t\t\t\t\t\t\tArrange a Meeting\t\t\t\t\t\t<\/a>\n\t\t\t\t\t<\/h3>\n\t\t\t\t\n\t\t\t\t\t\t\t\t\t<p class=\"elementor-icon-box-description\">\n\t\t\t\t\t\tPlease make an appointment! \t\t\t\t\t<\/p>\n\t\t\t\t\n\t\t\t<\/div>\n\t\t\t\n\t\t<\/div>\n\t\t\t\t\t\t<\/div>\n\t\t\t\t<\/div>\n\t\t\t\t\t<\/div>\n\t\t<\/div>\n\t\t\t\t\t<\/div>\n\t\t<\/section>\n\t\t\t\t<\/div>\n\t\t\t\t<\/div>\n\t\t\t\t\t\t<\/div>\n\t\t\t\t<\/div>\n\t\t\t\t\t<\/div>\n\t\t<\/div>\n\t\t\t\t\t<\/div>\n\t\t<\/section>\n\t\t\t\t<\/div>","protected":false},"excerpt":{"rendered":"<p>Hallux Rigidus, auch bekannt als Gro\u00dfzehengrundgelenk Arthrose, ist eine degenerative Erkrankung, bei der sich das Gelenk an der Basis der Gro\u00dfzehe zunehmend versteift. Diese Form der Gro\u00dfzehengrundgelenksarthrose f\u00fchrt zu eingeschr\u00e4nkter Beweglichkeit und intensiven Schmerzen im Zeh, insbesondere bei Belastung. Die Ursachen von Hallux Rigidus sind neben Altersverschlei\u00df, Stoffwechselerkrankungen (Gicht), \u00dcbergewicht, Verletzungen und Fu\u00df Fehlstellungen.\u00a0 Als [&hellip;]<\/p>\n","protected":false},"author":1,"featured_media":147,"parent":77,"menu_order":0,"comment_status":"closed","ping_status":"closed","template":"","meta":{"_acf_changed":false,"footnotes":""},"class_list":["post-566","page","type-page","status-publish","has-post-thumbnail","hentry"],"acf":[],"_links":{"self":[{"href":"https:\/\/orthopaede-drschuh.at\/en\/wp-json\/wp\/v2\/pages\/566","targetHints":{"allow":["GET"]}}],"collection":[{"href":"https:\/\/orthopaede-drschuh.at\/en\/wp-json\/wp\/v2\/pages"}],"about":[{"href":"https:\/\/orthopaede-drschuh.at\/en\/wp-json\/wp\/v2\/types\/page"}],"author":[{"embeddable":true,"href":"https:\/\/orthopaede-drschuh.at\/en\/wp-json\/wp\/v2\/users\/1"}],"replies":[{"embeddable":true,"href":"https:\/\/orthopaede-drschuh.at\/en\/wp-json\/wp\/v2\/comments?post=566"}],"version-history":[{"count":4,"href":"https:\/\/orthopaede-drschuh.at\/en\/wp-json\/wp\/v2\/pages\/566\/revisions"}],"predecessor-version":[{"id":4134,"href":"https:\/\/orthopaede-drschuh.at\/en\/wp-json\/wp\/v2\/pages\/566\/revisions\/4134"}],"up":[{"embeddable":true,"href":"https:\/\/orthopaede-drschuh.at\/en\/wp-json\/wp\/v2\/pages\/77"}],"wp:featuredmedia":[{"embeddable":true,"href":"https:\/\/orthopaede-drschuh.at\/en\/wp-json\/wp\/v2\/media\/147"}],"wp:attachment":[{"href":"https:\/\/orthopaede-drschuh.at\/en\/wp-json\/wp\/v2\/media?parent=566"}],"curies":[{"name":"wp","href":"https:\/\/api.w.org\/{rel}","templated":true}]}}