{"id":57,"date":"2020-02-17T11:06:32","date_gmt":"2020-02-17T10:06:32","guid":{"rendered":"https:\/\/orthopaede-drschuh.at.w005c694.kasserver.com\/?page_id=57"},"modified":"2024-12-30T06:59:27","modified_gmt":"2024-12-30T05:59:27","slug":"mittelfuss","status":"publish","type":"page","link":"https:\/\/orthopaede-drschuh.at\/en\/fuss\/mittelfuss\/","title":{"rendered":"Fu\u00dfschmerzen am Mittelfu\u00df"},"content":{"rendered":"<div data-elementor-type=\"wp-page\" data-elementor-id=\"57\" data-post-id=\"57\" data-obj-id=\"57\" class=\"elementor elementor-57 dce-elementor-post-57\" data-elementor-post-type=\"page\">\n\t\t\t\t\t\t<section class=\"elementor-section elementor-top-section elementor-element elementor-element-15b38a0 elementor-section-boxed elementor-section-height-default elementor-section-height-default\" data-id=\"15b38a0\" data-element_type=\"section\" data-e-type=\"section\">\n\t\t\t\t\t\t<div class=\"elementor-container elementor-column-gap-default\">\n\t\t\t\t\t<div class=\"elementor-column elementor-col-100 elementor-top-column elementor-element elementor-element-c580250\" data-id=\"c580250\" data-element_type=\"column\" data-e-type=\"column\">\n\t\t\t<div class=\"elementor-widget-wrap elementor-element-populated\">\n\t\t\t\t\t\t<div class=\"elementor-element elementor-element-ae76d25 elementor-widget elementor-widget-image\" data-id=\"ae76d25\" data-element_type=\"widget\" data-e-type=\"widget\" data-widget_type=\"image.default\">\n\t\t\t\t<div class=\"elementor-widget-container\">\n\t\t\t\t\t\t\t\t\t\t\t\t\t\t\t<img fetchpriority=\"high\" decoding=\"async\" width=\"1536\" height=\"1024\" src=\"https:\/\/orthopaede-drschuh.at\/wp-content\/uploads\/2020\/02\/Dr_Schuh-6-1536x1024.jpg\" class=\"attachment-1536x1536 size-1536x1536 wp-image-129\" alt=\"\" srcset=\"https:\/\/orthopaede-drschuh.at\/wp-content\/uploads\/2020\/02\/Dr_Schuh-6-1536x1024.jpg 1536w, https:\/\/orthopaede-drschuh.at\/wp-content\/uploads\/2020\/02\/Dr_Schuh-6-300x200.jpg 300w, https:\/\/orthopaede-drschuh.at\/wp-content\/uploads\/2020\/02\/Dr_Schuh-6-1024x683.jpg 1024w, https:\/\/orthopaede-drschuh.at\/wp-content\/uploads\/2020\/02\/Dr_Schuh-6-768x512.jpg 768w, https:\/\/orthopaede-drschuh.at\/wp-content\/uploads\/2020\/02\/Dr_Schuh-6.jpg 2048w\" sizes=\"(max-width: 1536px) 100vw, 1536px\" \/>\t\t\t\t\t\t\t\t\t\t\t\t\t\t\t<\/div>\n\t\t\t\t<\/div>\n\t\t\t\t\t<\/div>\n\t\t<\/div>\n\t\t\t\t\t<\/div>\n\t\t<\/section>\n\t\t\t\t<section class=\"elementor-section elementor-top-section elementor-element elementor-element-74b7d0e elementor-section-boxed elementor-section-height-default elementor-section-height-default\" data-id=\"74b7d0e\" data-element_type=\"section\" data-e-type=\"section\">\n\t\t\t\t\t\t<div class=\"elementor-container elementor-column-gap-default\">\n\t\t\t\t\t<div class=\"elementor-column elementor-col-100 elementor-top-column elementor-element elementor-element-3e9d18d2\" data-id=\"3e9d18d2\" data-element_type=\"column\" data-e-type=\"column\">\n\t\t\t<div class=\"elementor-widget-wrap elementor-element-populated\">\n\t\t\t\t\t\t<div class=\"elementor-element elementor-element-22837079 elementor-widget elementor-widget-text-editor\" data-id=\"22837079\" data-element_type=\"widget\" data-e-type=\"widget\" data-widget_type=\"text-editor.default\">\n\t\t\t\t<div class=\"elementor-widget-container\">\n\t\t\t\t\t\t\t\t\t<p>Der Fu\u00df wird in drei Teilbereiche unterteilt: Der <a href=\"https:\/\/orthopaede-drschuh.at\/en\/fuss\/vorfuss\/\">Forefoot<\/a>, das R\u00fcckfu\u00df und der Mittelfu\u00df. Aufgrund von Verletzungsfolgen, \u00dcberbelastung oder Fehlstellungen kann es im Bereich des Mittelfu\u00dfes (v.a. an der Fu\u00dfsohle und im Kn\u00f6chelbereich) zu Schmerzen kommen, <span style=\"font-weight: 400;\">die sich auch als <\/span>Schmerzen am Mittelfu\u00df oben<span style=\"font-weight: 400;\"> bemerkbar machen k\u00f6nnen<\/span><span style=\"font-weight: 400;\">.<\/span><\/p><p><span style=\"font-weight: 400;\">Der <\/span>Metatarsus<span style=\"font-weight: 400;\"> bildet den zentralen Teil des Fu\u00dfes und besteht aus f\u00fcnf Mittelfu\u00dfknochen, auch <\/span><i><span style=\"font-weight: 400;\">Metatarsalia<\/span><\/i><span style=\"font-weight: 400;\"> genannt. Diese befinden sich zwischen den Zehen und der Fu\u00dfwurzel und spielen eine wichtige Rolle f\u00fcr die Stabilit\u00e4t und Beweglichkeit. Zusammen mit den Zehenknochen bildet der <\/span>Metatarsus<span style=\"font-weight: 400;\"> den Vorfu\u00df. Schmerzen in diesem Bereich k\u00f6nnen die Lebensqualit\u00e4t erheblich einschr\u00e4nken.<\/span><\/p><p class=\"translation-block\">The most common misalignment that lead to foot pain on the sole of the foot are the hollow foot and the flat foot. Permanent misalignment or strain on the feet can result in a heel spur (calcaneal spur), which causes very unpleasant pain in the heel area of the sole of the foot. Arthrosis could also cause discomfort in the metatarsus (especially in the connecting joints between the tarsal and metatarsal bones). Metatarsus arthrosis causes pain in the area along the arch of the foot.<\/p><p><img decoding=\"async\" class=\"aligncenter wp-image-3962 size-full\" src=\"https:\/\/orthopaede-drschuh.at\/wp-content\/uploads\/2024\/12\/Mittelfuss.png\" alt=\"Mittelfu\u00df Anatomie - Dr.Schuh Behandlung und Therapie\" width=\"1366\" height=\"768\" srcset=\"https:\/\/orthopaede-drschuh.at\/wp-content\/uploads\/2024\/12\/Mittelfuss.png 1366w, https:\/\/orthopaede-drschuh.at\/wp-content\/uploads\/2024\/12\/Mittelfuss-300x169.png 300w, https:\/\/orthopaede-drschuh.at\/wp-content\/uploads\/2024\/12\/Mittelfuss-1024x576.png 1024w, https:\/\/orthopaede-drschuh.at\/wp-content\/uploads\/2024\/12\/Mittelfuss-768x432.png 768w, https:\/\/orthopaede-drschuh.at\/wp-content\/uploads\/2024\/12\/Mittelfuss-18x10.png 18w\" sizes=\"(max-width: 1366px) 100vw, 1366px\" \/><\/p><h2><b>H\u00e4ufige Krankheitsbilder und Ursachen von Fu\u00dfschmerzen am Mittelfu\u00df:<\/b><\/h2><p><span style=\"font-weight: 400;\">Schmerzen am Mittelfu\u00df k\u00f6nnen durch verschiedene Erkrankungen und Fehlstellungen verursacht werden. Als Fu\u00dforthop\u00e4de kann ich die genaue Ursache diagnostizieren und eine geeignete Behandlung vorschlagen. Zu den h\u00e4ufigsten Krankheitsbildern geh\u00f6ren:<\/span><\/p><ul><li><strong>Hohlfu\u00df:<\/strong> <span style=\"font-weight: 400;\">Ein Hohlfu\u00df ist eine Fehlstellung, bei der das L\u00e4ngsgew\u00f6lbe des Fu\u00dfes \u00fcberm\u00e4\u00dfig hoch ausgepr\u00e4gt ist. Dies f\u00fchrt zu einer ungleichm\u00e4\u00dfigen Belastung des Mittelfu\u00dfes und verursacht oft Schmerzen an der Fu\u00dfsohle, am Fu\u00dfr\u00fccken oder spezifische Schmerzen am Mittelfu\u00df oben. Betroffene leiden h\u00e4ufig unter Schmerzen am Mittelfu\u00df oben sowie unter Druckstellen und Schwielen. Empfehlenswert sind in solchen F\u00e4llen spezielle Einlagen oder orthop\u00e4dische Schuhe, um die Belastung besser zu verteilen.<br \/><br \/><\/span><\/li><li><strong>Plattfu\u00df:<\/strong> <span style=\"font-weight: 400;\">Beim Plattfu\u00df ist das Fu\u00dfgew\u00f6lbe abgeflacht, wodurch der gesamte Fu\u00df beim Stehen oder Gehen den Boden ber\u00fchrt. Dies kann zu einer \u00dcberbelastung des Mittelfu\u00dfes und zu Fu\u00dfschmerzen an der Innenseite f\u00fchren. Der Plattfu\u00df kann angeboren oder erworben sein und durch \u00dcbergewicht oder schwache Muskulatur beg\u00fcnstigt werden. Als Ihr Orthop\u00e4de in Wien kann ich gezielte Therapien wie Physiotherapie oder spezielle Einlagen verordnen, um Ihre Beschwerden zu lindern.<br \/><br \/><\/span><\/li><li><strong>Mittelfu\u00df Arthrose:<\/strong> <span style=\"font-weight: 400;\">Die Mittelfu\u00dfarthrose betrifft die Gelenke zwischen den Mittelfu\u00dfknochen und der Fu\u00dfwurzel. Durch den Verschlei\u00df des Gelenkknorpels kommt es zu Schmerzen, vor allem beim Abrollen des Fu\u00dfes. Typische Symptome sind Schmerzen am Mittelfu\u00df oben und ein steifer, schmerzhafter Fu\u00dfr\u00fccken. Die Arthrose kann durch Fehlbelastungen, Verletzungen oder altersbedingten Verschlei\u00df entstehen. In der Fu\u00dforthop\u00e4die stehen sowohl konservative Therapien wie Einlagen und Physiotherapie als auch operative Eingriffe zur Verf\u00fcgung.<br \/><br \/><\/span><\/li><li><strong>Fersensporn:<\/strong> <span style=\"font-weight: 400;\">Ein Fersensporn ist ein kn\u00f6cherner Auswuchs am Fersenbein, der durch anhaltende \u00dcberbelastung entstehen kann. Diese Erkrankung verursacht oft starke Fu\u00dfschmerzen an der Ferse und der Fu\u00dfsohle. Der Schmerz kann sich bis in den Mittelfu\u00df ausbreiten und f\u00fchrt gelegentlich zu Schmerzen am Mittelfu\u00df oben, die das Gehen erschweren. Ursachen f\u00fcr den Fersensporn sind h\u00e4ufig Fehlstellungen wie Plattfu\u00df oder Hohlfu\u00df. Behandelt wird der Fersensporn mit Einlagen, Dehn\u00fcbungen oder Sto\u00dfwellentherapie.<br \/><br \/><\/span><\/li><li><strong>Erm\u00fcdungsbruch im Mittelfu\u00df: <\/strong><span style=\"font-weight: 400;\">Ein Erm\u00fcdungsbruch (Stressfraktur) entsteht durch wiederholte \u00dcberlastung, insbesondere bei Sportlern oder Menschen, die viel stehen. Betroffene versp\u00fcren meist pl\u00f6tzlich auftretende Schmerzen am Mittelfu\u00df oben, die sich bei Belastung verst\u00e4rken k\u00f6nnen, oder Fu\u00dfschmerzen an der Innenseite. Als Ihr Orthop\u00e4de in Wien diagnostiziere ich diese Verletzung mittels R\u00f6ntgen oder MRT und kann in der Regel eine konsequente Entlastung des Fu\u00dfes empfehlen.<br \/><\/span><span style=\"font-weight: 400;\"><br \/><\/span><\/li><li><span style=\"font-weight: 400;\"><strong>Tarsale Koalition:<\/strong> Die tarsale Koalition ist eine angeborene Fehlbildung, bei der Fu\u00dfknochen im Mittelfu\u00df oder R\u00fcckfu\u00df miteinander verwachsen sind. Dies f\u00fchrt zu Bewegungseinschr\u00e4nkungen und Fu\u00dfschmerzen. Symptome treten h\u00e4ufig erst im Jugend- oder Erwachsenenalter auf. Je nach Auspr\u00e4gung kann ich Ihnen hierbei eine konservative oder operative Behandlungsm\u00f6glichkeit anbieten.<\/span><\/li><\/ul><h2>Beratungs\u00adgespr\u00e4ch und Therapie bei Fu\u00dfschmerzen im Mittelfu\u00df<\/h2><p class=\"translation-block\">Should you have foot pain on the sole or across the instep of your foot, I will be happy to advise you as a foot orthopaedic surgeon in my practice.<\/p>\t\t\t\t\t\t\t\t<\/div>\n\t\t\t\t<\/div>\n\t\t\t\t\t<\/div>\n\t\t<\/div>\n\t\t\t\t\t<\/div>\n\t\t<\/section>\n\t\t\t\t<section class=\"elementor-section elementor-top-section elementor-element elementor-element-63e232c elementor-section-full_width elementor-section-height-default elementor-section-height-default\" data-id=\"63e232c\" data-element_type=\"section\" data-e-type=\"section\">\n\t\t\t\t\t\t<div class=\"elementor-container elementor-column-gap-default\">\n\t\t\t\t\t<div class=\"elementor-column elementor-col-100 elementor-top-column elementor-element elementor-element-e70a8f1\" data-id=\"e70a8f1\" data-element_type=\"column\" data-e-type=\"column\">\n\t\t\t<div class=\"elementor-widget-wrap elementor-element-populated\">\n\t\t\t\t\t\t<div class=\"elementor-element elementor-element-e70ee98 elementor-widget elementor-widget-template\" data-id=\"e70ee98\" data-element_type=\"widget\" data-e-type=\"widget\" data-widget_type=\"template.default\">\n\t\t\t\t<div class=\"elementor-widget-container\">\n\t\t\t\t\t\t\t<div class=\"elementor-template\">\n\t\t\t\t\t<div data-elementor-type=\"section\" data-elementor-id=\"1938\" data-post-id=\"57\" data-obj-id=\"57\" class=\"elementor elementor-1938 dce-elementor-post-57\" data-elementor-post-type=\"elementor_library\">\n\t\t\t\t\t<section data-dce-background-overlay-color=\"rgba(255, 255, 255, 0)\" data-dce-background-image-url=\"https:\/\/orthopaede-drschuh.at\/wp-content\/uploads\/2020\/02\/Dr_Schuh-1.jpg\" class=\"elementor-section elementor-top-section elementor-element elementor-element-d1c36e3 elementor-section-boxed elementor-section-height-default elementor-section-height-default\" data-id=\"d1c36e3\" data-element_type=\"section\" data-e-type=\"section\" data-settings=\"{&quot;background_background&quot;:&quot;classic&quot;}\">\n\t\t\t\t\t\t\t<div class=\"elementor-background-overlay\"><\/div>\n\t\t\t\t\t\t\t<div class=\"elementor-container elementor-column-gap-default\">\n\t\t\t\t\t<div class=\"elementor-column elementor-col-100 elementor-top-column elementor-element elementor-element-5616372\" data-id=\"5616372\" data-element_type=\"column\" data-e-type=\"column\">\n\t\t\t<div class=\"elementor-widget-wrap elementor-element-populated\">\n\t\t\t\t\t\t<div class=\"elementor-element elementor-element-632cf08 elementor-view-stacked elementor-position-inline-start elementor-shape-circle elementor-mobile-position-block-start elementor-widget elementor-widget-icon-box\" data-id=\"632cf08\" data-element_type=\"widget\" data-e-type=\"widget\" data-widget_type=\"icon-box.default\">\n\t\t\t\t<div class=\"elementor-widget-container\">\n\t\t\t\t\t\t\t<div class=\"elementor-icon-box-wrapper\">\n\n\t\t\t\t\t\t<div class=\"elementor-icon-box-icon\">\n\t\t\t\t<a href=\"https:\/\/orthopaede-drschuh.at\/en\/kontakt\/\" class=\"elementor-icon elementor-animation-grow\" tabindex=\"-1\" aria-label=\"Arrange a Meeting\">\n\t\t\t\t<i aria-hidden=\"true\" class=\"fas fa-phone\"><\/i>\t\t\t\t<\/a>\n\t\t\t<\/div>\n\t\t\t\n\t\t\t\t\t\t<div class=\"elementor-icon-box-content\">\n\n\t\t\t\t\t\t\t\t\t<h3 class=\"elementor-icon-box-title\">\n\t\t\t\t\t\t<a href=\"https:\/\/orthopaede-drschuh.at\/en\/kontakt\/\" >\n\t\t\t\t\t\t\tArrange a Meeting\t\t\t\t\t\t<\/a>\n\t\t\t\t\t<\/h3>\n\t\t\t\t\n\t\t\t\t\t\t\t\t\t<p class=\"elementor-icon-box-description\">\n\t\t\t\t\t\tPlease make an appointment! \t\t\t\t\t<\/p>\n\t\t\t\t\n\t\t\t<\/div>\n\t\t\t\n\t\t<\/div>\n\t\t\t\t\t\t<\/div>\n\t\t\t\t<\/div>\n\t\t\t\t\t<\/div>\n\t\t<\/div>\n\t\t\t\t\t<\/div>\n\t\t<\/section>\n\t\t\t\t<\/div>\n\t\t\t\t<\/div>\n\t\t\t\t\t\t<\/div>\n\t\t\t\t<\/div>\n\t\t\t\t\t<\/div>\n\t\t<\/div>\n\t\t\t\t\t<\/div>\n\t\t<\/section>\n\t\t\t\t<\/div>","protected":false},"excerpt":{"rendered":"<p>Der Fu\u00df wird in drei Teilbereiche unterteilt: Der Vorfu\u00df, das R\u00fcckfu\u00df und der Mittelfu\u00df. Aufgrund von Verletzungsfolgen, \u00dcberbelastung oder Fehlstellungen kann es im Bereich des Mittelfu\u00dfes (v.a. an der Fu\u00dfsohle und im Kn\u00f6chelbereich) zu Schmerzen kommen, die sich auch als Schmerzen am Mittelfu\u00df oben bemerkbar machen k\u00f6nnen. Der Mittelfu\u00df bildet den zentralen Teil des Fu\u00dfes [&hellip;]<\/p>\n","protected":false},"author":1,"featured_media":129,"parent":1624,"menu_order":0,"comment_status":"closed","ping_status":"closed","template":"","meta":{"_acf_changed":false,"footnotes":""},"class_list":["post-57","page","type-page","status-publish","has-post-thumbnail","hentry"],"acf":[],"_links":{"self":[{"href":"https:\/\/orthopaede-drschuh.at\/en\/wp-json\/wp\/v2\/pages\/57","targetHints":{"allow":["GET"]}}],"collection":[{"href":"https:\/\/orthopaede-drschuh.at\/en\/wp-json\/wp\/v2\/pages"}],"about":[{"href":"https:\/\/orthopaede-drschuh.at\/en\/wp-json\/wp\/v2\/types\/page"}],"author":[{"embeddable":true,"href":"https:\/\/orthopaede-drschuh.at\/en\/wp-json\/wp\/v2\/users\/1"}],"replies":[{"embeddable":true,"href":"https:\/\/orthopaede-drschuh.at\/en\/wp-json\/wp\/v2\/comments?post=57"}],"version-history":[{"count":4,"href":"https:\/\/orthopaede-drschuh.at\/en\/wp-json\/wp\/v2\/pages\/57\/revisions"}],"predecessor-version":[{"id":3965,"href":"https:\/\/orthopaede-drschuh.at\/en\/wp-json\/wp\/v2\/pages\/57\/revisions\/3965"}],"up":[{"embeddable":true,"href":"https:\/\/orthopaede-drschuh.at\/en\/wp-json\/wp\/v2\/pages\/1624"}],"wp:featuredmedia":[{"embeddable":true,"href":"https:\/\/orthopaede-drschuh.at\/en\/wp-json\/wp\/v2\/media\/129"}],"wp:attachment":[{"href":"https:\/\/orthopaede-drschuh.at\/en\/wp-json\/wp\/v2\/media?parent=57"}],"curies":[{"name":"wp","href":"https:\/\/api.w.org\/{rel}","templated":true}]}}