{"id":585,"date":"2020-03-10T17:40:30","date_gmt":"2020-03-10T16:40:30","guid":{"rendered":"https:\/\/orthopaede-drschuh.at.w005c694.kasserver.com\/?page_id=585"},"modified":"2025-10-08T14:20:52","modified_gmt":"2025-10-08T12:20:52","slug":"stammzellentherapie","status":"publish","type":"page","link":"https:\/\/orthopaede-drschuh.at\/en\/fuss\/arthrose\/stammzellentherapie\/","title":{"rendered":"Stammzellen\u00adtherapie Arthrose"},"content":{"rendered":"\t\t<div data-elementor-type=\"wp-page\" data-elementor-id=\"585\" data-post-id=\"585\" data-obj-id=\"585\" class=\"elementor elementor-585 dce-elementor-post-585\" data-elementor-post-type=\"page\">\n\t\t\t\t\t\t<section class=\"elementor-section elementor-top-section elementor-element elementor-element-6566bfc elementor-section-boxed elementor-section-height-default elementor-section-height-default\" data-id=\"6566bfc\" data-element_type=\"section\" data-e-type=\"section\">\n\t\t\t\t\t\t<div class=\"elementor-container elementor-column-gap-default\">\n\t\t\t\t\t<div class=\"elementor-column elementor-col-100 elementor-top-column elementor-element elementor-element-a915df0\" data-id=\"a915df0\" data-element_type=\"column\" data-e-type=\"column\">\n\t\t\t<div class=\"elementor-widget-wrap elementor-element-populated\">\n\t\t\t\t\t\t<div class=\"elementor-element elementor-element-e6dfd6c elementor-widget elementor-widget-image\" data-id=\"e6dfd6c\" data-element_type=\"widget\" data-e-type=\"widget\" data-widget_type=\"image.default\">\n\t\t\t\t<div class=\"elementor-widget-container\">\n\t\t\t\t\t\t\t\t\t\t\t\t\t\t\t<img fetchpriority=\"high\" decoding=\"async\" width=\"2048\" height=\"1365\" src=\"https:\/\/orthopaede-drschuh.at\/wp-content\/uploads\/2020\/02\/Dr_Schuh-16.jpg\" class=\"attachment-2048x2048 size-2048x2048 wp-image-139\" alt=\"\" srcset=\"https:\/\/orthopaede-drschuh.at\/wp-content\/uploads\/2020\/02\/Dr_Schuh-16.jpg 2048w, https:\/\/orthopaede-drschuh.at\/wp-content\/uploads\/2020\/02\/Dr_Schuh-16-300x200.jpg 300w, https:\/\/orthopaede-drschuh.at\/wp-content\/uploads\/2020\/02\/Dr_Schuh-16-1024x683.jpg 1024w, https:\/\/orthopaede-drschuh.at\/wp-content\/uploads\/2020\/02\/Dr_Schuh-16-768x512.jpg 768w, https:\/\/orthopaede-drschuh.at\/wp-content\/uploads\/2020\/02\/Dr_Schuh-16-1536x1024.jpg 1536w\" sizes=\"(max-width: 2048px) 100vw, 2048px\" \/>\t\t\t\t\t\t\t\t\t\t\t\t\t\t\t<\/div>\n\t\t\t\t<\/div>\n\t\t\t\t\t<\/div>\n\t\t<\/div>\n\t\t\t\t\t<\/div>\n\t\t<\/section>\n\t\t\t\t<section class=\"elementor-section elementor-top-section elementor-element elementor-element-b57beff elementor-section-boxed elementor-section-height-default elementor-section-height-default\" data-id=\"b57beff\" data-element_type=\"section\" data-e-type=\"section\">\n\t\t\t\t\t\t<div class=\"elementor-container elementor-column-gap-default\">\n\t\t\t\t\t<div class=\"elementor-column elementor-col-66 elementor-top-column elementor-element elementor-element-5f913b73\" data-id=\"5f913b73\" data-element_type=\"column\" data-e-type=\"column\">\n\t\t\t<div class=\"elementor-widget-wrap elementor-element-populated\">\n\t\t\t\t\t\t<div class=\"elementor-element elementor-element-4a5c4786 elementor-widget elementor-widget-text-editor\" data-id=\"4a5c4786\" data-element_type=\"widget\" data-e-type=\"widget\" data-widget_type=\"text-editor.default\">\n\t\t\t\t<div class=\"elementor-widget-container\">\n\t\t\t\t\t\t\t\t\t<p><span style=\"color: #333333;\">F\u00fcr die Behandlung von <a href=\"https:\/\/orthopaede-drschuh.at\/fuss\/arthrose\/\">Arthrose<\/a> oder auch von Verletzungen an Muskeln, Sehnen und B\u00e4ndern gibt es seit einiger Zeit eine Alternative zu den herk\u00f6mmlichen Therapien. Bei der Stammzellentherapie bei Arthrose werden mit Hilfe von Stammzellen aus Eigenblut (sogenanntes Autolog Conditionierts Plasma, kurz ACP) Schmerzen bei Arthrose gelindert und die Heilung bei Verletzungen des Bewegungsapparates beschleunigt. <span style=\"font-weight: 400;\">Diese regenerative Methode nutzt k\u00f6rpereigene Heilungskr\u00e4fte, um den Knorpelaufbau anzuregen und langfristig die Gelenkfunktion zu verbessern.<\/span> Werden bei der Stammzellentherapie gegen Arthrose diese Stammzellen in ein Gelenk gespritzt, w\u00e4chst daraus jenes Knorpelgewebe nach, das sich zum Beispiel durch Arthrose zur\u00fcckgebildet hat<\/span>.<\/p><h2><span style=\"color: #333333;\"><b>Ablauf der innovativen Stammzellen\u00adtherapie zur Heilung von Arthrose<\/b><\/span><\/h2><p><span style=\"color: #333333;\"><span style=\"font-weight: 400;\">Die Stammzellentherapie erfolgt ambulant in meiner Ordination unter lokaler Bet\u00e4ubung.<\/span> Zun\u00e4chst wird dem Patienten eine geringe Menge Blut abgenommen und in einer Zentrifuge aufbereitet. So wird das Blutplasma separiert und anschlie\u00dfend werden die regenerativen Bestandteile des Blutes in das betroffene Gelenk injiziert. <span style=\"font-weight: 400;\">Dieser Prozess ist minimal-invasiv, schmerzarm und ben\u00f6tigt in der Regel nur wenige Sitzungen. <\/span>Die Stammzellentherapie bei Arthrose hat <strong>keine Nebenwirkungen<\/strong> und ist <strong>schmerzfrei<\/strong>. Wie viele Beispiele in unserer Praxis zeigen, kann die ACP-Therapie bei allen Arthrosegraden mit individuellen Unterschieden zu guten Ergebnissen f\u00fchren. <\/span><\/p><p><span style=\"font-weight: 400;\">Auch bei Sportverletzungen wie zum Beispiel bei Bandverletzungen haben wir die Erfahrung gemacht, dass die innovative Stammzellentherapie unterst\u00fctzend zu anderen Therapien eingesetzt werden kann und den Heilungsprozess beschleunigt. Immer mehr Patient:innen entscheiden sich bewusst f\u00fcr diese Form der regenerativen Medizin, um Operationen m\u00f6glichst hinauszuz\u00f6gern oder ganz zu vermeiden. Gerne berate ich Sie zur Stammzellentherapie bei Arthrose bei einem pers\u00f6nlichen Termin in meiner Ordination in Wien 1190.<\/span><\/p><p>\u00a0<\/p>\t\t\t\t\t\t\t\t<\/div>\n\t\t\t\t<\/div>\n\t\t\t\t<div class=\"elementor-element elementor-element-8ba9688 elementor-widget elementor-widget-accordion\" data-id=\"8ba9688\" data-element_type=\"widget\" data-e-type=\"widget\" data-widget_type=\"accordion.default\">\n\t\t\t\t<div class=\"elementor-widget-container\">\n\t\t\t\t\t\t\t<div class=\"elementor-accordion\">\n\t\t\t\t\t\t\t<div class=\"elementor-accordion-item\">\n\t\t\t\t\t<div id=\"elementor-tab-title-1461\" class=\"elementor-tab-title\" data-tab=\"1\" role=\"button\" aria-controls=\"elementor-tab-content-1461\" aria-expanded=\"false\">\n\t\t\t\t\t\t\t\t\t\t\t\t\t<span class=\"elementor-accordion-icon elementor-accordion-icon-left\" aria-hidden=\"true\">\n\t\t\t\t\t\t\t\t\t\t\t\t\t\t\t<span class=\"elementor-accordion-icon-closed\"><i class=\"fas fa-plus\"><\/i><\/span>\n\t\t\t\t\t\t\t\t<span class=\"elementor-accordion-icon-opened\"><i class=\"fas fa-minus\"><\/i><\/span>\n\t\t\t\t\t\t\t\t\t\t\t\t\t\t<\/span>\n\t\t\t\t\t\t\t\t\t\t\t\t<a class=\"elementor-accordion-title\" tabindex=\"0\">Wann ist eine Stammzellentherapie sinnvoll?<\/a>\n\t\t\t\t\t<\/div>\n\t\t\t\t\t<div id=\"elementor-tab-content-1461\" class=\"elementor-tab-content elementor-clearfix\" data-tab=\"1\" role=\"region\" aria-labelledby=\"elementor-tab-title-1461\"><div>Besonders gut l\u00e4sst sich die Stammzellentherapie bei Arthrose und Knorpelsch\u00e4den einsetzen. Weiters kommt die Stammzellentherapie bei folgenden Schmerzen infrage:\u00a0<\/div><ul><li>Verletzungen und Reizungen der Sehnen (z.B. Achillessehne,)<\/li><li>Verletzungen der B\u00e4nder, u.a. Kreuzband, B\u00e4nder des Sprunggelenks<\/li><li>Meniskus- oder Kreuzbandverletzungen<\/li><li>Schmerzen an der Fu\u00dfsohle &#8211; Plantare Entz\u00fcndungen<\/li><li><span style=\"font-weight: 400;\">Chronische Gelenkschmerzen, die auf klassische Schmerztherapien nicht ausreichend ansprechen<\/span><\/li><\/ul><\/div>\n\t\t\t\t<\/div>\n\t\t\t\t\t\t\t<div class=\"elementor-accordion-item\">\n\t\t\t\t\t<div id=\"elementor-tab-title-1462\" class=\"elementor-tab-title\" data-tab=\"2\" role=\"button\" aria-controls=\"elementor-tab-content-1462\" aria-expanded=\"false\">\n\t\t\t\t\t\t\t\t\t\t\t\t\t<span class=\"elementor-accordion-icon elementor-accordion-icon-left\" aria-hidden=\"true\">\n\t\t\t\t\t\t\t\t\t\t\t\t\t\t\t<span class=\"elementor-accordion-icon-closed\"><i class=\"fas fa-plus\"><\/i><\/span>\n\t\t\t\t\t\t\t\t<span class=\"elementor-accordion-icon-opened\"><i class=\"fas fa-minus\"><\/i><\/span>\n\t\t\t\t\t\t\t\t\t\t\t\t\t\t<\/span>\n\t\t\t\t\t\t\t\t\t\t\t\t<a class=\"elementor-accordion-title\" tabindex=\"0\">Welche Vorteile hat die Stammzellentherapie?<\/a>\n\t\t\t\t\t<\/div>\n\t\t\t\t\t<div id=\"elementor-tab-content-1462\" class=\"elementor-tab-content elementor-clearfix\" data-tab=\"2\" role=\"region\" aria-labelledby=\"elementor-tab-title-1462\"><p>Die Stammzellentherapie bei Arthrose ist ein Verfahren, das sehr wenige Nebenwirkungen hat. Somit ist die Stammzellentherapie zur Behandlung von Arthrose ein sicheres Verfahren, da sie k\u00f6rpereigene Regenerationskr\u00e4fte nutzt. Die Wachstumsfaktoren beschleunigen die k\u00f6rpereigenen Heilungsprozesse.\u00a0<\/p><p><span style=\"font-weight: 400;\">Viele Patient:innen berichten von einer deutlichen Verbesserung der Beweglichkeit und reduzierten Schmerzen bereits wenige Wochen nach Beginn der Stammzellentherapie bei Arthrose.<\/span><\/p><\/div>\n\t\t\t\t<\/div>\n\t\t\t\t\t\t\t<div class=\"elementor-accordion-item\">\n\t\t\t\t\t<div id=\"elementor-tab-title-1463\" class=\"elementor-tab-title\" data-tab=\"3\" role=\"button\" aria-controls=\"elementor-tab-content-1463\" aria-expanded=\"false\">\n\t\t\t\t\t\t\t\t\t\t\t\t\t<span class=\"elementor-accordion-icon elementor-accordion-icon-left\" aria-hidden=\"true\">\n\t\t\t\t\t\t\t\t\t\t\t\t\t\t\t<span class=\"elementor-accordion-icon-closed\"><i class=\"fas fa-plus\"><\/i><\/span>\n\t\t\t\t\t\t\t\t<span class=\"elementor-accordion-icon-opened\"><i class=\"fas fa-minus\"><\/i><\/span>\n\t\t\t\t\t\t\t\t\t\t\t\t\t\t<\/span>\n\t\t\t\t\t\t\t\t\t\t\t\t<a class=\"elementor-accordion-title\" tabindex=\"0\">Wird die Stammzellentherapie bei Arthrose von der Krankenkasse bezahlt?<\/a>\n\t\t\t\t\t<\/div>\n\t\t\t\t\t<div id=\"elementor-tab-content-1463\" class=\"elementor-tab-content elementor-clearfix\" data-tab=\"3\" role=\"region\" aria-labelledby=\"elementor-tab-title-1463\"><p>Die gesetzliche Krankenkasse \u00fcbernimmt die Kosten f\u00fcr die Stammzellentherapie nicht. <span style=\"font-weight: 400;\">Private Versicherungen k\u00f6nnen in Einzelf\u00e4llen Kosten \u00fcbernehmen \u2013 bitte kl\u00e4ren Sie dies vorab mit Ihrer Kasse.<\/span>\u00a0<\/p><\/div>\n\t\t\t\t<\/div>\n\t\t\t\t\t\t\t<div class=\"elementor-accordion-item\">\n\t\t\t\t\t<div id=\"elementor-tab-title-1464\" class=\"elementor-tab-title\" data-tab=\"4\" role=\"button\" aria-controls=\"elementor-tab-content-1464\" aria-expanded=\"false\">\n\t\t\t\t\t\t\t\t\t\t\t\t\t<span class=\"elementor-accordion-icon elementor-accordion-icon-left\" aria-hidden=\"true\">\n\t\t\t\t\t\t\t\t\t\t\t\t\t\t\t<span class=\"elementor-accordion-icon-closed\"><i class=\"fas fa-plus\"><\/i><\/span>\n\t\t\t\t\t\t\t\t<span class=\"elementor-accordion-icon-opened\"><i class=\"fas fa-minus\"><\/i><\/span>\n\t\t\t\t\t\t\t\t\t\t\t\t\t\t<\/span>\n\t\t\t\t\t\t\t\t\t\t\t\t<a class=\"elementor-accordion-title\" tabindex=\"0\">Was ist das Ziel einer Stammzellentherapie bei Arthrose?<\/a>\n\t\t\t\t\t<\/div>\n\t\t\t\t\t<div id=\"elementor-tab-content-1464\" class=\"elementor-tab-content elementor-clearfix\" data-tab=\"4\" role=\"region\" aria-labelledby=\"elementor-tab-title-1464\"><p>Die Ziele einer Stammzellentherapie bei Arthrose sind:\u00a0<\/p><ul><li>Beschwerdefreiheit bzw. Linderung der Schmerzen bei Arthrose<\/li><li>Wiederherstellung der Knorpelfunktion<\/li><li>Erleichterung von Alltagst\u00e4tigkeiten bzw. sportlichen T\u00e4tigkeiten<\/li><li>Vermeiden von Operationen\u00a0<\/li><\/ul><\/div>\n\t\t\t\t<\/div>\n\t\t\t\t\t\t\t\t\t\t<script type=\"application\/ld+json\">{\"@context\":\"https:\\\/\\\/schema.org\",\"@type\":\"FAQPage\",\"mainEntity\":[{\"@type\":\"Question\",\"name\":\"Wann ist eine Stammzellentherapie sinnvoll?\",\"acceptedAnswer\":{\"@type\":\"Answer\",\"text\":\"<div>Besonders gut l\\u00e4sst sich die Stammzellentherapie bei Arthrose und Knorpelsch\\u00e4den einsetzen. Weiters kommt die Stammzellentherapie bei folgenden Schmerzen infrage:\\u00a0<\\\/div><ul><li>Verletzungen und Reizungen der Sehnen (z.B. Achillessehne,)<\\\/li><li>Verletzungen der B\\u00e4nder, u.a. Kreuzband, B\\u00e4nder des Sprunggelenks<\\\/li><li>Meniskus- oder Kreuzbandverletzungen<\\\/li><li>Schmerzen an der Fu\\u00dfsohle &#8211; Plantare Entz\\u00fcndungen<\\\/li><li><span style=\\\"font-weight: 400;\\\">Chronische Gelenkschmerzen, die auf klassische Schmerztherapien nicht ausreichend ansprechen<\\\/span><\\\/li><\\\/ul>\"}},{\"@type\":\"Question\",\"name\":\"Welche Vorteile hat die Stammzellentherapie?\",\"acceptedAnswer\":{\"@type\":\"Answer\",\"text\":\"<p>Die Stammzellentherapie bei Arthrose ist ein Verfahren, das sehr wenige Nebenwirkungen hat. Somit ist die Stammzellentherapie zur Behandlung von Arthrose ein sicheres Verfahren, da sie k\\u00f6rpereigene Regenerationskr\\u00e4fte nutzt. Die Wachstumsfaktoren beschleunigen die k\\u00f6rpereigenen Heilungsprozesse.\\u00a0<\\\/p><p><span style=\\\"font-weight: 400;\\\">Viele Patient:innen berichten von einer deutlichen Verbesserung der Beweglichkeit und reduzierten Schmerzen bereits wenige Wochen nach Beginn der Stammzellentherapie bei Arthrose.<\\\/span><\\\/p>\"}},{\"@type\":\"Question\",\"name\":\"Wird die Stammzellentherapie bei Arthrose von der Krankenkasse bezahlt?\",\"acceptedAnswer\":{\"@type\":\"Answer\",\"text\":\"<p>Die gesetzliche Krankenkasse \\u00fcbernimmt die Kosten f\\u00fcr die Stammzellentherapie nicht. <span style=\\\"font-weight: 400;\\\">Private Versicherungen k\\u00f6nnen in Einzelf\\u00e4llen Kosten \\u00fcbernehmen \\u2013 bitte kl\\u00e4ren Sie dies vorab mit Ihrer Kasse.<\\\/span>\\u00a0<\\\/p>\"}},{\"@type\":\"Question\",\"name\":\"Was ist das Ziel einer Stammzellentherapie bei Arthrose?\",\"acceptedAnswer\":{\"@type\":\"Answer\",\"text\":\"<p>Die Ziele einer Stammzellentherapie bei Arthrose sind:\\u00a0<\\\/p><ul><li>Beschwerdefreiheit bzw. Linderung der Schmerzen bei Arthrose<\\\/li><li>Wiederherstellung der Knorpelfunktion<\\\/li><li>Erleichterung von Alltagst\\u00e4tigkeiten bzw. sportlichen T\\u00e4tigkeiten<\\\/li><li>Vermeiden von Operationen\\u00a0<\\\/li><\\\/ul>\"}}]}<\/script>\n\t\t\t\t\t<\/div>\n\t\t\t\t\t\t<\/div>\n\t\t\t\t<\/div>\n\t\t\t\t\t<\/div>\n\t\t<\/div>\n\t\t\t\t<div class=\"elementor-column elementor-col-33 elementor-top-column elementor-element elementor-element-026fa7c\" data-id=\"026fa7c\" data-element_type=\"column\" data-e-type=\"column\">\n\t\t\t<div class=\"elementor-widget-wrap elementor-element-populated\">\n\t\t\t\t\t\t<div class=\"elementor-element elementor-element-71dc8fa elementor-view-default elementor-position-block-start elementor-mobile-position-block-start elementor-widget elementor-widget-icon-box\" data-id=\"71dc8fa\" data-element_type=\"widget\" data-e-type=\"widget\" data-widget_type=\"icon-box.default\">\n\t\t\t\t<div class=\"elementor-widget-container\">\n\t\t\t\t\t\t\t<div class=\"elementor-icon-box-wrapper\">\n\n\t\t\t\t\t\t<div class=\"elementor-icon-box-icon\">\n\t\t\t\t<a href=\"https:\/\/orthopaede-drschuh.at\/wp-content\/uploads\/2020\/03\/Patienteninformation-Stammzellentherapie.pdf\" class=\"elementor-icon elementor-animation-grow\" tabindex=\"-1\" aria-label=\"Patienteninformation\">\n\t\t\t\t<i aria-hidden=\"true\" class=\"fas fa-cloud-download-alt\"><\/i>\t\t\t\t<\/a>\n\t\t\t<\/div>\n\t\t\t\n\t\t\t\t\t\t<div class=\"elementor-icon-box-content\">\n\n\t\t\t\t\t\t\t\t\t<h3 class=\"elementor-icon-box-title\">\n\t\t\t\t\t\t<a href=\"https:\/\/orthopaede-drschuh.at\/wp-content\/uploads\/2020\/03\/Patienteninformation-Stammzellentherapie.pdf\" >\n\t\t\t\t\t\t\tPatienteninformation\t\t\t\t\t\t<\/a>\n\t\t\t\t\t<\/h3>\n\t\t\t\t\n\t\t\t\t\t\t\t\t\t<p class=\"elementor-icon-box-description\">\n\t\t\t\t\t\tPatienteninformation-Sprunggelenk.pdf (4mb)\t\t\t\t\t<\/p>\n\t\t\t\t\n\t\t\t<\/div>\n\t\t\t\n\t\t<\/div>\n\t\t\t\t\t\t<\/div>\n\t\t\t\t<\/div>\n\t\t\t\t\t<\/div>\n\t\t<\/div>\n\t\t\t\t\t<\/div>\n\t\t<\/section>\n\t\t\t\t<section class=\"elementor-section elementor-top-section elementor-element elementor-element-803fbe0 elementor-section-full_width elementor-section-height-default elementor-section-height-default\" data-id=\"803fbe0\" data-element_type=\"section\" data-e-type=\"section\">\n\t\t\t\t\t\t<div class=\"elementor-container elementor-column-gap-default\">\n\t\t\t\t\t<div class=\"elementor-column elementor-col-100 elementor-top-column elementor-element elementor-element-20ca27f\" data-id=\"20ca27f\" data-element_type=\"column\" data-e-type=\"column\">\n\t\t\t<div class=\"elementor-widget-wrap elementor-element-populated\">\n\t\t\t\t\t\t<div class=\"elementor-element elementor-element-a6d533e elementor-widget elementor-widget-template\" data-id=\"a6d533e\" data-element_type=\"widget\" data-e-type=\"widget\" data-widget_type=\"template.default\">\n\t\t\t\t<div class=\"elementor-widget-container\">\n\t\t\t\t\t\t\t<div class=\"elementor-template\">\n\t\t\t\t\t<div data-elementor-type=\"section\" data-elementor-id=\"1938\" data-post-id=\"585\" data-obj-id=\"585\" class=\"elementor elementor-1938 dce-elementor-post-585\" data-elementor-post-type=\"elementor_library\">\n\t\t\t\t\t<section data-dce-background-overlay-color=\"rgba(255, 255, 255, 0)\" data-dce-background-image-url=\"https:\/\/orthopaede-drschuh.at\/wp-content\/uploads\/2020\/02\/Dr_Schuh-1.jpg\" class=\"elementor-section elementor-top-section elementor-element elementor-element-d1c36e3 elementor-section-boxed elementor-section-height-default elementor-section-height-default\" data-id=\"d1c36e3\" data-element_type=\"section\" data-e-type=\"section\" data-settings=\"{&quot;background_background&quot;:&quot;classic&quot;}\">\n\t\t\t\t\t\t\t<div class=\"elementor-background-overlay\"><\/div>\n\t\t\t\t\t\t\t<div class=\"elementor-container elementor-column-gap-default\">\n\t\t\t\t\t<div class=\"elementor-column elementor-col-100 elementor-top-column elementor-element elementor-element-5616372\" data-id=\"5616372\" data-element_type=\"column\" data-e-type=\"column\">\n\t\t\t<div class=\"elementor-widget-wrap elementor-element-populated\">\n\t\t\t\t\t\t<div class=\"elementor-element elementor-element-632cf08 elementor-view-stacked elementor-position-inline-start elementor-shape-circle elementor-mobile-position-block-start elementor-widget elementor-widget-icon-box\" data-id=\"632cf08\" data-element_type=\"widget\" data-e-type=\"widget\" data-widget_type=\"icon-box.default\">\n\t\t\t\t<div class=\"elementor-widget-container\">\n\t\t\t\t\t\t\t<div class=\"elementor-icon-box-wrapper\">\n\n\t\t\t\t\t\t<div class=\"elementor-icon-box-icon\">\n\t\t\t\t<a href=\"https:\/\/orthopaede-drschuh.at\/kontakt\/\" class=\"elementor-icon elementor-animation-grow\" tabindex=\"-1\" aria-label=\"Terminvereinbarung\">\n\t\t\t\t<i aria-hidden=\"true\" class=\"fas fa-phone\"><\/i>\t\t\t\t<\/a>\n\t\t\t<\/div>\n\t\t\t\n\t\t\t\t\t\t<div class=\"elementor-icon-box-content\">\n\n\t\t\t\t\t\t\t\t\t<h3 class=\"elementor-icon-box-title\">\n\t\t\t\t\t\t<a href=\"https:\/\/orthopaede-drschuh.at\/kontakt\/\" >\n\t\t\t\t\t\t\tTerminvereinbarung\t\t\t\t\t\t<\/a>\n\t\t\t\t\t<\/h3>\n\t\t\t\t\n\t\t\t\t\t\t\t\t\t<p class=\"elementor-icon-box-description\">\n\t\t\t\t\t\tIch bitte um Voranmeldung! \t\t\t\t\t<\/p>\n\t\t\t\t\n\t\t\t<\/div>\n\t\t\t\n\t\t<\/div>\n\t\t\t\t\t\t<\/div>\n\t\t\t\t<\/div>\n\t\t\t\t\t<\/div>\n\t\t<\/div>\n\t\t\t\t\t<\/div>\n\t\t<\/section>\n\t\t\t\t<\/div>\n\t\t\t\t<\/div>\n\t\t\t\t\t\t<\/div>\n\t\t\t\t<\/div>\n\t\t\t\t\t<\/div>\n\t\t<\/div>\n\t\t\t\t\t<\/div>\n\t\t<\/section>\n\t\t\t\t<\/div>\n\t\t","protected":false},"excerpt":{"rendered":"<p>F\u00fcr die Behandlung von Arthrose oder auch von Verletzungen an Muskeln, Sehnen und B\u00e4ndern gibt es seit einiger Zeit eine Alternative zu den herk\u00f6mmlichen Therapien. Bei der Stammzellentherapie bei Arthrose werden mit Hilfe von Stammzellen aus Eigenblut (sogenanntes Autolog Conditionierts Plasma, kurz ACP) Schmerzen bei Arthrose gelindert und die Heilung bei Verletzungen des Bewegungsapparates beschleunigt. [&hellip;]<\/p>\n","protected":false},"author":1,"featured_media":139,"parent":77,"menu_order":0,"comment_status":"closed","ping_status":"closed","template":"","meta":{"_acf_changed":false,"footnotes":""},"class_list":["post-585","page","type-page","status-publish","has-post-thumbnail","hentry"],"acf":[],"_links":{"self":[{"href":"https:\/\/orthopaede-drschuh.at\/en\/wp-json\/wp\/v2\/pages\/585","targetHints":{"allow":["GET"]}}],"collection":[{"href":"https:\/\/orthopaede-drschuh.at\/en\/wp-json\/wp\/v2\/pages"}],"about":[{"href":"https:\/\/orthopaede-drschuh.at\/en\/wp-json\/wp\/v2\/types\/page"}],"author":[{"embeddable":true,"href":"https:\/\/orthopaede-drschuh.at\/en\/wp-json\/wp\/v2\/users\/1"}],"replies":[{"embeddable":true,"href":"https:\/\/orthopaede-drschuh.at\/en\/wp-json\/wp\/v2\/comments?post=585"}],"version-history":[{"count":3,"href":"https:\/\/orthopaede-drschuh.at\/en\/wp-json\/wp\/v2\/pages\/585\/revisions"}],"predecessor-version":[{"id":4148,"href":"https:\/\/orthopaede-drschuh.at\/en\/wp-json\/wp\/v2\/pages\/585\/revisions\/4148"}],"up":[{"embeddable":true,"href":"https:\/\/orthopaede-drschuh.at\/en\/wp-json\/wp\/v2\/pages\/77"}],"wp:featuredmedia":[{"embeddable":true,"href":"https:\/\/orthopaede-drschuh.at\/en\/wp-json\/wp\/v2\/media\/139"}],"wp:attachment":[{"href":"https:\/\/orthopaede-drschuh.at\/en\/wp-json\/wp\/v2\/media?parent=585"}],"curies":[{"name":"wp","href":"https:\/\/api.w.org\/{rel}","templated":true}]}}