{"id":66,"date":"2020-02-17T11:33:44","date_gmt":"2020-02-17T10:33:44","guid":{"rendered":"https:\/\/orthopaede-drschuh.at.w005c694.kasserver.com\/?page_id=66"},"modified":"2025-03-06T11:14:58","modified_gmt":"2025-03-06T10:14:58","slug":"fersensporn","status":"publish","type":"page","link":"https:\/\/orthopaede-drschuh.at\/en\/fuss\/mittelfuss\/fersensporn\/","title":{"rendered":"Heel spur"},"content":{"rendered":"<div data-elementor-type=\"wp-page\" data-elementor-id=\"66\" data-post-id=\"1845\" data-obj-id=\"1845\" class=\"elementor elementor-66 dce-elementor-post-1845\" data-elementor-post-type=\"page\">\n\t\t\t\t\t\t<section class=\"elementor-section elementor-top-section elementor-element elementor-element-45abd4dd elementor-section-boxed elementor-section-height-default elementor-section-height-default\" data-id=\"45abd4dd\" data-element_type=\"section\" data-e-type=\"section\">\n\t\t\t\t\t\t<div class=\"elementor-container elementor-column-gap-default\">\n\t\t\t\t\t<div class=\"elementor-column elementor-col-100 elementor-top-column elementor-element elementor-element-7341ef\" data-id=\"7341ef\" data-element_type=\"column\" data-e-type=\"column\">\n\t\t\t<div class=\"elementor-widget-wrap elementor-element-populated\">\n\t\t\t\t\t\t\t<\/div>\n\t\t<\/div>\n\t\t\t\t\t<\/div>\n\t\t<\/section>\n\t\t\t\t<section class=\"elementor-section elementor-top-section elementor-element elementor-element-2473cf2 elementor-section-boxed elementor-section-height-default elementor-section-height-default\" data-id=\"2473cf2\" data-element_type=\"section\" data-e-type=\"section\">\n\t\t\t\t\t\t<div class=\"elementor-container elementor-column-gap-default\">\n\t\t\t\t\t<div class=\"elementor-column elementor-col-66 elementor-top-column elementor-element elementor-element-5a81bcb\" data-id=\"5a81bcb\" data-element_type=\"column\" data-e-type=\"column\">\n\t\t\t<div class=\"elementor-widget-wrap elementor-element-populated\">\n\t\t\t\t\t\t<div class=\"elementor-element elementor-element-ccc1d2b elementor-widget elementor-widget-text-editor\" data-id=\"ccc1d2b\" data-element_type=\"widget\" data-e-type=\"widget\" data-widget_type=\"text-editor.default\">\n\t\t\t\t<div class=\"elementor-widget-container\">\n\t\t\t\t\t\t\t\t\t<p><span style=\"font-weight: 400;\">Sie leiden an Fersenschmerzen? Dann k\u00f6nnte es sich um einen Fersensporn handeln. <\/span><span style=\"font-weight: 400;\">Ein Fersensporn ist ein kn\u00f6cherner Auswuchs am Fersenbein, der h\u00e4ufig mit erheblichen Fersenschmerzen einhergeht.<\/span> Es wird zwischen dem oberen (dorsalen) und dem unteren (plantaren) Fersensporn unterschieden, wobei der plantare Fersensporn <span style=\"font-weight: 400;\">dabei weitaus h\u00e4ufiger auftritt.<\/span> Er bildet sich vom Rand des Fersenbeins entlang der Fu\u00dfsohle zu den Zehen hin. Der dorsale Fersensporn entsteht beim Ansatz der <a href=\"https:\/\/orthopaede-drschuh.at\/en\/fuss\/gelenk\/achillessehne\/\">Achilles tendon<\/a>. <\/p>\n<h2>Ursachen und Risikofaktoren<\/h2>\n<p><span style=\"font-weight: 400;\">Die Entstehung f\u00fcr einen Fersensporn ist <\/span><span style=\"font-weight: 400;\">oft auf wiederholte Mikroverletzungen am Sehnenansatz der Plantarfaszie zur\u00fcckzuf\u00fchren.Diese Verletzungen <\/span><span style=\"font-weight: 400;\">sind Verkalkungen der Sehnenans\u00e4tze, die durch <\/span><a href=\"https:\/\/orthopaede-drschuh.at\/en\/fuss\/gelenk\/fehlstellung\/\"><span style=\"font-weight: 400;\">Fu\u00df Fehlstellungen<\/span><\/a><span style=\"font-weight: 400;\"> oder \u00dcberbelastung verursacht werden. <\/span>Diese Verkalkungen k\u00f6nnen in Folge zu chronischen Reizungen f\u00fchren und dadurch entsteht der Fersensporn und Fersenschmerzen. <span style=\"font-weight: 400;\">Diese Verletzungen k\u00f6nnen durch <\/span><span style=\"font-weight: 400;\">\u00dcberlastung, Fehlbelastung oder ungeeignetes Schuhwerk verursacht werden. Fu\u00dffehlstellungen wie Knick-Senkfu\u00df oder <a href=\"https:\/\/orthopaede-drschuh.at\/en\/fuss\/mittelfuss\/hohlfuss\/\">hollow foot<\/a> erh\u00f6hen das Risiko zus\u00e4tzlich. Es kommt zu meist stechenden Fersenschmerzen bzw. <a href=\"https:\/\/orthopaede-drschuh.at\/en\/fuss\/mittelfuss\/\">Schmerzen im Fu\u00df<\/a> beim Gehen und Stehen, die sehr unangenehm sein k\u00f6nnen. <\/span><\/p>\n<h2><b>H\u00e4ufige Symptome<\/b><\/h2>\n<p><span style=\"font-weight: 400;\">Typische Symptome eines Fersensporns sind stechende Fersenschmerzen, die besonders beim ersten Auftreten am Morgen oder nach l\u00e4ngeren Ruhephasen auftreten. Diese Schmerzen k\u00f6nnen sich im Laufe des Tages bessern, jedoch nach Belastung wieder zunehmen. In einigen F\u00e4llen strahlen die Schmerzen in den Mittelfu\u00df oder die Wade aus, was auf eine Beteiligung der umliegenden Strukturen hindeutet.<\/span><\/p>\n<h2><b>Diagnose von Fersensporn<\/b><\/h2>\n<p><span style=\"font-weight: 400;\">Die Diagnose eines Fersensporns erfolgt in der Regel durch eine klinische Untersuchung und bildgebende Verfahren wie R\u00f6ntgenaufnahmen. Dabei kann der kn\u00f6cherne Auswuchs am Fersenbein sichtbar gemacht werden. Zus\u00e4tzlich k\u00f6nnen Ultraschall oder MRT eingesetzt werden, um Weichteilver\u00e4nderungen oder Entz\u00fcndungen der Plantarfaszie zu beurteilen.<\/span><\/p>\n<h2><b>Behandlungsm\u00f6glichkeiten<\/b><\/h2>\n<p><span style=\"font-weight: 400;\">Als Fu\u00dfspezialist und Orthop\u00e4de in Wien ziele ich bei der Therapie des Fersensporns\u00a0 zun\u00e4chst auf die Linderung der Fersenschmerzen und die Reduktion der Entz\u00fcndung ab. <\/span><span style=\"font-weight: 400;\"><br \/><\/span><\/p>\n<h3><span style=\"font-weight: 400;\"><br \/><\/span><strong>Konservative Ma\u00dfnahmen stehen dabei im Vordergrund:<\/strong><\/h3>\n<ul>\n<li style=\"font-weight: 400;\" aria-level=\"1\"><b>Schuhzurichtungen und orthop\u00e4dische Schuheinlagen<\/b><span style=\"font-weight: 400;\">: Speziell angepasste Einlagen k\u00f6nnen das Fu\u00dfgew\u00f6lbe unterst\u00fctzen und den Druck auf die Ferse mindern.<\/span><\/li>\n<li style=\"font-weight: 400;\" aria-level=\"1\"><b>Physikalische Therapie<\/b><span style=\"font-weight: 400;\">: Dehn\u00fcbungen f\u00fcr die Wadenmuskulatur und die Plantarfaszie k\u00f6nnen die Flexibilit\u00e4t verbessern und die Spannung reduzieren.<\/span><\/li>\n<li style=\"font-weight: 400;\" aria-level=\"1\"><b>Sto\u00dfwellentherapie<\/b><span style=\"font-weight: 400;\">: Diese Methode regt die Durchblutung an und f\u00f6rdert die Heilung des Gewebes.<\/span><\/li>\n<li style=\"font-weight: 400;\" aria-level=\"1\"><b>Medikament\u00f6se Therapie<\/b><span style=\"font-weight: 400;\">: Schmerzstillende und entz\u00fcndungshemmende Medikamente k\u00f6nnen zur Linderung der Beschwerden beitragen.<\/span><\/li>\n<\/ul>\n<p><span style=\"font-weight: 400;\">Sollten diese Ma\u00dfnahmen nicht zum gew\u00fcnschten Erfolg f\u00fchren, kann eine Injektionstherapie mit Botulinumtoxin in Erw\u00e4gung gezogen werden. Diese Methode hat sich als vielversprechend erwiesen, da Botulinumtoxin neben der Reduktion der Muskelspannung auch schmerzlindernde und entz\u00fcndungshemmende Eigenschaften besitzt.<\/span><\/p>\n<p><span style=\"font-weight: 400;\">In seltenen F\u00e4llen, wenn konservative Therapien keine Besserung bringen, kann eine <a href=\"https:\/\/orthopaede-drschuh.at\/en\/operation\/\">operative Entfernung<\/a> des Fersensporns notwendig sein. Hierbei wird der kn\u00f6cherne Auswuchs entfernt, um die Beschwerden zu lindern.<\/span><\/p>\n<h2><b>Pr\u00e4vention von Fersensporn<\/b><\/h2>\n<p><span style=\"font-weight: 400;\">Um der Entstehung eines Fersensporns vorzubeugen, sollten folgende Ma\u00dfnahmen beachtet werden:<\/span><\/p>\n<ul>\n<li style=\"font-weight: 400;\" aria-level=\"1\"><b>Geeignetes Schuhwerk<\/b><span style=\"font-weight: 400;\">: Tragen Sie gut sitzende Schuhe mit ausreichender D\u00e4mpfung und Unterst\u00fctzung des Fu\u00dfgew\u00f6lbes.<\/span><\/li>\n<li style=\"font-weight: 400;\" aria-level=\"1\"><b>Gewichtskontrolle<\/b><span style=\"font-weight: 400;\">: Ein gesundes K\u00f6rpergewicht reduziert die Belastung der F\u00fc\u00dfe.<\/span><\/li>\n<li style=\"font-weight: 400;\" aria-level=\"1\"><b>Regelm\u00e4\u00dfige Dehn\u00fcbungen<\/b><span style=\"font-weight: 400;\">: Dehnen Sie regelm\u00e4\u00dfig die Wadenmuskulatur und die Plantarfaszie, um die Flexibilit\u00e4t zu erhalten. Ein Video einer \u00dcbung finden Sie am Seitenende.<\/span><\/li>\n<li style=\"font-weight: 400;\" aria-level=\"1\"><b>Vermeidung von \u00dcberlastung<\/b><span style=\"font-weight: 400;\">: Reduzieren Sie langes Stehen oder Gehen auf harten Untergr\u00fcnden und integrieren Sie Pausen in Ihren Alltag.<\/span><\/li>\n<\/ul>\n<h2>Consultation and treatment of heel spur at <a href=\"https:\/\/orthopaede-drschuh.at\/en\/ueber-mich\/\">OA Priv. Doz. Dr. Reinhard Schuh<\/a><\/h2>\n<p>Als Orthop\u00e4de und Experte f\u00fcr die Therapie von <a href=\"https:\/\/orthopaede-drschuh.at\/en\/fuss\/mittelfuss\/\">Fu\u00dfschmerzen<\/a>, helfe ich Ihnen gerne bei Fersenschmerzen aufgrund eines Fersensporns. Therapeutisch kommen bei Fersensporn zu Beginn Schuhzurichtungen und das Tragen von orthop\u00e4dischen Schuheinlagen infrage. Physikalische Therapie kann auch zur Linderung der Fersenschmerzen beitragen. Zudem sind Infiltrationen, schmerzstillende Medikamente, K\u00e4ltetherapie oder Sto\u00dfwellentherapie Optionen, um die Schmerzen an der Ferse zu verbessern. Sollte keine Verbesserung der Fersenschmerzen eintreten, kann es notwendig sein, den Fersensporn operativ zu entfernen. Als orthop\u00e4discher Chirurg berate ich Sie gerne zu den M\u00f6glichkeiten einer <a href=\"https:\/\/orthopaede-drschuh.at\/en\/operation\/\">Fersensporn Operation<\/a>. \u00a0<\/p>\n<p>Bitte <a href=\"https:\/\/orthopaede-drschuh.at\/en\/kontakt\/\">kontaktieren<\/a> Sie mich f\u00fcr einen Termin in meiner <a href=\"\/en\/Ordination\/\">Private Practice<\/a> in Wien 1190.<\/p>\n<p>\u00a0<\/p>\n<p><!-- \/wp:paragraph --><!-- wp:paragraph --><!-- \/wp:list --><\/p>\t\t\t\t\t\t\t\t<\/div>\n\t\t\t\t<\/div>\n\t\t\t\t<div class=\"elementor-element elementor-element-d1375f1 elementor-widget elementor-widget-heading\" data-id=\"d1375f1\" data-element_type=\"widget\" data-e-type=\"widget\" data-widget_type=\"heading.default\">\n\t\t\t\t<div class=\"elementor-widget-container\">\n\t\t\t\t\t<h2 class=\"elementor-heading-title elementor-size-default\">\u00dcbung bei Fersensporn \/ Fersenschmerzen<\/h2>\t\t\t\t<\/div>\n\t\t\t\t<\/div>\n\t\t\t\t<div class=\"dce-dynamic-posts-collection elementor-element elementor-element-1b0794a dce-posts-layout-template dce-col-2 dce-col-tablet-2 dce-col-mobile-1 elementor-widget elementor-widget-dce-dynamicposts-v2\" data-id=\"1b0794a\" data-element_type=\"widget\" data-e-type=\"widget\" data-settings=\"{&quot;style_items&quot;:&quot;template&quot;,&quot;grid_grid_type&quot;:&quot;flex&quot;,&quot;grid_scrollreveal_effect_type&quot;:&quot;0&quot;}\" data-widget_type=\"dce-dynamicposts-v2.grid\">\n\t\t\t\t<div class=\"elementor-widget-container\">\n\t\t\t\t\t\n\t\t<div class=\"dce-posts-container is_infiniteScroll dce-posts  dce-skin-grid dce-skin-grid-flex\">\n\t\t\t\t\t\t<div class=\"dce-posts-wrapper dce-wrapper-grid\">\n\t\t\n\t\t<article class=\"dce-post dce-post-item dce-item-grid post-1845 ubungsclips type-ubungsclips status-publish has-post-thumbnail hentry\" data-dce-post-id=\"1845\" data-dce-post-index=\"0\" >\n\t\t\t<div class=\"dce-post-block\">\n\t\t\t\t<div data-elementor-type=\"section\" data-elementor-id=\"1800\" data-post-id=\"1845\" data-obj-id=\"1845\" class=\"elementor elementor-1800 dce-elementor-post-1845 dce-elementor-post-1845\" data-elementor-post-type=\"elementor_library\">\n\t\t\t\t\t<section class=\"elementor-section elementor-top-section elementor-element elementor-element-9e556a9 elementor-section-boxed elementor-section-height-default elementor-section-height-default\" data-id=\"9e556a9\" data-element_type=\"section\" data-e-type=\"section\">\n\t\t\t\t\t\t<div class=\"elementor-container elementor-column-gap-default\">\n\t\t\t\t\t<div class=\"elementor-column elementor-col-100 elementor-top-column elementor-element elementor-element-e0af38b\" data-id=\"e0af38b\" data-element_type=\"column\" data-e-type=\"column\">\n\t\t\t<div class=\"elementor-widget-wrap elementor-element-populated\">\n\t\t\t\t\t\t<div class=\"elementor-element elementor-element-f7e7c63 elementor-widget elementor-widget-video\" data-id=\"f7e7c63\" data-element_type=\"widget\" data-e-type=\"widget\" data-settings=\"{&quot;youtube_url&quot;:&quot;https:\\\/\\\/youtu.be\\\/pKxARengkro&quot;,&quot;mute&quot;:&quot;yes&quot;,&quot;loop&quot;:&quot;yes&quot;,&quot;yt_privacy&quot;:&quot;yes&quot;,&quot;lazy_load&quot;:&quot;yes&quot;,&quot;video_type&quot;:&quot;youtube&quot;}\" data-widget_type=\"video.default\">\n\t\t\t\t<div class=\"elementor-widget-container\">\n\t\t\t\t\t\t\t<div class=\"elementor-wrapper elementor-open-inline\">\n\t\t\t<div class=\"elementor-video\"><\/div>\t\t<\/div>\n\t\t\t\t\t\t<\/div>\n\t\t\t\t<\/div>\n\t\t\t\t<div class=\"elementor-element elementor-element-4c184c6 elementor-position-left elementor-vertical-align-top elementor-widget elementor-widget-image-box\" data-id=\"4c184c6\" data-element_type=\"widget\" data-e-type=\"widget\" data-widget_type=\"image-box.default\">\n\t\t\t\t<div class=\"elementor-widget-container\">\n\t\t\t\t\t<div class=\"elementor-image-box-wrapper\"><figure class=\"elementor-image-box-img\"><a href=\"https:\/\/youtu.be\/pKxARengkro\" tabindex=\"-1\" rel=\"nofollow noopener\" target=\"_blank\"><img decoding=\"async\" width=\"150\" height=\"150\" src=\"https:\/\/orthopaede-drschuh.at\/wp-content\/uploads\/2020\/02\/Dr_Schuh-19-150x150.jpg\" class=\"attachment-thumbnail size-thumbnail wp-image-142\" alt=\"\" \/><\/a><\/figure><div class=\"elementor-image-box-content\"><p class=\"elementor-image-box-description\">\"Stellen Sie sich im Ausfallsschritt an eine Wand, wobei Sie sich mit den H\u00e4nden an der Wand abst\u00fctzen. Der Fu\u00df mit der Sprunggelenksinstabilit\u00e4t ist der hintere und zun\u00e4chst im Knie durchgestreckt. Gehen Sie mit dem hinteren Fu\u00df schlie\u00dflich mehrmals leicht in die Knie, sodass Sie einen Zug in der Wade sp\u00fcren. Beide Fu\u00dfsohlen bleiben auf dem Boden. F\u00fchren Sie die \u00dcbung langsam durch.\"<\/p><\/div><\/div>\t\t\t\t<\/div>\n\t\t\t\t<\/div>\n\t\t\t\t\t<\/div>\n\t\t<\/div>\n\t\t\t\t\t<\/div>\n\t\t<\/section>\n\t\t\t\t<\/div>\n\t\t\t\t\t<\/div>\n\t\t<\/article>\n\t\t\t\t\t<\/div>\n\t\t\t\t\t<\/div>\n\t\t\t\t\t\t<\/div>\n\t\t\t\t<\/div>\n\t\t\t\t\t<\/div>\n\t\t<\/div>\n\t\t\t\t<div class=\"elementor-column elementor-col-33 elementor-top-column elementor-element elementor-element-ab3635d\" data-id=\"ab3635d\" data-element_type=\"column\" data-e-type=\"column\">\n\t\t\t<div class=\"elementor-widget-wrap elementor-element-populated\">\n\t\t\t\t\t\t<div class=\"elementor-element elementor-element-95ee47e elementor-widget elementor-widget-text-editor\" data-id=\"95ee47e\" data-element_type=\"widget\" data-e-type=\"widget\" data-widget_type=\"text-editor.default\">\n\t\t\t\t<div class=\"elementor-widget-container\">\n\t\t\t\t\t\t\t\t\t<p><!-- wp:paragraph --><!-- \/wp:paragraph --><!-- wp:paragraph --><\/p><p><strong>Andere Beschwerden am Mittelfu\u00df:<\/strong><\/p><ul><li><a href=\"https:\/\/orthopaede-drschuh.at\/en\/fuss\/mittelfuss\/hohlfuss\/\">hollow foot<\/a><\/li><li><a href=\"https:\/\/orthopaede-drschuh.at\/en\/fuss\/mittelfuss\/plattfuss\/\">Flat Foot<\/a><\/li><li><a href=\"https:\/\/orthopaede-drschuh.at\/en\/fuss\/mittelfuss\/fersensporn\/\">Heel spur<\/a><\/li><\/ul><p><!-- \/wp:paragraph --><!-- wp:list --><\/p><p><!-- \/wp:list --><\/p>\t\t\t\t\t\t\t\t<\/div>\n\t\t\t\t<\/div>\n\t\t\t\t\t<\/div>\n\t\t<\/div>\n\t\t\t\t\t<\/div>\n\t\t<\/section>\n\t\t\t\t<section class=\"elementor-section elementor-top-section elementor-element elementor-element-21e32eb elementor-section-boxed elementor-section-height-default elementor-section-height-default\" data-id=\"21e32eb\" data-element_type=\"section\" data-e-type=\"section\">\n\t\t\t\t\t\t<div class=\"elementor-container elementor-column-gap-default\">\n\t\t\t\t\t<div class=\"elementor-column elementor-col-100 elementor-top-column elementor-element elementor-element-0f94762\" data-id=\"0f94762\" data-element_type=\"column\" data-e-type=\"column\">\n\t\t\t<div class=\"elementor-widget-wrap elementor-element-populated\">\n\t\t\t\t\t\t<div class=\"elementor-element elementor-element-958a303 elementor-widget elementor-widget-template\" data-id=\"958a303\" data-element_type=\"widget\" data-e-type=\"widget\" data-widget_type=\"template.default\">\n\t\t\t\t<div class=\"elementor-widget-container\">\n\t\t\t\t\t\t\t<div class=\"elementor-template\">\n\t\t\t\t\t<div data-elementor-type=\"section\" data-elementor-id=\"1938\" data-post-id=\"1845\" data-obj-id=\"1845\" class=\"elementor elementor-1938 dce-elementor-post-1845\" data-elementor-post-type=\"elementor_library\">\n\t\t\t\t\t<section data-dce-background-overlay-color=\"rgba(255, 255, 255, 0)\" data-dce-background-image-url=\"https:\/\/orthopaede-drschuh.at\/wp-content\/uploads\/2020\/02\/Dr_Schuh-1.jpg\" class=\"elementor-section elementor-top-section elementor-element elementor-element-d1c36e3 elementor-section-boxed elementor-section-height-default elementor-section-height-default\" data-id=\"d1c36e3\" data-element_type=\"section\" data-e-type=\"section\" data-settings=\"{&quot;background_background&quot;:&quot;classic&quot;}\">\n\t\t\t\t\t\t\t<div class=\"elementor-background-overlay\"><\/div>\n\t\t\t\t\t\t\t<div class=\"elementor-container elementor-column-gap-default\">\n\t\t\t\t\t<div class=\"elementor-column elementor-col-100 elementor-top-column elementor-element elementor-element-5616372\" data-id=\"5616372\" data-element_type=\"column\" data-e-type=\"column\">\n\t\t\t<div class=\"elementor-widget-wrap elementor-element-populated\">\n\t\t\t\t\t\t<div class=\"elementor-element elementor-element-632cf08 elementor-view-stacked elementor-position-inline-start elementor-shape-circle elementor-mobile-position-block-start elementor-widget elementor-widget-icon-box\" data-id=\"632cf08\" data-element_type=\"widget\" data-e-type=\"widget\" data-widget_type=\"icon-box.default\">\n\t\t\t\t<div class=\"elementor-widget-container\">\n\t\t\t\t\t\t\t<div class=\"elementor-icon-box-wrapper\">\n\n\t\t\t\t\t\t<div class=\"elementor-icon-box-icon\">\n\t\t\t\t<a href=\"https:\/\/orthopaede-drschuh.at\/en\/kontakt\/\" class=\"elementor-icon elementor-animation-grow\" tabindex=\"-1\" aria-label=\"Arrange a Meeting\">\n\t\t\t\t<i aria-hidden=\"true\" class=\"fas fa-phone\"><\/i>\t\t\t\t<\/a>\n\t\t\t<\/div>\n\t\t\t\n\t\t\t\t\t\t<div class=\"elementor-icon-box-content\">\n\n\t\t\t\t\t\t\t\t\t<h3 class=\"elementor-icon-box-title\">\n\t\t\t\t\t\t<a href=\"https:\/\/orthopaede-drschuh.at\/en\/kontakt\/\">\n\t\t\t\t\t\t\tArrange a Meeting\t\t\t\t\t\t<\/a>\n\t\t\t\t\t<\/h3>\n\t\t\t\t\n\t\t\t\t\t\t\t\t\t<p class=\"elementor-icon-box-description\">\n\t\t\t\t\t\tPlease make an appointment! \t\t\t\t\t<\/p>\n\t\t\t\t\n\t\t\t<\/div>\n\t\t\t\n\t\t<\/div>\n\t\t\t\t\t\t<\/div>\n\t\t\t\t<\/div>\n\t\t\t\t\t<\/div>\n\t\t<\/div>\n\t\t\t\t\t<\/div>\n\t\t<\/section>\n\t\t\t\t<\/div>\n\t\t\t\t<\/div>\n\t\t\t\t\t\t<\/div>\n\t\t\t\t<\/div>\n\t\t\t\t\t<\/div>\n\t\t<\/div>\n\t\t\t\t\t<\/div>\n\t\t<\/section>\n\t\t\t\t<\/div>","protected":false},"excerpt":{"rendered":"<p>Sie leiden an Fersenschmerzen? Dann k\u00f6nnte es sich um einen Fersensporn handeln. Ein Fersensporn ist ein kn\u00f6cherner Auswuchs am Fersenbein, der h\u00e4ufig mit erheblichen Fersenschmerzen einhergeht. Es wird zwischen dem oberen (dorsalen) und dem unteren (plantaren) Fersensporn unterschieden, wobei der plantare Fersensporn dabei weitaus h\u00e4ufiger auftritt. Er bildet sich vom Rand des Fersenbeins entlang der [&hellip;]<\/p>\n","protected":false},"author":1,"featured_media":0,"parent":57,"menu_order":0,"comment_status":"closed","ping_status":"closed","template":"","meta":{"_acf_changed":false,"footnotes":""},"class_list":["post-66","page","type-page","status-publish","hentry"],"acf":[],"_links":{"self":[{"href":"https:\/\/orthopaede-drschuh.at\/en\/wp-json\/wp\/v2\/pages\/66","targetHints":{"allow":["GET"]}}],"collection":[{"href":"https:\/\/orthopaede-drschuh.at\/en\/wp-json\/wp\/v2\/pages"}],"about":[{"href":"https:\/\/orthopaede-drschuh.at\/en\/wp-json\/wp\/v2\/types\/page"}],"author":[{"embeddable":true,"href":"https:\/\/orthopaede-drschuh.at\/en\/wp-json\/wp\/v2\/users\/1"}],"replies":[{"embeddable":true,"href":"https:\/\/orthopaede-drschuh.at\/en\/wp-json\/wp\/v2\/comments?post=66"}],"version-history":[{"count":3,"href":"https:\/\/orthopaede-drschuh.at\/en\/wp-json\/wp\/v2\/pages\/66\/revisions"}],"predecessor-version":[{"id":4035,"href":"https:\/\/orthopaede-drschuh.at\/en\/wp-json\/wp\/v2\/pages\/66\/revisions\/4035"}],"up":[{"embeddable":true,"href":"https:\/\/orthopaede-drschuh.at\/en\/wp-json\/wp\/v2\/pages\/57"}],"wp:attachment":[{"href":"https:\/\/orthopaede-drschuh.at\/en\/wp-json\/wp\/v2\/media?parent=66"}],"curies":[{"name":"wp","href":"https:\/\/api.w.org\/{rel}","templated":true}]}}