{"id":68,"date":"2020-02-17T11:34:57","date_gmt":"2020-02-17T10:34:57","guid":{"rendered":"https:\/\/orthopaede-drschuh.at.w005c694.kasserver.com\/?page_id=68"},"modified":"2025-03-06T11:11:16","modified_gmt":"2025-03-06T10:11:16","slug":"vorfuss","status":"publish","type":"page","link":"https:\/\/orthopaede-drschuh.at\/en\/fuss\/vorfuss\/","title":{"rendered":"Forefoot"},"content":{"rendered":"<div data-elementor-type=\"wp-page\" data-elementor-id=\"68\" data-post-id=\"68\" data-obj-id=\"68\" class=\"elementor elementor-68 dce-elementor-post-68\" data-elementor-post-type=\"page\">\n\t\t\t\t\t\t<section class=\"elementor-section elementor-top-section elementor-element elementor-element-51008a3 elementor-section-boxed elementor-section-height-default elementor-section-height-default\" data-id=\"51008a3\" data-element_type=\"section\" data-e-type=\"section\">\n\t\t\t\t\t\t<div class=\"elementor-container elementor-column-gap-default\">\n\t\t\t\t\t<div class=\"elementor-column elementor-col-100 elementor-top-column elementor-element elementor-element-364f548\" data-id=\"364f548\" data-element_type=\"column\" data-e-type=\"column\">\n\t\t\t<div class=\"elementor-widget-wrap elementor-element-populated\">\n\t\t\t\t\t\t<div class=\"elementor-element elementor-element-cb4265c elementor-widget elementor-widget-image\" data-id=\"cb4265c\" data-element_type=\"widget\" data-e-type=\"widget\" data-widget_type=\"image.default\">\n\t\t\t\t<div class=\"elementor-widget-container\">\n\t\t\t\t\t\t\t\t\t\t\t\t\t\t\t<img fetchpriority=\"high\" decoding=\"async\" width=\"1536\" height=\"1024\" src=\"https:\/\/orthopaede-drschuh.at\/wp-content\/uploads\/2020\/02\/Dr_Schuh-12-1536x1024.jpg\" class=\"attachment-1536x1536 size-1536x1536 wp-image-135\" alt=\"\" srcset=\"https:\/\/orthopaede-drschuh.at\/wp-content\/uploads\/2020\/02\/Dr_Schuh-12-1536x1024.jpg 1536w, https:\/\/orthopaede-drschuh.at\/wp-content\/uploads\/2020\/02\/Dr_Schuh-12-300x200.jpg 300w, https:\/\/orthopaede-drschuh.at\/wp-content\/uploads\/2020\/02\/Dr_Schuh-12-1024x683.jpg 1024w, https:\/\/orthopaede-drschuh.at\/wp-content\/uploads\/2020\/02\/Dr_Schuh-12-768x512.jpg 768w, https:\/\/orthopaede-drschuh.at\/wp-content\/uploads\/2020\/02\/Dr_Schuh-12.jpg 2048w\" sizes=\"(max-width: 1536px) 100vw, 1536px\" \/>\t\t\t\t\t\t\t\t\t\t\t\t\t\t\t<\/div>\n\t\t\t\t<\/div>\n\t\t\t\t\t<\/div>\n\t\t<\/div>\n\t\t\t\t\t<\/div>\n\t\t<\/section>\n\t\t\t\t<section class=\"elementor-section elementor-top-section elementor-element elementor-element-fb07702 elementor-section-boxed elementor-section-height-default elementor-section-height-default\" data-id=\"fb07702\" data-element_type=\"section\" data-e-type=\"section\">\n\t\t\t\t\t\t<div class=\"elementor-container elementor-column-gap-default\">\n\t\t\t\t\t<div class=\"elementor-column elementor-col-100 elementor-top-column elementor-element elementor-element-c116c29\" data-id=\"c116c29\" data-element_type=\"column\" data-e-type=\"column\">\n\t\t\t<div class=\"elementor-widget-wrap elementor-element-populated\">\n\t\t\t\t\t\t<div class=\"elementor-element elementor-element-b90ea5c elementor-widget elementor-widget-text-editor\" data-id=\"b90ea5c\" data-element_type=\"widget\" data-e-type=\"widget\" data-widget_type=\"text-editor.default\">\n\t\t\t\t<div class=\"elementor-widget-container\">\n\t\t\t\t\t\t\t\t\t<h3>Was z\u00e4hlt eigentlich zum Vorfu\u00df?<\/h3><p>Beim Fu\u00df werden drei Bereiche unterschieden: Das <a href=\"https:\/\/orthopaede-drschuh.at\/en\/fuss\/gelenk\/\">foot and ankle<\/a>, the <a href=\"https:\/\/orthopaede-drschuh.at\/en\/fuss\/mittelfuss\/\">Metatarsus<\/a> und der Vorfu\u00df. Als <strong>Forefoot<\/strong> wird der vorderste Teil des Fu\u00dfes bezeichnet, <span style=\"font-weight: 400;\">der aus den Zehenknochen und den Mittelfu\u00dfknochen gebildet wird. Diese spielen eine wesentliche Rolle f\u00fcr die Stabilit\u00e4t und Beweglichkeit des Fu\u00dfes. <\/span> Beschwerden <span style=\"font-weight: 400;\">und Schmerzen <\/span>am Vorfu\u00df entstehen meistens durch \u00dcberlastung und <span style=\"font-weight: 400;\">Fu\u00dffehlstellungen<\/span>. Zu den am meisten verbreiteten <a href=\"https:\/\/orthopaede-drschuh.at\/en\/fuss\/gelenk\/fehlstellung\/\">Fu\u00df Fehlstellungen<\/a> des Vorfu\u00dfes z\u00e4hlt der <a href=\"https:\/\/orthopaede-drschuh.at\/en\/fuss\/vorfuss\/metatarsalgie\/\">Spreizfu\u00df<\/a>. Sehr h\u00e4ufig verursacht auch der <a href=\"https:\/\/orthopaede-drschuh.at\/en\/fuss\/vorfuss\/hallux-valgus\/\">Hallux Valgus<\/a> Probleme am Vorfu\u00df. Ich habe als anerkannter Experte f\u00fcr Fu\u00dforthop\u00e4die und <span style=\"font-weight: 400;\">erfahrener Hallux Arzt in Wien<\/span> ein neues Verfahren zur Therapie von Hallux Valgus entwickelten, das kaum Schmerzen verursacht und Ihnen eine rasche R\u00fcckkehr zu Alltagsaktivit\u00e4ten erm\u00f6glicht.<\/p><p class=\"translation-block\">Learn more about my Hallufast<sup>TM<\/sup> method: <a href=\"https:\/\/orthopaede-drschuh.at\/en\/fuss\/vorfuss\/hallux-valgus\/\" target=\"_self\">Hallux Valgus Therapy<\/a> by OA Priv. Doz. Dr. Reinhard Schuh.<\/p>\t\t\t\t\t\t\t\t<\/div>\n\t\t\t\t<\/div>\n\t\t\t\t<div class=\"elementor-element elementor-element-35ee132 elementor-widget elementor-widget-text-editor\" data-id=\"35ee132\" data-element_type=\"widget\" data-e-type=\"widget\" data-widget_type=\"text-editor.default\">\n\t\t\t\t<div class=\"elementor-widget-container\">\n\t\t\t\t\t\t\t\t\t<h2>Die h\u00e4ufigsten <b>Krankheitsbilder und<\/b> Ursachen f\u00fcr Vorfu\u00df\u00adschmerzen:<\/h2><p><span style=\"font-weight: 400;\">Krankheitsbilder und Ursachen von Vorfu\u00dfschmerzen k\u00f6nnen vielf\u00e4ltig sein, da Schmerzen im <\/span>Forefoot<span style=\"font-weight: 400;\"> durch verschiedene Erkrankungen und Fehlstellungen hervorgerufen werden k\u00f6nnen. <br \/>Als <\/span>Orthop\u00e4de in Wien<span style=\"font-weight: 400;\"> kann ich die genaue Ursache diagnostizieren und eine geeignete Behandlung vorschlagen. Zu den h\u00e4ufigsten Krankheitsbildern geh\u00f6ren:<\/span><\/p><ul><li>Hallux Valgus: <span style=\"font-weight: 400;\">Der <\/span><b>Hallux Valgus<\/b><span style=\"font-weight: 400;\"> ist eine der h\u00e4ufigsten <\/span><b>Fu\u00dffehlstellungen<\/b><span style=\"font-weight: 400;\">, bei der sich der gro\u00dfe Zeh in Richtung der anderen Zehen verschiebt. Dies f\u00fchrt oft zu Schmerzen und Problemen beim Gehen. Die <\/span><b>Hallufast\u2122 Methode<\/b><span style=\"font-weight: 400;\">, die ich als <\/span>Hallux Arzt in Wien<span style=\"font-weight: 400;\"> entwickelt habe, bietet eine minimalinvasive L\u00f6sung mit schneller Heilung.<br \/><br \/><\/span><\/li><li><a href=\"https:\/\/orthopaede-drschuh.at\/en\/fuss\/arthrose\/grosszehe\/\">Hallux Rigidus<\/a> (Arthrose am Gro\u00dfzeh): <span style=\"font-weight: 400;\">Der <\/span>Hallux Rigidus<span style=\"font-weight: 400;\"> ist eine Arthrose im Gro\u00dfzehengelenk, die zu Schmerzen und Bewegungseinschr\u00e4nkungen f\u00fchrt. Die Symptome \u00e4u\u00dfern sich durch zunehmende Steifigkeit und Schmerzen beim Abrollen des Fu\u00dfes.<\/span><br \/><br \/><\/li><li>Spreizfu\u00df Metatarsalgie &#8211; instabiles Zehengelenk: <span style=\"font-weight: 400;\">Ein <\/span>Spreizfu\u00df<span style=\"font-weight: 400;\"> ist eine h\u00e4ufige Ursache f\u00fcr Schmerzen im <\/span>Forefoot<span style=\"font-weight: 400;\">. Durch die Absenkung des Quergew\u00f6lbes kommt es zu einer ungleichm\u00e4\u00dfigen Druckverteilung. Dies kann zu Beschwerden an der Fu\u00dfsohle und im Zehenbereich f\u00fchren.<\/span><br \/><br \/><\/li><li>Zehendeformit\u00e4ten: <span style=\"font-weight: 400;\">Hammerzehen oder Krallenzehen sind ebenfalls h\u00e4ufige <\/span>Fu\u00dffehlstellungen<span style=\"font-weight: 400;\">, die durch eine Dysbalance der Sehnen und Muskeln entstehen. Dies f\u00fchrt zu Druckstellen und Schmerzen im <\/span>Forefoot<span style=\"font-weight: 400;\">.<\/span><br \/><br \/><\/li><li>\u00dcberlastungssyndrom: <span style=\"font-weight: 400;\">Bei \u00fcberm\u00e4\u00dfiger Belastung kann es zu Entz\u00fcndungen und Schmerzen im <\/span>Forefoot<span style=\"font-weight: 400;\"> kommen. Sportler und Menschen mit stehenden Berufen sind besonders betroffen.<\/span><br \/><br \/><\/li><li>Avascular Necrosis<\/li><\/ul><h2><b>Beratung und Behandlung bei Schmerzen im Vorfu\u00df durch Fu\u00dforthop\u00e4de Dr. Schuh<\/b><\/h2><p><span style=\"font-weight: 400;\">Als erfahrener Spezialist f\u00fcr Fu\u00dforthop\u00e4die und Chirurgie biete ich Ihnen in meiner <a href=\"https:\/\/orthopaede-drschuh.at\/en\/ueber-mich\/ordination\/\">Private Practice<\/a> in 1190 Wien eine umfassende Untersuchung und Behandlung Ihrer <\/span>Vorfu\u00dfschmerzen<span style=\"font-weight: 400;\">. Durch eine pr\u00e4zise Diagnose finden wir gemeinsam die beste Therapieform, um Ihre Beschwerden effektiv zu lindern.<\/span><\/p><p><span style=\"font-weight: 400;\">Viele Patienten leiden unter <\/span><a href=\"https:\/\/orthopaede-drschuh.at\/en\/fuss\/gelenk\/fehlstellung\/\"><b>Fu\u00dffehlstellungen<\/b><\/a><span style=\"font-weight: 400;\"> wie dem <\/span><a href=\"https:\/\/orthopaede-drschuh.at\/en\/fuss\/vorfuss\/hallux-valgus\/\"><b>Hallux Valgus<\/b><\/a><span style=\"font-weight: 400;\"> oder einem <\/span><a href=\"https:\/\/orthopaede-drschuh.at\/en\/fuss\/vorfuss\/metatarsalgie\/\"><b>Spreizfu\u00df<\/b><\/a><span style=\"font-weight: 400;\">. In meiner Praxis setze ich auf moderne und wissenschaftlich gepr\u00fcfte Methoden, darunter die innovative <\/span><b>Hallufast\u2122 Methode<\/b><span style=\"font-weight: 400;\">, die eine besonders schonende Korrektur erm\u00f6glicht. Als Ihr Fu\u00dfspezialist und <\/span><b>Hallux Arzt in Wien<\/b><span style=\"font-weight: 400;\"> unterst\u00fctze ich Sie mit individuell angepassten Behandlungspl\u00e4nen \u2013 sei es durch konservative Ma\u00dfnahmen wie Einlagen und Physiotherapie oder durch minimalinvasive operative Eingriffe.<\/span><\/p><p><span style=\"font-weight: 400;\">Durch meine langj\u00e4hrige Erfahrung als <\/span><b>Orthop\u00e4de in Wien<\/b><span style=\"font-weight: 400;\"> garantiere ich Ihnen eine kompetente und professionelle Betreuung. Mein Ziel ist es, Ihre <\/span><b>Vorfu\u00dfschmerzen<\/b><span style=\"font-weight: 400;\"> zu lindern und Ihre Fu\u00dfgesundheit langfristig zu verbessern. Sollten Sie trotz einer vorherigen Behandlung weiterhin Beschwerden haben, berate ich Sie gerne \u00fcber alternative Therapieoptionen.<\/span><\/p>\t\t\t\t\t\t\t\t<\/div>\n\t\t\t\t<\/div>\n\t\t\t\t\t<\/div>\n\t\t<\/div>\n\t\t\t\t\t<\/div>\n\t\t<\/section>\n\t\t\t\t<section class=\"elementor-section elementor-top-section elementor-element elementor-element-d458002 elementor-section-full_width elementor-section-height-default elementor-section-height-default\" data-id=\"d458002\" data-element_type=\"section\" data-e-type=\"section\">\n\t\t\t\t\t\t<div class=\"elementor-container elementor-column-gap-default\">\n\t\t\t\t\t<div class=\"elementor-column elementor-col-100 elementor-top-column elementor-element elementor-element-7f44534\" data-id=\"7f44534\" data-element_type=\"column\" data-e-type=\"column\">\n\t\t\t<div class=\"elementor-widget-wrap elementor-element-populated\">\n\t\t\t\t\t\t<div class=\"elementor-element elementor-element-9684334 elementor-widget elementor-widget-template\" data-id=\"9684334\" data-element_type=\"widget\" data-e-type=\"widget\" data-widget_type=\"template.default\">\n\t\t\t\t<div class=\"elementor-widget-container\">\n\t\t\t\t\t\t\t<div class=\"elementor-template\">\n\t\t\t\t\t<div data-elementor-type=\"section\" data-elementor-id=\"1938\" data-post-id=\"68\" data-obj-id=\"68\" class=\"elementor elementor-1938 dce-elementor-post-68\" data-elementor-post-type=\"elementor_library\">\n\t\t\t\t\t<section data-dce-background-overlay-color=\"rgba(255, 255, 255, 0)\" data-dce-background-image-url=\"https:\/\/orthopaede-drschuh.at\/wp-content\/uploads\/2020\/02\/Dr_Schuh-1.jpg\" class=\"elementor-section elementor-top-section elementor-element elementor-element-d1c36e3 elementor-section-boxed elementor-section-height-default elementor-section-height-default\" data-id=\"d1c36e3\" data-element_type=\"section\" data-e-type=\"section\" data-settings=\"{&quot;background_background&quot;:&quot;classic&quot;}\">\n\t\t\t\t\t\t\t<div class=\"elementor-background-overlay\"><\/div>\n\t\t\t\t\t\t\t<div class=\"elementor-container elementor-column-gap-default\">\n\t\t\t\t\t<div class=\"elementor-column elementor-col-100 elementor-top-column elementor-element elementor-element-5616372\" data-id=\"5616372\" data-element_type=\"column\" data-e-type=\"column\">\n\t\t\t<div class=\"elementor-widget-wrap elementor-element-populated\">\n\t\t\t\t\t\t<div class=\"elementor-element elementor-element-632cf08 elementor-view-stacked elementor-position-inline-start elementor-shape-circle elementor-mobile-position-block-start elementor-widget elementor-widget-icon-box\" data-id=\"632cf08\" data-element_type=\"widget\" data-e-type=\"widget\" data-widget_type=\"icon-box.default\">\n\t\t\t\t<div class=\"elementor-widget-container\">\n\t\t\t\t\t\t\t<div class=\"elementor-icon-box-wrapper\">\n\n\t\t\t\t\t\t<div class=\"elementor-icon-box-icon\">\n\t\t\t\t<a href=\"https:\/\/orthopaede-drschuh.at\/en\/kontakt\/\" class=\"elementor-icon elementor-animation-grow\" tabindex=\"-1\" aria-label=\"Arrange a Meeting\">\n\t\t\t\t<i aria-hidden=\"true\" class=\"fas fa-phone\"><\/i>\t\t\t\t<\/a>\n\t\t\t<\/div>\n\t\t\t\n\t\t\t\t\t\t<div class=\"elementor-icon-box-content\">\n\n\t\t\t\t\t\t\t\t\t<h3 class=\"elementor-icon-box-title\">\n\t\t\t\t\t\t<a href=\"https:\/\/orthopaede-drschuh.at\/en\/kontakt\/\" >\n\t\t\t\t\t\t\tArrange a Meeting\t\t\t\t\t\t<\/a>\n\t\t\t\t\t<\/h3>\n\t\t\t\t\n\t\t\t\t\t\t\t\t\t<p class=\"elementor-icon-box-description\">\n\t\t\t\t\t\tPlease make an appointment! \t\t\t\t\t<\/p>\n\t\t\t\t\n\t\t\t<\/div>\n\t\t\t\n\t\t<\/div>\n\t\t\t\t\t\t<\/div>\n\t\t\t\t<\/div>\n\t\t\t\t\t<\/div>\n\t\t<\/div>\n\t\t\t\t\t<\/div>\n\t\t<\/section>\n\t\t\t\t<\/div>\n\t\t\t\t<\/div>\n\t\t\t\t\t\t<\/div>\n\t\t\t\t<\/div>\n\t\t\t\t\t<\/div>\n\t\t<\/div>\n\t\t\t\t\t<\/div>\n\t\t<\/section>\n\t\t\t\t<\/div>","protected":false},"excerpt":{"rendered":"<p>Was z\u00e4hlt eigentlich zum Vorfu\u00df? Beim Fu\u00df werden drei Bereiche unterschieden: Das Fu\u00df und Sprunggelenk, der Mittelfu\u00df und der Vorfu\u00df. Als Vorfu\u00df wird der vorderste Teil des Fu\u00dfes bezeichnet, der aus den Zehenknochen und den Mittelfu\u00dfknochen gebildet wird. Diese spielen eine wesentliche Rolle f\u00fcr die Stabilit\u00e4t und Beweglichkeit des Fu\u00dfes. Beschwerden und Schmerzen am Vorfu\u00df [&hellip;]<\/p>\n","protected":false},"author":1,"featured_media":135,"parent":1624,"menu_order":0,"comment_status":"closed","ping_status":"closed","template":"","meta":{"_acf_changed":false,"footnotes":""},"class_list":["post-68","page","type-page","status-publish","has-post-thumbnail","hentry"],"acf":[],"_links":{"self":[{"href":"https:\/\/orthopaede-drschuh.at\/en\/wp-json\/wp\/v2\/pages\/68","targetHints":{"allow":["GET"]}}],"collection":[{"href":"https:\/\/orthopaede-drschuh.at\/en\/wp-json\/wp\/v2\/pages"}],"about":[{"href":"https:\/\/orthopaede-drschuh.at\/en\/wp-json\/wp\/v2\/types\/page"}],"author":[{"embeddable":true,"href":"https:\/\/orthopaede-drschuh.at\/en\/wp-json\/wp\/v2\/users\/1"}],"replies":[{"embeddable":true,"href":"https:\/\/orthopaede-drschuh.at\/en\/wp-json\/wp\/v2\/comments?post=68"}],"version-history":[{"count":6,"href":"https:\/\/orthopaede-drschuh.at\/en\/wp-json\/wp\/v2\/pages\/68\/revisions"}],"predecessor-version":[{"id":4045,"href":"https:\/\/orthopaede-drschuh.at\/en\/wp-json\/wp\/v2\/pages\/68\/revisions\/4045"}],"up":[{"embeddable":true,"href":"https:\/\/orthopaede-drschuh.at\/en\/wp-json\/wp\/v2\/pages\/1624"}],"wp:featuredmedia":[{"embeddable":true,"href":"https:\/\/orthopaede-drschuh.at\/en\/wp-json\/wp\/v2\/media\/135"}],"wp:attachment":[{"href":"https:\/\/orthopaede-drschuh.at\/en\/wp-json\/wp\/v2\/media?parent=68"}],"curies":[{"name":"wp","href":"https:\/\/api.w.org\/{rel}","templated":true}]}}