{"id":74,"date":"2020-02-17T11:37:52","date_gmt":"2020-02-17T10:37:52","guid":{"rendered":"https:\/\/orthopaede-drschuh.at.w005c694.kasserver.com\/?page_id=74"},"modified":"2025-06-19T12:08:35","modified_gmt":"2025-06-19T10:08:35","slug":"frakturen","status":"publish","type":"page","link":"https:\/\/orthopaede-drschuh.at\/en\/fuss\/frakturen\/","title":{"rendered":"Fu\u00dffrakturen &amp; Fu\u00dfrekonstruktion"},"content":{"rendered":"<div data-elementor-type=\"wp-page\" data-elementor-id=\"74\" data-post-id=\"74\" data-obj-id=\"74\" class=\"elementor elementor-74 dce-elementor-post-74\" data-elementor-post-type=\"page\">\n\t\t\t\t\t\t<section class=\"elementor-section elementor-top-section elementor-element elementor-element-ce7312a elementor-section-boxed elementor-section-height-default elementor-section-height-default\" data-id=\"ce7312a\" data-element_type=\"section\" data-e-type=\"section\">\n\t\t\t\t\t\t<div class=\"elementor-container elementor-column-gap-default\">\n\t\t\t\t\t<div class=\"elementor-column elementor-col-100 elementor-top-column elementor-element elementor-element-2134e50\" data-id=\"2134e50\" data-element_type=\"column\" data-e-type=\"column\">\n\t\t\t<div class=\"elementor-widget-wrap elementor-element-populated\">\n\t\t\t\t\t\t\t<\/div>\n\t\t<\/div>\n\t\t\t\t\t<\/div>\n\t\t<\/section>\n\t\t\t\t<section class=\"elementor-section elementor-top-section elementor-element elementor-element-122eb1a3 elementor-section-boxed elementor-section-height-default elementor-section-height-default\" data-id=\"122eb1a3\" data-element_type=\"section\" data-e-type=\"section\">\n\t\t\t\t\t\t<div class=\"elementor-container elementor-column-gap-default\">\n\t\t\t\t\t<div class=\"elementor-column elementor-col-100 elementor-top-column elementor-element elementor-element-6a0d4ce6\" data-id=\"6a0d4ce6\" data-element_type=\"column\" data-e-type=\"column\">\n\t\t\t<div class=\"elementor-widget-wrap elementor-element-populated\">\n\t\t\t\t\t\t<div class=\"elementor-element elementor-element-3d0768bc elementor-widget elementor-widget-text-editor\" data-id=\"3d0768bc\" data-element_type=\"widget\" data-e-type=\"widget\" data-widget_type=\"text-editor.default\">\n\t\t\t\t<div class=\"elementor-widget-container\">\n\t\t\t\t\t\t\t\t\t<p>Durch gewisse Umst\u00e4nde und Erkrankungen kann es zu massiven <a href=\"https:\/\/orthopaede-drschuh.at\/en\/fuss\/gelenk\/fehlstellung\/\">Fu\u00dffehlstellungen <\/a>kommen. <span style=\"font-weight: 400;\">Wenn diese Fehlstellungen mit herk\u00f6mmlichen orthop\u00e4dischen Hilfsmitteln wie Spezialschuhen nicht mehr ausreichend versorgt werden k\u00f6nnen, entstehen h\u00e4ufig anhaltende Beschwerden.<\/span><\/p>\n<p>Typische Ursachen f\u00fcr das Entstehen solcher Fehlstellungen k\u00f6nnen <strong>Diabetes mellitus<\/strong>, <strong>rheumatische Erkrankungen<\/strong>, schwere <strong>Verletzungen<\/strong> wie komplizierte Fu\u00df Frakturen oder Folgeerscheinungen nicht richtig durchgef\u00fchrter Operationen sein.<\/p>\n<p><!-- \/wp:paragraph --><!-- wp:paragraph --><\/p>\n<p><span style=\"font-weight: 400;\">Gerade bei stark ausgepr\u00e4gten <\/span>Fu\u00dffehlstellungen<span style=\"font-weight: 400;\"> kommt es neben Schmerzen auch zu erheblichen Einschr\u00e4nkungen der Mobilit\u00e4t und Lebensqualit\u00e4t.<\/span> Dies stellt eine Reduktion der Lebensqualit\u00e4t dar und hat Auswirkungen auf die Gesundheit des Patienten. <span style=\"font-weight: 400;\">In solchen F\u00e4llen bietet eine gezielte Fu\u00dfrekonstruktion oft die einzige M\u00f6glichkeit, Beschwerden zu lindern und die Gehf\u00e4higkeit wiederherzustellen.<\/span><span style=\"font-weight: 400;\"><br \/><\/span><\/p>\n<p><!-- \/wp:paragraph --><!-- wp:paragraph --><\/p>\n<h2>Therapie von komplexen Fehlstellung mittels Fu\u00dfrekonstruktion<\/h2>\n<p><!-- \/wp:paragraph --><!-- wp:paragraph --><\/p>\n<p class=\"translation-block\">Surgical correction of these misalignments can have a positive effect on the load-bearing capacity of the leg and the mobility of the patient. This often requires extensive surgery, which on the one hand requires precise knowledge of modern procedures and on the other hand requires aspects of the soft tissue situation, vascular supply and the overall situation of the patient.<\/p>\n<h2><b>Fu\u00dfrekonstruktion nach Fu\u00dffrakturen und Sprunggelenksverletzungen<\/b><\/h2>\n<p>Die operative Fu\u00dfrekonstruktion zielt darauf ab, komplexe Fu\u00dffehlstellungen zu korrigieren und die Belastbarkeit von Fu\u00df und Sprunggelenk deutlich zu verbessern. Gerade nach komplizierten Fu\u00dffrakturen oder Verletzungen im Sprunggelenk<span style=\"font-weight: 400;\"> kann die Anatomie dauerhaft beeintr\u00e4chtigt sein. Eine chirurgische Rekonstruktion ist dann h\u00e4ufig der beste Weg zur Wiederherstellung der Funktion.<\/span><\/p>\n<p><span style=\"font-weight: 400;\">Diese Eingriffe erfordern ein hohes Ma\u00df an Erfahrung und pr\u00e4zise Kenntnisse \u00fcber moderne operative Verfahren. Gleichzeitig m\u00fcssen Faktoren wie die Weichteilsituation, die Gef\u00e4\u00dfversorgung sowie die allgemeine Konstitution der Patient:innen ber\u00fccksichtigt werden. <\/span><span style=\"font-weight: 400;\">Als erfahrener <\/span><a href=\"https:\/\/orthopaede-drschuh.at\/en\/ueber-mich\/ordination\/\">Orthop\u00e4de in Wien<\/a><span style=\"font-weight: 400;\"> wende ich diese Verfahren individuell abgestimmt auf Ihre Situation an.<\/span><\/p>\n<h2><b>Operative Fu\u00dfrekonstruktion: Spezialisierte Eingriffe f\u00fcr langfristige Stabilit\u00e4t<\/b><\/h2>\n<p><span style=\"font-weight: 400;\">Ziel jeder Fu\u00dfrekonstruktion ist es, eine m\u00f6glichst nat\u00fcrliche Statik wiederherzustellen, chronische Schmerzen zu lindern und das Gangbild nachhaltig zu verbessern. Gerade bei komplexen Fu\u00dffehlstellungen, die mit starker Fehlbelastung des Sprunggelenks oder chronischen Schmerzen einhergehen, kann die operative Versorgung eine deutliche Verbesserung bewirken.<\/span><\/p>\n<p>\u00a0<\/p>\n<h2><b>Beratung und Nachbetreuung in Ihrer Wahlarztordination in Wien<\/b><\/h2>\n<p>Wenn Sie anhaltende Schmerzen, Einschr\u00e4nkungen beim Gehen oder bereits bekannte Fu\u00dffehlstellungen haben, kann eine operative Fu\u00dfrekonstruktion eine deutliche Verbesserung Ihrer Lebensqualit\u00e4t bewirken. Als Orthop\u00e4de in Wien biete ich in meiner Wahlarztordination eine umfassende Diagnostik, pers\u00f6nliche Beratung und moderne chirurgische Versorgung auf dem neuesten Stand.<\/p>\n<p><!-- \/wp:paragraph --><!-- wp:paragraph --><\/p>\n<p class=\"translation-block\">As a senior surgeon I perform these operations to the best of my abilities and knowledge, in keeping with the latest research on the relevant topic. With a wealth of experience from more than 3000 operations, I can ensure that the quality of life of my patients is significantly improved by an operative foot reconstruction.<\/p>\n<p><!-- \/wp:paragraph --><!-- wp:paragraph --><\/p>\n<p>Gerne berate ich Sie bei einem pers\u00f6nlichen Termin.<\/p>\n<p><!-- \/wp:paragraph --><\/p>\t\t\t\t\t\t\t\t<\/div>\n\t\t\t\t<\/div>\n\t\t\t\t\t<\/div>\n\t\t<\/div>\n\t\t\t\t\t<\/div>\n\t\t<\/section>\n\t\t\t\t<section class=\"elementor-section elementor-top-section elementor-element elementor-element-d2692a7 elementor-section-full_width elementor-section-height-default elementor-section-height-default\" data-id=\"d2692a7\" data-element_type=\"section\" data-e-type=\"section\">\n\t\t\t\t\t\t<div class=\"elementor-container elementor-column-gap-default\">\n\t\t\t\t\t<div class=\"elementor-column elementor-col-100 elementor-top-column elementor-element elementor-element-64e1b3c\" data-id=\"64e1b3c\" data-element_type=\"column\" data-e-type=\"column\">\n\t\t\t<div class=\"elementor-widget-wrap elementor-element-populated\">\n\t\t\t\t\t\t<div class=\"elementor-element elementor-element-a4b8c54 elementor-widget elementor-widget-template\" data-id=\"a4b8c54\" data-element_type=\"widget\" data-e-type=\"widget\" data-widget_type=\"template.default\">\n\t\t\t\t<div class=\"elementor-widget-container\">\n\t\t\t\t\t\t\t<div class=\"elementor-template\">\n\t\t\t\t\t<div data-elementor-type=\"section\" data-elementor-id=\"1938\" data-post-id=\"74\" data-obj-id=\"74\" class=\"elementor elementor-1938 dce-elementor-post-74\" data-elementor-post-type=\"elementor_library\">\n\t\t\t\t\t<section data-dce-background-overlay-color=\"rgba(255, 255, 255, 0)\" data-dce-background-image-url=\"https:\/\/orthopaede-drschuh.at\/wp-content\/uploads\/2020\/02\/Dr_Schuh-1.jpg\" class=\"elementor-section elementor-top-section elementor-element elementor-element-d1c36e3 elementor-section-boxed elementor-section-height-default elementor-section-height-default\" data-id=\"d1c36e3\" data-element_type=\"section\" data-e-type=\"section\" data-settings=\"{&quot;background_background&quot;:&quot;classic&quot;}\">\n\t\t\t\t\t\t\t<div class=\"elementor-background-overlay\"><\/div>\n\t\t\t\t\t\t\t<div class=\"elementor-container elementor-column-gap-default\">\n\t\t\t\t\t<div class=\"elementor-column elementor-col-100 elementor-top-column elementor-element elementor-element-5616372\" data-id=\"5616372\" data-element_type=\"column\" data-e-type=\"column\">\n\t\t\t<div class=\"elementor-widget-wrap elementor-element-populated\">\n\t\t\t\t\t\t<div class=\"elementor-element elementor-element-632cf08 elementor-view-stacked elementor-position-inline-start elementor-shape-circle elementor-mobile-position-block-start elementor-widget elementor-widget-icon-box\" data-id=\"632cf08\" data-element_type=\"widget\" data-e-type=\"widget\" data-widget_type=\"icon-box.default\">\n\t\t\t\t<div class=\"elementor-widget-container\">\n\t\t\t\t\t\t\t<div class=\"elementor-icon-box-wrapper\">\n\n\t\t\t\t\t\t<div class=\"elementor-icon-box-icon\">\n\t\t\t\t<a href=\"https:\/\/orthopaede-drschuh.at\/en\/kontakt\/\" class=\"elementor-icon elementor-animation-grow\" tabindex=\"-1\" aria-label=\"Arrange a Meeting\">\n\t\t\t\t<i aria-hidden=\"true\" class=\"fas fa-phone\"><\/i>\t\t\t\t<\/a>\n\t\t\t<\/div>\n\t\t\t\n\t\t\t\t\t\t<div class=\"elementor-icon-box-content\">\n\n\t\t\t\t\t\t\t\t\t<h3 class=\"elementor-icon-box-title\">\n\t\t\t\t\t\t<a href=\"https:\/\/orthopaede-drschuh.at\/en\/kontakt\/\" >\n\t\t\t\t\t\t\tArrange a Meeting\t\t\t\t\t\t<\/a>\n\t\t\t\t\t<\/h3>\n\t\t\t\t\n\t\t\t\t\t\t\t\t\t<p class=\"elementor-icon-box-description\">\n\t\t\t\t\t\tPlease make an appointment! \t\t\t\t\t<\/p>\n\t\t\t\t\n\t\t\t<\/div>\n\t\t\t\n\t\t<\/div>\n\t\t\t\t\t\t<\/div>\n\t\t\t\t<\/div>\n\t\t\t\t\t<\/div>\n\t\t<\/div>\n\t\t\t\t\t<\/div>\n\t\t<\/section>\n\t\t\t\t<\/div>\n\t\t\t\t<\/div>\n\t\t\t\t\t\t<\/div>\n\t\t\t\t<\/div>\n\t\t\t\t\t<\/div>\n\t\t<\/div>\n\t\t\t\t\t<\/div>\n\t\t<\/section>\n\t\t\t\t<\/div>","protected":false},"excerpt":{"rendered":"<p>Durch gewisse Umst\u00e4nde und Erkrankungen kann es zu massiven Fu\u00dffehlstellungen kommen. Wenn diese Fehlstellungen mit herk\u00f6mmlichen orthop\u00e4dischen Hilfsmitteln wie Spezialschuhen nicht mehr ausreichend versorgt werden k\u00f6nnen, entstehen h\u00e4ufig anhaltende Beschwerden. Typische Ursachen f\u00fcr das Entstehen solcher Fehlstellungen k\u00f6nnen Diabetes mellitus, rheumatische Erkrankungen, schwere Verletzungen wie komplizierte Fu\u00df Frakturen oder Folgeerscheinungen nicht richtig durchgef\u00fchrter Operationen sein. [&hellip;]<\/p>\n","protected":false},"author":1,"featured_media":0,"parent":1624,"menu_order":0,"comment_status":"closed","ping_status":"closed","template":"","meta":{"_acf_changed":false,"footnotes":""},"class_list":["post-74","page","type-page","status-publish","hentry"],"acf":[],"_links":{"self":[{"href":"https:\/\/orthopaede-drschuh.at\/en\/wp-json\/wp\/v2\/pages\/74","targetHints":{"allow":["GET"]}}],"collection":[{"href":"https:\/\/orthopaede-drschuh.at\/en\/wp-json\/wp\/v2\/pages"}],"about":[{"href":"https:\/\/orthopaede-drschuh.at\/en\/wp-json\/wp\/v2\/types\/page"}],"author":[{"embeddable":true,"href":"https:\/\/orthopaede-drschuh.at\/en\/wp-json\/wp\/v2\/users\/1"}],"replies":[{"embeddable":true,"href":"https:\/\/orthopaede-drschuh.at\/en\/wp-json\/wp\/v2\/comments?post=74"}],"version-history":[{"count":4,"href":"https:\/\/orthopaede-drschuh.at\/en\/wp-json\/wp\/v2\/pages\/74\/revisions"}],"predecessor-version":[{"id":4094,"href":"https:\/\/orthopaede-drschuh.at\/en\/wp-json\/wp\/v2\/pages\/74\/revisions\/4094"}],"up":[{"embeddable":true,"href":"https:\/\/orthopaede-drschuh.at\/en\/wp-json\/wp\/v2\/pages\/1624"}],"wp:attachment":[{"href":"https:\/\/orthopaede-drschuh.at\/en\/wp-json\/wp\/v2\/media?parent=74"}],"curies":[{"name":"wp","href":"https:\/\/api.w.org\/{rel}","templated":true}]}}