{"id":77,"date":"2020-02-17T11:40:30","date_gmt":"2020-02-17T10:40:30","guid":{"rendered":"https:\/\/orthopaede-drschuh.at.w005c694.kasserver.com\/?page_id=77"},"modified":"2025-06-19T11:53:32","modified_gmt":"2025-06-19T09:53:32","slug":"arthrose","status":"publish","type":"page","link":"https:\/\/orthopaede-drschuh.at\/en\/fuss\/arthrose\/","title":{"rendered":"arthrosis"},"content":{"rendered":"<div data-elementor-type=\"wp-page\" data-elementor-id=\"77\" data-post-id=\"77\" data-obj-id=\"77\" class=\"elementor elementor-77 dce-elementor-post-77\" data-elementor-post-type=\"page\">\n\t\t\t\t\t\t<section class=\"elementor-section elementor-top-section elementor-element elementor-element-b57beff elementor-section-boxed elementor-section-height-default elementor-section-height-default\" data-id=\"b57beff\" data-element_type=\"section\" data-e-type=\"section\">\n\t\t\t\t\t\t<div class=\"elementor-container elementor-column-gap-default\">\n\t\t\t\t\t<div class=\"elementor-column elementor-col-100 elementor-top-column elementor-element elementor-element-5f913b73\" data-id=\"5f913b73\" data-element_type=\"column\" data-e-type=\"column\">\n\t\t\t<div class=\"elementor-widget-wrap elementor-element-populated\">\n\t\t\t\t\t\t<div class=\"elementor-element elementor-element-4a5c4786 elementor-widget elementor-widget-text-editor\" data-id=\"4a5c4786\" data-element_type=\"widget\" data-e-type=\"widget\" data-widget_type=\"text-editor.default\">\n\t\t\t\t<div class=\"elementor-widget-container\">\n\t\t\t\t\t\t\t\t\t<p class=\"translation-block\">In the case of arthrosis in the foot, the cartilage layer that separates our joints from each other and protects them from friction recedes. If the protective layer of cartilage is no longer present, or hardly present at all, the bones and joints rub against each other. This causes inflammation and bone changes, which lead to problems in the foot and limited mobility.<\/p><p>The <strong>advantages<\/strong> of my private practice are that you <strong>do not<\/strong> have <strong>long waiting times<\/strong>, I can take <strong>enough time<\/strong> for you and appointments are usually available at <strong>short notice<\/strong>.<strong> Ursachen von Arthrose im Fu\u00df<\/strong> sind Veranlagung, Alter, \u00dcbergewicht, Verletzungen , \u00dcbergewicht und <a href=\"https:\/\/orthopaede-drschuh.at\/en\/fuss\/gelenk\/fehlstellung\/\">Fu\u00df Fehlstellungen<\/a>.<\/p><h2>Die h\u00e4ufigsten Formen von Arthrose im Fu\u00df:<\/h2><ul><li><a href=\"https:\/\/orthopaede-drschuh.at\/en\/fuss\/arthrose\/arthrose-sprunggelenk\/\">Arthrosis in the ankle<\/a><\/li><li><a href=\"https:\/\/orthopaede-drschuh.at\/en\/fuss\/arthrose\/arthrose-mittelfuss\/\">Arthrose im Mittelfu\u00df<\/a><\/li><li><a href=\"https:\/\/orthopaede-drschuh.at\/en\/fuss\/arthrose\/hallux-rigidus-arthrose-im-grosszeh\/\">Arthrosis in the big toe<\/a><\/li><\/ul><h2><b>Therapieoptionen bei Arthrose Fu\u00df<\/b><\/h2><p><span style=\"font-weight: 400;\">Eine fr\u00fchzeitige Diagnose und gezielte Therapie sind entscheidend, um den Fortschritt der Arthrose im Fu\u00df zu verlangsamen. Als erfahrener Orthop\u00e4de in Wien biete ich eine umfassende Diagnostik inklusive bildgebender Verfahren an, um das betroffene Gelenk, ob Vorfu\u00df oder Sprunggelenk, exakt zu beurteilen. Besonders bei bereits eingeschr\u00e4nkter Gelenkfunktion kann eine Kombination aus konservativer Behandlung, gezielter Bewegungstherapie und regenerativen Verfahren, wie der Stammzellentherapie, die Beschwerden deutlich lindern. Ziel ist es, die Lebensqualit\u00e4t zu erhalten und operative Eingriffe m\u00f6glichst lange hinauszuz\u00f6gern. Bei Bedarf bespreche ich mit Ihnen auch operative Optionen, insbesondere bei fortgeschrittener Arthrose im Fu\u00df oder chronischen Beschwerden im Sprunggelenk.<\/span><\/p><p class=\"translation-block\">Learn more about the new stem cell therapy for the treatment of osteoarthritis, which I carry out in my practice. I would be happy to advise you personally at an appointment.<\/p>\t\t\t\t\t\t\t\t<\/div>\n\t\t\t\t<\/div>\n\t\t\t\t\t<\/div>\n\t\t<\/div>\n\t\t\t\t\t<\/div>\n\t\t<\/section>\n\t\t\t\t<section class=\"elementor-section elementor-top-section elementor-element elementor-element-b42975d elementor-section-full_width elementor-section-height-default elementor-section-height-default\" data-id=\"b42975d\" data-element_type=\"section\" data-e-type=\"section\">\n\t\t\t\t\t\t<div class=\"elementor-container elementor-column-gap-default\">\n\t\t\t\t\t<div class=\"elementor-column elementor-col-100 elementor-top-column elementor-element elementor-element-ef30d86\" data-id=\"ef30d86\" data-element_type=\"column\" data-e-type=\"column\">\n\t\t\t<div class=\"elementor-widget-wrap elementor-element-populated\">\n\t\t\t\t\t\t<div class=\"elementor-element elementor-element-33c16f3 elementor-widget elementor-widget-template\" data-id=\"33c16f3\" data-element_type=\"widget\" data-e-type=\"widget\" data-widget_type=\"template.default\">\n\t\t\t\t<div class=\"elementor-widget-container\">\n\t\t\t\t\t\t\t<div class=\"elementor-template\">\n\t\t\t\t\t<div data-elementor-type=\"section\" data-elementor-id=\"1938\" data-post-id=\"77\" data-obj-id=\"77\" class=\"elementor elementor-1938 dce-elementor-post-77\" data-elementor-post-type=\"elementor_library\">\n\t\t\t\t\t<section data-dce-background-overlay-color=\"rgba(255, 255, 255, 0)\" data-dce-background-image-url=\"https:\/\/orthopaede-drschuh.at\/wp-content\/uploads\/2020\/02\/Dr_Schuh-1.jpg\" class=\"elementor-section elementor-top-section elementor-element elementor-element-d1c36e3 elementor-section-boxed elementor-section-height-default elementor-section-height-default\" data-id=\"d1c36e3\" data-element_type=\"section\" data-e-type=\"section\" data-settings=\"{&quot;background_background&quot;:&quot;classic&quot;}\">\n\t\t\t\t\t\t\t<div class=\"elementor-background-overlay\"><\/div>\n\t\t\t\t\t\t\t<div class=\"elementor-container elementor-column-gap-default\">\n\t\t\t\t\t<div class=\"elementor-column elementor-col-100 elementor-top-column elementor-element elementor-element-5616372\" data-id=\"5616372\" data-element_type=\"column\" data-e-type=\"column\">\n\t\t\t<div class=\"elementor-widget-wrap elementor-element-populated\">\n\t\t\t\t\t\t<div class=\"elementor-element elementor-element-632cf08 elementor-view-stacked elementor-position-inline-start elementor-shape-circle elementor-mobile-position-block-start elementor-widget elementor-widget-icon-box\" data-id=\"632cf08\" data-element_type=\"widget\" data-e-type=\"widget\" data-widget_type=\"icon-box.default\">\n\t\t\t\t<div class=\"elementor-widget-container\">\n\t\t\t\t\t\t\t<div class=\"elementor-icon-box-wrapper\">\n\n\t\t\t\t\t\t<div class=\"elementor-icon-box-icon\">\n\t\t\t\t<a href=\"https:\/\/orthopaede-drschuh.at\/en\/kontakt\/\" class=\"elementor-icon elementor-animation-grow\" tabindex=\"-1\" aria-label=\"Arrange a Meeting\">\n\t\t\t\t<i aria-hidden=\"true\" class=\"fas fa-phone\"><\/i>\t\t\t\t<\/a>\n\t\t\t<\/div>\n\t\t\t\n\t\t\t\t\t\t<div class=\"elementor-icon-box-content\">\n\n\t\t\t\t\t\t\t\t\t<h3 class=\"elementor-icon-box-title\">\n\t\t\t\t\t\t<a href=\"https:\/\/orthopaede-drschuh.at\/en\/kontakt\/\" >\n\t\t\t\t\t\t\tArrange a Meeting\t\t\t\t\t\t<\/a>\n\t\t\t\t\t<\/h3>\n\t\t\t\t\n\t\t\t\t\t\t\t\t\t<p class=\"elementor-icon-box-description\">\n\t\t\t\t\t\tPlease make an appointment! \t\t\t\t\t<\/p>\n\t\t\t\t\n\t\t\t<\/div>\n\t\t\t\n\t\t<\/div>\n\t\t\t\t\t\t<\/div>\n\t\t\t\t<\/div>\n\t\t\t\t\t<\/div>\n\t\t<\/div>\n\t\t\t\t\t<\/div>\n\t\t<\/section>\n\t\t\t\t<\/div>\n\t\t\t\t<\/div>\n\t\t\t\t\t\t<\/div>\n\t\t\t\t<\/div>\n\t\t\t\t\t<\/div>\n\t\t<\/div>\n\t\t\t\t\t<\/div>\n\t\t<\/section>\n\t\t\t\t<\/div>","protected":false},"excerpt":{"rendered":"<p>Bei einer Arthrose im Fu\u00df bildet sich die Knorpelschicht zur\u00fcck, die unsere Gelenke voneinander trennt und sie vor Reibung sch\u00fctzt. Ist die sch\u00fctzende Knorpelschicht nicht oder kaum mehr vorhanden, reiben die Knochen und Gelenke aneinander. Dadurch entstehen Entz\u00fcndungen und Knochenver\u00e4nderungen, die zu Beschwerden im Fu\u00df und einer eingeschr\u00e4nkten Mobilit\u00e4t f\u00fchren. Die Ursachen von Arthrose im [&hellip;]<\/p>\n","protected":false},"author":1,"featured_media":0,"parent":1624,"menu_order":0,"comment_status":"closed","ping_status":"closed","template":"","meta":{"_acf_changed":false,"footnotes":""},"class_list":["post-77","page","type-page","status-publish","hentry"],"acf":[],"_links":{"self":[{"href":"https:\/\/orthopaede-drschuh.at\/en\/wp-json\/wp\/v2\/pages\/77","targetHints":{"allow":["GET"]}}],"collection":[{"href":"https:\/\/orthopaede-drschuh.at\/en\/wp-json\/wp\/v2\/pages"}],"about":[{"href":"https:\/\/orthopaede-drschuh.at\/en\/wp-json\/wp\/v2\/types\/page"}],"author":[{"embeddable":true,"href":"https:\/\/orthopaede-drschuh.at\/en\/wp-json\/wp\/v2\/users\/1"}],"replies":[{"embeddable":true,"href":"https:\/\/orthopaede-drschuh.at\/en\/wp-json\/wp\/v2\/comments?post=77"}],"version-history":[{"count":4,"href":"https:\/\/orthopaede-drschuh.at\/en\/wp-json\/wp\/v2\/pages\/77\/revisions"}],"predecessor-version":[{"id":4088,"href":"https:\/\/orthopaede-drschuh.at\/en\/wp-json\/wp\/v2\/pages\/77\/revisions\/4088"}],"up":[{"embeddable":true,"href":"https:\/\/orthopaede-drschuh.at\/en\/wp-json\/wp\/v2\/pages\/1624"}],"wp:attachment":[{"href":"https:\/\/orthopaede-drschuh.at\/en\/wp-json\/wp\/v2\/media?parent=77"}],"curies":[{"name":"wp","href":"https:\/\/api.w.org\/{rel}","templated":true}]}}