{"id":79,"date":"2020-02-17T11:41:21","date_gmt":"2020-02-17T10:41:21","guid":{"rendered":"https:\/\/orthopaede-drschuh.at.w005c694.kasserver.com\/?page_id=79"},"modified":"2025-11-13T08:26:02","modified_gmt":"2025-11-13T07:26:02","slug":"rheuma","status":"publish","type":"page","link":"https:\/\/orthopaede-drschuh.at\/en\/fuss\/rheuma\/","title":{"rendered":"Rheumafu\u00df \u2013 Arthritis im Fu\u00df"},"content":{"rendered":"<div data-elementor-type=\"wp-page\" data-elementor-id=\"79\" data-post-id=\"79\" data-obj-id=\"79\" class=\"elementor elementor-79 dce-elementor-post-79\" data-elementor-post-type=\"page\">\n\t\t\t\t\t\t<section class=\"elementor-section elementor-top-section elementor-element elementor-element-5359e96 elementor-section-boxed elementor-section-height-default elementor-section-height-default\" data-id=\"5359e96\" data-element_type=\"section\" data-e-type=\"section\">\n\t\t\t\t\t\t<div class=\"elementor-container elementor-column-gap-default\">\n\t\t\t\t\t<div class=\"elementor-column elementor-col-100 elementor-top-column elementor-element elementor-element-b312f4c\" data-id=\"b312f4c\" data-element_type=\"column\" data-e-type=\"column\">\n\t\t\t<div class=\"elementor-widget-wrap elementor-element-populated\">\n\t\t\t\t\t\t<div class=\"elementor-element elementor-element-05dffaf elementor-widget elementor-widget-image\" data-id=\"05dffaf\" data-element_type=\"widget\" data-e-type=\"widget\" data-widget_type=\"image.default\">\n\t\t\t\t<div class=\"elementor-widget-container\">\n\t\t\t\t\t\t\t\t\t\t\t\t\t\t\t<img fetchpriority=\"high\" decoding=\"async\" width=\"1536\" height=\"1024\" src=\"https:\/\/orthopaede-drschuh.at\/wp-content\/uploads\/2020\/02\/Dr_Schuh-5-1536x1024.jpg\" class=\"attachment-1536x1536 size-1536x1536 wp-image-128\" alt=\"\" srcset=\"https:\/\/orthopaede-drschuh.at\/wp-content\/uploads\/2020\/02\/Dr_Schuh-5-1536x1024.jpg 1536w, https:\/\/orthopaede-drschuh.at\/wp-content\/uploads\/2020\/02\/Dr_Schuh-5-300x200.jpg 300w, https:\/\/orthopaede-drschuh.at\/wp-content\/uploads\/2020\/02\/Dr_Schuh-5-1024x683.jpg 1024w, https:\/\/orthopaede-drschuh.at\/wp-content\/uploads\/2020\/02\/Dr_Schuh-5-768x512.jpg 768w, https:\/\/orthopaede-drschuh.at\/wp-content\/uploads\/2020\/02\/Dr_Schuh-5.jpg 2048w\" sizes=\"(max-width: 1536px) 100vw, 1536px\" \/>\t\t\t\t\t\t\t\t\t\t\t\t\t\t\t<\/div>\n\t\t\t\t<\/div>\n\t\t\t\t\t<\/div>\n\t\t<\/div>\n\t\t\t\t\t<\/div>\n\t\t<\/section>\n\t\t\t\t<section class=\"elementor-section elementor-top-section elementor-element elementor-element-3c2b79da elementor-section-boxed elementor-section-height-default elementor-section-height-default\" data-id=\"3c2b79da\" data-element_type=\"section\" data-e-type=\"section\">\n\t\t\t\t\t\t<div class=\"elementor-container elementor-column-gap-default\">\n\t\t\t\t\t<div class=\"elementor-column elementor-col-100 elementor-top-column elementor-element elementor-element-79c56457\" data-id=\"79c56457\" data-element_type=\"column\" data-e-type=\"column\">\n\t\t\t<div class=\"elementor-widget-wrap elementor-element-populated\">\n\t\t\t\t\t\t<div class=\"elementor-element elementor-element-7be43ce4 elementor-widget elementor-widget-text-editor\" data-id=\"7be43ce4\" data-element_type=\"widget\" data-e-type=\"widget\" data-widget_type=\"text-editor.default\">\n\t\t\t\t<div class=\"elementor-widget-container\">\n\t\t\t\t\t\t\t\t\t<p>Bei einer Arthritis im Fu\u00df handelt es sich um eine entz\u00fcndliche Gelenkserkrankung, die meist das Fu\u00df- oder Sprunggelenk betrifft (Sprunggelenksarthritis).<\/p><h2><b>Die infektionsbedingte Arthritis im Fu\u00df<\/b><\/h2><p class=\"p2\">Eine m\u00f6gliche Ursache ist eine infektionsbedingte Arthritis: Dabei gelangen Bakterien oder andere Erreger \u00fcber eine Verletzung oder nach einer Operation in das Gelenk und l\u00f6sen dort eine Entz\u00fcndung aus. Diese Form der Arthritis wird auch septische oder bakterielle Arthritis genannt und stellt einen medizinischen Notfall dar, da die Entz\u00fcndung das Gelenk innerhalb kurzer Zeit stark sch\u00e4digen kann.<br \/>Typische Ausl\u00f6ser sind Bakterien wie <i>Staphylococcus aureus<\/i> oder <i>Streptokokken<\/i>. Die Erreger k\u00f6nnen entweder direkt in das Gelenk eindringen (z. B. durch eine offene Verletzung) oder \u00fcber die Blutbahn aus einem anderen Entz\u00fcndungsherd (z. B. Haut, Harnwege oder Atemwege) dorthin gelangen.<br \/>Zu den h\u00e4ufigsten Symptomen einer infektionsbedingten Arthritis im Fu\u00df z\u00e4hlen pl\u00f6tzlich auftretende, starke Schmerzen, starke Schwellung, R\u00f6tung, \u00dcberw\u00e4rmung und eine deutliche Bewegungseinschr\u00e4nkung des betroffenen Gelenks. Oft kommen Fieber und ein ausgepr\u00e4gtes Krankheitsgef\u00fchl hinzu.<br \/>Eine fr\u00fchzeitige Diagnose ist entscheidend: Durch Blutuntersuchungen, Gelenkspunktion (Analyse der Gelenksfl\u00fcssigkeit) und Bildgebung kann der Erreger identifiziert werden. Die Behandlung einer infektionsbedingten Arthritis im Fu\u00df erfolgt in der Regel station\u00e4r mit einer gezielten Antibiotikatherapie und, falls n\u00f6tig, einer operativen Gelenksp\u00fclung, um die Infektion zu beseitigen und bleibende Sch\u00e4den zu verhindern.<\/p><h2 class=\"p1\"><b>Die rheumatoide Sprunggelenksarthritis \u2013 Rheumafu\u00df<\/b><\/h2><p>Davon zu unterscheiden ist die <strong>rheumatoide Sprunggelenksarthritis<\/strong>, die durch rheumatische Erkrankungen oder Stoffwechselerkrankungen hervorgerufen wird. Diese Form der Arthritis im Fu\u00df f\u00fchrt oft langfristig zu einem sogenannten Rheumafu\u00df, einer typischen Folgeerscheinung chronisch-entz\u00fcndlicher Gelenkver\u00e4nderungen.<br \/>The <strong>advantages<\/strong> of my private practice are that you <strong>do not<\/strong> have <strong>long waiting times<\/strong>, I can take <strong>enough time<\/strong> for you and appointments are usually available at <strong>short notice<\/strong>. <strong>Symptome<\/strong> einer Arthritis im Sprunggelenk sind <a href=\"https:\/\/orthopaede-drschuh.at\/en\/fuss\/arthrose\/stammzellentherapie\/\">Fu\u00dfschmerzen<\/a><strong>, Schwellungen<\/strong><strong>, \u00dcberw\u00e4rmung und R\u00f6tung<\/strong>. Typisch f\u00fcr den Rheumafu\u00df ist zudem eine eingeschr\u00e4nkte Beweglichkeit, insbesondere am Morgen nach dem Aufstehen. Diese Morgensteifigkeit bessert sich meist nach einigen Stunden.<\/p><p>Die Beschwerden treten oft in Sch\u00fcben auf, wobei sich die Intensit\u00e4t der Sch\u00fcbe jedes Mal verschlimmern. In weiterer Folge kommt es auch zu <a href=\"https:\/\/orthopaede-drschuh.at\/en\/fuss\/gelenk\/fehlstellung\/\">Fu\u00df Fehlstellungen<\/a> (z.B.<a href=\"https:\/\/orthopaede-drschuh.at\/en\/fuss\/mittelfuss\/plattfuss\/\"> Flat Foot<\/a>) und Zerst\u00f6rung der Gelenke. Auch wenn sich die infektionsbedingte Arthritis im Fu\u00df und die rheumatoide Sprunggelenksarthritis in ihren Symptomen, wie Schmerzen, Schwellung und Bewegungseinschr\u00e4nkung, \u00e4hneln, unterscheiden sie sich deutlich in ihrer Ursache und im Verlauf. W\u00e4hrend die infektionsbedingte Arthritis pl\u00f6tzlich auftritt und durch Bakterien oder andere Erreger ausgel\u00f6st wird, entwickelt sich die rheumatoide Form meist schleichend oder schubweise im Rahmen einer chronisch-entz\u00fcndlichen Autoimmunerkrankung. Eine sorgf\u00e4ltige \u00e4rztliche Abkl\u00e4rung ist daher entscheidend, um die Ursache der Gelenkentz\u00fcndung eindeutig festzustellen und eine gezielte Behandlung einzuleiten.<\/p><h2>Behandlung von Sprung\u00adgelenks\u00adarthritis bei <a href=\"https:\/\/orthopaede-drschuh.at\/en\/ueber-mich\/\">OA Priv. Doz. Dr. Reinhard Schuh<\/a><\/h2><p class=\"p1\">Die Behandlung der Sprunggelenksarthritis richtet sich nach der zugrunde liegenden Ursache. Bei einer rheumatoiden Arthritis\u00a0erfolgt die Therapie der Patienten mit rheumatoider Arthritis gemeinsam mit Rheumatologen, Physio- und Ergotherapeuten sowie Orthop\u00e4dietechnikern. Es muss eine medikament\u00f6se Basistherapie erfolgen, die Gelenksreizung verhindert.<\/p><p class=\"translation-block\">With regard to the specific problems in the foot caused by the clinical picture, non-operative and operative therapy methods are used. If the pain and malpositioning are not yet very pronounced, treatment can be carried out with insoles, orthopaedic shoe fittings and orthopaedic made-to-measure shoes. If this is not sufficient, an operation on the foot is necessary to achieve the desired therapeutic success and improve the patient's quality of life.<\/p><p class=\"p1\">Ziel ist es, die Entz\u00fcndung zu kontrollieren, Schmerzen zu reduzieren und Folgesch\u00e4den zu verhindern. Durch meine langj\u00e4hrige T\u00e4tigkeit im Rheumateam der Universit\u00e4tsklinik f\u00fcr Orthop\u00e4die der Medizinischen Universit\u00e4t Wien verf\u00fcge ich \u00fcber umfassende Erfahrung in der Behandlung von Arthritis am Fu\u00df, insbesondere beim Rheumafu\u00df. Gerne berate ich Sie pers\u00f6nlich in meiner <a href=\"\/en\/Ordination\/\">Private Practice<\/a>.<\/p>\t\t\t\t\t\t\t\t<\/div>\n\t\t\t\t<\/div>\n\t\t\t\t\t<\/div>\n\t\t<\/div>\n\t\t\t\t\t<\/div>\n\t\t<\/section>\n\t\t\t\t<section class=\"elementor-section elementor-top-section elementor-element elementor-element-24ca897 elementor-section-full_width elementor-section-height-default elementor-section-height-default\" data-id=\"24ca897\" data-element_type=\"section\" data-e-type=\"section\">\n\t\t\t\t\t\t<div class=\"elementor-container elementor-column-gap-default\">\n\t\t\t\t\t<div class=\"elementor-column elementor-col-100 elementor-top-column elementor-element elementor-element-7422627\" data-id=\"7422627\" data-element_type=\"column\" data-e-type=\"column\">\n\t\t\t<div class=\"elementor-widget-wrap elementor-element-populated\">\n\t\t\t\t\t\t<div class=\"elementor-element elementor-element-883cbdc elementor-widget elementor-widget-template\" data-id=\"883cbdc\" data-element_type=\"widget\" data-e-type=\"widget\" data-widget_type=\"template.default\">\n\t\t\t\t<div class=\"elementor-widget-container\">\n\t\t\t\t\t\t\t<div class=\"elementor-template\">\n\t\t\t\t\t<div data-elementor-type=\"section\" data-elementor-id=\"1938\" data-post-id=\"79\" data-obj-id=\"79\" class=\"elementor elementor-1938 dce-elementor-post-79\" data-elementor-post-type=\"elementor_library\">\n\t\t\t\t\t<section data-dce-background-overlay-color=\"rgba(255, 255, 255, 0)\" data-dce-background-image-url=\"https:\/\/orthopaede-drschuh.at\/wp-content\/uploads\/2020\/02\/Dr_Schuh-1.jpg\" class=\"elementor-section elementor-top-section elementor-element elementor-element-d1c36e3 elementor-section-boxed elementor-section-height-default elementor-section-height-default\" data-id=\"d1c36e3\" data-element_type=\"section\" data-e-type=\"section\" data-settings=\"{&quot;background_background&quot;:&quot;classic&quot;}\">\n\t\t\t\t\t\t\t<div class=\"elementor-background-overlay\"><\/div>\n\t\t\t\t\t\t\t<div class=\"elementor-container elementor-column-gap-default\">\n\t\t\t\t\t<div class=\"elementor-column elementor-col-100 elementor-top-column elementor-element elementor-element-5616372\" data-id=\"5616372\" data-element_type=\"column\" data-e-type=\"column\">\n\t\t\t<div class=\"elementor-widget-wrap elementor-element-populated\">\n\t\t\t\t\t\t<div class=\"elementor-element elementor-element-632cf08 elementor-view-stacked elementor-position-inline-start elementor-shape-circle elementor-mobile-position-block-start elementor-widget elementor-widget-icon-box\" data-id=\"632cf08\" data-element_type=\"widget\" data-e-type=\"widget\" data-widget_type=\"icon-box.default\">\n\t\t\t\t<div class=\"elementor-widget-container\">\n\t\t\t\t\t\t\t<div class=\"elementor-icon-box-wrapper\">\n\n\t\t\t\t\t\t<div class=\"elementor-icon-box-icon\">\n\t\t\t\t<a href=\"https:\/\/orthopaede-drschuh.at\/en\/kontakt\/\" class=\"elementor-icon elementor-animation-grow\" tabindex=\"-1\" aria-label=\"Arrange a Meeting\">\n\t\t\t\t<i aria-hidden=\"true\" class=\"fas fa-phone\"><\/i>\t\t\t\t<\/a>\n\t\t\t<\/div>\n\t\t\t\n\t\t\t\t\t\t<div class=\"elementor-icon-box-content\">\n\n\t\t\t\t\t\t\t\t\t<h3 class=\"elementor-icon-box-title\">\n\t\t\t\t\t\t<a href=\"https:\/\/orthopaede-drschuh.at\/en\/kontakt\/\" >\n\t\t\t\t\t\t\tArrange a Meeting\t\t\t\t\t\t<\/a>\n\t\t\t\t\t<\/h3>\n\t\t\t\t\n\t\t\t\t\t\t\t\t\t<p class=\"elementor-icon-box-description\">\n\t\t\t\t\t\tPlease make an appointment! \t\t\t\t\t<\/p>\n\t\t\t\t\n\t\t\t<\/div>\n\t\t\t\n\t\t<\/div>\n\t\t\t\t\t\t<\/div>\n\t\t\t\t<\/div>\n\t\t\t\t\t<\/div>\n\t\t<\/div>\n\t\t\t\t\t<\/div>\n\t\t<\/section>\n\t\t\t\t<\/div>\n\t\t\t\t<\/div>\n\t\t\t\t\t\t<\/div>\n\t\t\t\t<\/div>\n\t\t\t\t\t<\/div>\n\t\t<\/div>\n\t\t\t\t\t<\/div>\n\t\t<\/section>\n\t\t\t\t<\/div>","protected":false},"excerpt":{"rendered":"<p>Bei einer Arthritis im Fu\u00df handelt es sich um eine entz\u00fcndliche Gelenkserkrankung, die meist das Fu\u00df- oder Sprunggelenk betrifft (Sprunggelenksarthritis). Die infektionsbedingte Arthritis im Fu\u00df Eine m\u00f6gliche Ursache ist eine infektionsbedingte Arthritis: Dabei gelangen Bakterien oder andere Erreger \u00fcber eine Verletzung oder nach einer Operation in das Gelenk und l\u00f6sen dort eine Entz\u00fcndung aus. Diese [&hellip;]<\/p>\n","protected":false},"author":1,"featured_media":128,"parent":1624,"menu_order":0,"comment_status":"closed","ping_status":"closed","template":"","meta":{"_acf_changed":false,"footnotes":""},"class_list":["post-79","page","type-page","status-publish","has-post-thumbnail","hentry"],"acf":[],"_links":{"self":[{"href":"https:\/\/orthopaede-drschuh.at\/en\/wp-json\/wp\/v2\/pages\/79","targetHints":{"allow":["GET"]}}],"collection":[{"href":"https:\/\/orthopaede-drschuh.at\/en\/wp-json\/wp\/v2\/pages"}],"about":[{"href":"https:\/\/orthopaede-drschuh.at\/en\/wp-json\/wp\/v2\/types\/page"}],"author":[{"embeddable":true,"href":"https:\/\/orthopaede-drschuh.at\/en\/wp-json\/wp\/v2\/users\/1"}],"replies":[{"embeddable":true,"href":"https:\/\/orthopaede-drschuh.at\/en\/wp-json\/wp\/v2\/comments?post=79"}],"version-history":[{"count":4,"href":"https:\/\/orthopaede-drschuh.at\/en\/wp-json\/wp\/v2\/pages\/79\/revisions"}],"predecessor-version":[{"id":4154,"href":"https:\/\/orthopaede-drschuh.at\/en\/wp-json\/wp\/v2\/pages\/79\/revisions\/4154"}],"up":[{"embeddable":true,"href":"https:\/\/orthopaede-drschuh.at\/en\/wp-json\/wp\/v2\/pages\/1624"}],"wp:featuredmedia":[{"embeddable":true,"href":"https:\/\/orthopaede-drschuh.at\/en\/wp-json\/wp\/v2\/media\/128"}],"wp:attachment":[{"href":"https:\/\/orthopaede-drschuh.at\/en\/wp-json\/wp\/v2\/media?parent=79"}],"curies":[{"name":"wp","href":"https:\/\/api.w.org\/{rel}","templated":true}]}}